{"id":5051,"date":"2019-03-15T11:31:28","date_gmt":"2019-03-15T14:31:28","guid":{"rendered":"https:\/\/www.universoeletrico.com.br\/design\/?post_type=product&#038;p=5051"},"modified":"2026-04-08T10:43:07","modified_gmt":"2026-04-08T13:43:07","slug":"luminaria-led-retangular-elegance","status":"publish","type":"product","link":"https:\/\/www.universoeletrico.com.br\/design\/produto\/luminaria-led-retangular-elegance","title":{"rendered":"LUMINARIA LED SLIM 36\/40W 6000K\/6500K BI"},"content":{"rendered":"<p>A lumin\u00e1ria LED \u00e9 indicada para ilumina\u00e7\u00e3o geral, em ambientes internos como resid\u00eancias, lojas e escrit\u00f3rios. Ela j\u00e1 vem com led incluso e com lente de policarbonato e hermeticamente fechada.<\/p>\n<p>BIVOLT Autom\u00e1tico: 100V\u2013240V.<br \/>\n\u00cdndice de Prote\u00e7\u00e3o: IP20.<br \/>\nIRC: &gt;70.<br \/>\nN\u00e3o Dimeriz\u00e1vel.<\/p>\n<p>outras op\u00e7\u00f5es de tamanhos e tempertura de cor<br \/>\n251648 &#8211; LUMINARIA LED SLIM 18W 6000K\/6500K BIV<\/p>\n<p>251756 &#8211; LUMINARIA LED SLIM 36W 4000K BIV<\/p>\n<p>251890 &#8211; LUMINARIA LED SLIM 18W 4000K BIV<\/p>\n<p>255100- LUMINARIA LED SLIM 18W 3000K BIV<\/p>\n<p>255101 &#8211; LUMINARIA LED SLIM 36W 3000K BIV<\/p>\n<p>&nbsp;<\/p>\n","protected":false},"excerpt":{"rendered":"<p>A lumin\u00e1ria LED \u00e9 indicada para ilumina\u00e7\u00e3o geral, em ambientes internos como resid\u00eancias, lojas e escrit\u00f3rios. Ela j\u00e1 vem com led incluso e com lente de policarbonato e hermeticamente fechada. BIVOLT Autom\u00e1tico: 100V\u2013240V. \u00cdndice de Prote\u00e7\u00e3o: IP20. IRC: &gt;70. N\u00e3o Dimeriz\u00e1vel. outras op\u00e7\u00f5es de tamanhos e tempertura de cor 251648 &#8211; LUMINARIA LED SLIM 18W [&hellip;]<\/p>\n","protected":false},"featured_media":11850,"template":"","meta":[],"product_brand":[],"product_cat":[20,24,16],"product_tag":[],"class_list":{"0":"post-5051","1":"product","2":"type-product","3":"status-publish","4":"has-post-thumbnail","6":"product_cat-comercial","7":"product_cat-plafon-e-sobrepor","8":"product_cat-residencial-e-predial","10":"first","11":"instock","12":"shipping-taxable","13":"purchasable","14":"product-type-simple"},"_links":{"self":[{"href":"https:\/\/www.universoeletrico.com.br\/design\/wp-json\/wp\/v2\/product\/5051","targetHints":{"allow":["GET"]}}],"collection":[{"href":"https:\/\/www.universoeletrico.com.br\/design\/wp-json\/wp\/v2\/product"}],"about":[{"href":"https:\/\/www.universoeletrico.com.br\/design\/wp-json\/wp\/v2\/types\/product"}],"wp:featuredmedia":[{"embeddable":true,"href":"https:\/\/www.universoeletrico.com.br\/design\/wp-json\/wp\/v2\/media\/11850"}],"wp:attachment":[{"href":"https:\/\/www.universoeletrico.com.br\/design\/wp-json\/wp\/v2\/media?parent=5051"}],"wp:term":[{"taxonomy":"product_brand","embeddable":true,"href":"https:\/\/www.universoeletrico.com.br\/design\/wp-json\/wp\/v2\/product_brand?post=5051"},{"taxonomy":"product_cat","embeddable":true,"href":"https:\/\/www.universoeletrico.com.br\/design\/wp-json\/wp\/v2\/product_cat?post=5051"},{"taxonomy":"product_tag","embeddable":true,"href":"https:\/\/www.universoeletrico.com.br\/design\/wp-json\/wp\/v2\/product_tag?post=5051"}],"curies":[{"name":"wp","href":"https:\/\/api.w.org\/{rel}","templated":true}]}}