{"id":4971,"date":"2019-03-15T10:19:05","date_gmt":"2019-03-15T13:19:05","guid":{"rendered":"https:\/\/www.universoeletrico.com.br\/design\/?post_type=product&#038;p=4971"},"modified":"2026-01-15T15:49:35","modified_gmt":"2026-01-15T18:49:35","slug":"lampada-filamento-led-vela-vintage-e-14","status":"publish","type":"product","link":"https:\/\/www.universoeletrico.com.br\/design\/produto\/lampada-filamento-led-vela-vintage-e-14","title":{"rendered":"L\u00e2mpada Filamento Led Vela vintage E-14"},"content":{"rendered":"<p>Potencia : 2w \u2013 30968 .<br \/>\nBase : E14<br \/>\nTemperatura de cor : 2400k (Amarela)<\/p>\n<p>As velas led substituem as antigas l\u00e2mpadas incandescentes tipo vela em lumin\u00e1rias decorativas e lustres e com todo o aconchego e<br \/>\nCorrente nominal: 0,031A(127V) \/ 0,022A(220V)eleg\u00e2ncia do filamento de led 2400k . 2380\u2033 \/>Base: E14<br \/>\nTens\u00e3o: AC 127V ou 220V<br \/>\nFator de pot\u00eancia: 0.40<br \/>\nFluxo luminoso: 200lm<br \/>\nEfici\u00eancia luminosa: 100lm\/W<br \/>\n\u00c2ngulo de abertura: 270\u00b0<br \/>\nIRC: >80<br \/>\nVida \u00fatil (L70): 15.000h<br \/>\nTemp. de opera\u00e7\u00e3o: -10\u00b0C ~ 45\u00b0C<br \/>\nGarantia: 2 anos<\/p>\n<p>Para mais informa\u00e7\u00f5es t\u00e9cnicas e outras pot\u00eancias nos consulte .<\/p>\n","protected":false},"excerpt":{"rendered":"<p>Potencia : 2w \u2013 30968 . Base : E14 Temperatura de cor : 2400k (Amarela) As velas led substituem as antigas l\u00e2mpadas incandescentes tipo vela em lumin\u00e1rias decorativas e lustres e com todo o aconchego e Corrente nominal: 0,031A(127V) \/ 0,022A(220V)eleg\u00e2ncia do filamento de led 2400k . 2380\u2033 \/>Base: E14 Tens\u00e3o: AC 127V ou 220V [&hellip;]<\/p>\n","protected":false},"featured_media":4972,"template":"","meta":[],"product_brand":[],"product_cat":[42,45],"product_tag":[],"class_list":{"0":"post-4971","1":"product","2":"type-product","3":"status-publish","4":"has-post-thumbnail","6":"product_cat-fitas-e-lampadas","7":"product_cat-lampadas-de-led","9":"first","10":"instock","11":"shipping-taxable","12":"purchasable","13":"product-type-simple"},"_links":{"self":[{"href":"https:\/\/www.universoeletrico.com.br\/design\/wp-json\/wp\/v2\/product\/4971","targetHints":{"allow":["GET"]}}],"collection":[{"href":"https:\/\/www.universoeletrico.com.br\/design\/wp-json\/wp\/v2\/product"}],"about":[{"href":"https:\/\/www.universoeletrico.com.br\/design\/wp-json\/wp\/v2\/types\/product"}],"wp:featuredmedia":[{"embeddable":true,"href":"https:\/\/www.universoeletrico.com.br\/design\/wp-json\/wp\/v2\/media\/4972"}],"wp:attachment":[{"href":"https:\/\/www.universoeletrico.com.br\/design\/wp-json\/wp\/v2\/media?parent=4971"}],"wp:term":[{"taxonomy":"product_brand","embeddable":true,"href":"https:\/\/www.universoeletrico.com.br\/design\/wp-json\/wp\/v2\/product_brand?post=4971"},{"taxonomy":"product_cat","embeddable":true,"href":"https:\/\/www.universoeletrico.com.br\/design\/wp-json\/wp\/v2\/product_cat?post=4971"},{"taxonomy":"product_tag","embeddable":true,"href":"https:\/\/www.universoeletrico.com.br\/design\/wp-json\/wp\/v2\/product_tag?post=4971"}],"curies":[{"name":"wp","href":"https:\/\/api.w.org\/{rel}","templated":true}]}}