{"id":4719,"date":"2019-03-14T09:41:06","date_gmt":"2019-03-14T12:41:06","guid":{"rendered":"https:\/\/www.universoeletrico.com.br\/design\/?post_type=product&#038;p=4719"},"modified":"2026-01-15T15:51:29","modified_gmt":"2026-01-15T18:51:29","slug":"pendente-madeira-barril-305-mg","status":"publish","type":"product","link":"https:\/\/www.universoeletrico.com.br\/design\/produto\/pendente-madeira-barril-305-mg","title":{"rendered":"Pendente Madeira Barril -305-Mg"},"content":{"rendered":"<p>PENDENTE BARRIL MADEIRA RIPADO EXCELENTE ACABAMENTO COR IMBUIA CABOS COM REGULAGEM DE ALTURA<\/p>\n<p>SOQUETE E-27 COMPAT\u00cdVEL COM L\u00c2MPADAS LEDS E HALOGENAS CONVENCIONAIS<br \/>\nOP\u00c7\u00d5ES DE TAMANHOS<\/p>\n<p>34 \u2013 CM \u2013 SOB CONSULTA<br \/>\n70 \u2013 CM \u2013 SOB CONSULTA<br \/>\n1,00 \u2013 MT \u2013 252014 imbuia<\/p>\n","protected":false},"excerpt":{"rendered":"<p>PENDENTE BARRIL MADEIRA RIPADO EXCELENTE ACABAMENTO COR IMBUIA CABOS COM REGULAGEM DE ALTURA SOQUETE E-27 COMPAT\u00cdVEL COM L\u00c2MPADAS LEDS E HALOGENAS CONVENCIONAIS OP\u00c7\u00d5ES DE TAMANHOS 34 \u2013 CM \u2013 SOB CONSULTA 70 \u2013 CM \u2013 SOB CONSULTA 1,00 \u2013 MT \u2013 252014 imbuia<\/p>\n","protected":false},"featured_media":4720,"template":"","meta":[],"product_brand":[],"product_cat":[27,16],"product_tag":[],"class_list":{"0":"post-4719","1":"product","2":"type-product","3":"status-publish","4":"has-post-thumbnail","6":"product_cat-pendente","7":"product_cat-residencial-e-predial","9":"first","10":"instock","11":"shipping-taxable","12":"purchasable","13":"product-type-simple"},"_links":{"self":[{"href":"https:\/\/www.universoeletrico.com.br\/design\/wp-json\/wp\/v2\/product\/4719","targetHints":{"allow":["GET"]}}],"collection":[{"href":"https:\/\/www.universoeletrico.com.br\/design\/wp-json\/wp\/v2\/product"}],"about":[{"href":"https:\/\/www.universoeletrico.com.br\/design\/wp-json\/wp\/v2\/types\/product"}],"wp:featuredmedia":[{"embeddable":true,"href":"https:\/\/www.universoeletrico.com.br\/design\/wp-json\/wp\/v2\/media\/4720"}],"wp:attachment":[{"href":"https:\/\/www.universoeletrico.com.br\/design\/wp-json\/wp\/v2\/media?parent=4719"}],"wp:term":[{"taxonomy":"product_brand","embeddable":true,"href":"https:\/\/www.universoeletrico.com.br\/design\/wp-json\/wp\/v2\/product_brand?post=4719"},{"taxonomy":"product_cat","embeddable":true,"href":"https:\/\/www.universoeletrico.com.br\/design\/wp-json\/wp\/v2\/product_cat?post=4719"},{"taxonomy":"product_tag","embeddable":true,"href":"https:\/\/www.universoeletrico.com.br\/design\/wp-json\/wp\/v2\/product_tag?post=4719"}],"curies":[{"name":"wp","href":"https:\/\/api.w.org\/{rel}","templated":true}]}}