{"id":4415,"date":"2019-03-12T09:27:43","date_gmt":"2019-03-12T12:27:43","guid":{"rendered":"https:\/\/www.universoeletrico.com.br\/design\/?post_type=product&#038;p=4415"},"modified":"2026-01-15T15:53:42","modified_gmt":"2026-01-15T18:53:42","slug":"lustre-cristal-soho-cuba-cromo","status":"publish","type":"product","link":"https:\/\/www.universoeletrico.com.br\/design\/produto\/lustre-cristal-soho-cuba-cromo","title":{"rendered":"Lustre Cristal Soho Cuba Cromo"},"content":{"rendered":"<p>Pendentes com design arrojado deixam o ambiente mais sofisticado e iluminado este Pendente Cuba chromo e com cristais tem di\u00e2metro de 50 cm e cabos com regulagem de altura e com capacidade para 6 l\u00e2mpadas G-9 led ou Halogenas (vendidas separadamente) v\u00e3o deixar sua sala maravilhosa.<br \/>\nop\u00e7\u00f5es de cores do vidro<br \/>\nop\u00e7\u00f5es de Cor: \u00e2mbar- Crhomado \u2013 caf\u00e9<br \/>\npendente crhomado \u2013 50cm \u2013 252168<br \/>\nPendente \u00e2mbar \u2013 50cm \u2013 252211<br \/>\npendente caf\u00e9 \u2013 50cm \u2013 252202<br \/>\nMaterial: Cristal, vidro e metal<br \/>\nsoquete: G9<br \/>\nLampada: compat\u00edvel 6 x G9 \u2013 Led ou halogenas convencionais vendidos separadamente<br \/>\nMedidas: \u00d850cm x 20cm<br \/>\nTensao: Bivolt<\/p>\n","protected":false},"excerpt":{"rendered":"<p>Pendentes com design arrojado deixam o ambiente mais sofisticado e iluminado este Pendente Cuba chromo e com cristais tem di\u00e2metro de 50 cm e cabos com regulagem de altura e com capacidade para 6 l\u00e2mpadas G-9 led ou Halogenas (vendidas separadamente) v\u00e3o deixar sua sala maravilhosa. op\u00e7\u00f5es de cores do vidro op\u00e7\u00f5es de Cor: \u00e2mbar- [&hellip;]<\/p>\n","protected":false},"featured_media":4416,"template":"","meta":[],"product_brand":[],"product_cat":[23,16],"product_tag":[],"class_list":{"0":"post-4415","1":"product","2":"type-product","3":"status-publish","4":"has-post-thumbnail","6":"product_cat-lustre-e-pendentes","7":"product_cat-residencial-e-predial","9":"first","10":"instock","11":"shipping-taxable","12":"purchasable","13":"product-type-simple"},"_links":{"self":[{"href":"https:\/\/www.universoeletrico.com.br\/design\/wp-json\/wp\/v2\/product\/4415","targetHints":{"allow":["GET"]}}],"collection":[{"href":"https:\/\/www.universoeletrico.com.br\/design\/wp-json\/wp\/v2\/product"}],"about":[{"href":"https:\/\/www.universoeletrico.com.br\/design\/wp-json\/wp\/v2\/types\/product"}],"wp:featuredmedia":[{"embeddable":true,"href":"https:\/\/www.universoeletrico.com.br\/design\/wp-json\/wp\/v2\/media\/4416"}],"wp:attachment":[{"href":"https:\/\/www.universoeletrico.com.br\/design\/wp-json\/wp\/v2\/media?parent=4415"}],"wp:term":[{"taxonomy":"product_brand","embeddable":true,"href":"https:\/\/www.universoeletrico.com.br\/design\/wp-json\/wp\/v2\/product_brand?post=4415"},{"taxonomy":"product_cat","embeddable":true,"href":"https:\/\/www.universoeletrico.com.br\/design\/wp-json\/wp\/v2\/product_cat?post=4415"},{"taxonomy":"product_tag","embeddable":true,"href":"https:\/\/www.universoeletrico.com.br\/design\/wp-json\/wp\/v2\/product_tag?post=4415"}],"curies":[{"name":"wp","href":"https:\/\/api.w.org\/{rel}","templated":true}]}}