{"id":4344,"date":"2019-03-11T11:20:47","date_gmt":"2019-03-11T14:20:47","guid":{"rendered":"https:\/\/www.universoeletrico.com.br\/design\/?post_type=product&#038;p=4344"},"modified":"2026-01-15T15:53:44","modified_gmt":"2026-01-15T18:53:44","slug":"lustre-cristai-ambar-15-bracos","status":"publish","type":"product","link":"https:\/\/www.universoeletrico.com.br\/design\/produto\/lustre-cristai-ambar-15-bracos","title":{"rendered":"Lustre cristai \u00c2mbar 15 Bra\u00e7os"},"content":{"rendered":"<p>Lustre cristai \u00c2mbar 15 Bra\u00e7os \u2013 1046711<br \/>\nMedida: \u00f880 x H74-274cm<br \/>\nL\u00e2mpada: 15 x E14-40W<br \/>\nMaterial: A\u00e7o, Vidro, Cristal<br \/>\nAcabamento: Cromado<\/p>\n","protected":false},"excerpt":{"rendered":"<p>Lustre cristai \u00c2mbar 15 Bra\u00e7os \u2013 1046711 Medida: \u00f880 x H74-274cm L\u00e2mpada: 15 x E14-40W Material: A\u00e7o, Vidro, Cristal Acabamento: Cromado<\/p>\n","protected":false},"featured_media":4345,"template":"","meta":[],"product_brand":[],"product_cat":[23,16],"product_tag":[],"class_list":{"0":"post-4344","1":"product","2":"type-product","3":"status-publish","4":"has-post-thumbnail","6":"product_cat-lustre-e-pendentes","7":"product_cat-residencial-e-predial","9":"first","10":"instock","11":"shipping-taxable","12":"purchasable","13":"product-type-simple"},"_links":{"self":[{"href":"https:\/\/www.universoeletrico.com.br\/design\/wp-json\/wp\/v2\/product\/4344","targetHints":{"allow":["GET"]}}],"collection":[{"href":"https:\/\/www.universoeletrico.com.br\/design\/wp-json\/wp\/v2\/product"}],"about":[{"href":"https:\/\/www.universoeletrico.com.br\/design\/wp-json\/wp\/v2\/types\/product"}],"wp:featuredmedia":[{"embeddable":true,"href":"https:\/\/www.universoeletrico.com.br\/design\/wp-json\/wp\/v2\/media\/4345"}],"wp:attachment":[{"href":"https:\/\/www.universoeletrico.com.br\/design\/wp-json\/wp\/v2\/media?parent=4344"}],"wp:term":[{"taxonomy":"product_brand","embeddable":true,"href":"https:\/\/www.universoeletrico.com.br\/design\/wp-json\/wp\/v2\/product_brand?post=4344"},{"taxonomy":"product_cat","embeddable":true,"href":"https:\/\/www.universoeletrico.com.br\/design\/wp-json\/wp\/v2\/product_cat?post=4344"},{"taxonomy":"product_tag","embeddable":true,"href":"https:\/\/www.universoeletrico.com.br\/design\/wp-json\/wp\/v2\/product_tag?post=4344"}],"curies":[{"name":"wp","href":"https:\/\/api.w.org\/{rel}","templated":true}]}}