{"id":4329,"date":"2019-03-11T11:11:26","date_gmt":"2019-03-11T14:11:26","guid":{"rendered":"https:\/\/www.universoeletrico.com.br\/design\/?post_type=product&#038;p=4329"},"modified":"2026-01-15T15:53:45","modified_gmt":"2026-01-15T18:53:45","slug":"lustre-cristal-maria-tereza-55-velas","status":"publish","type":"product","link":"https:\/\/www.universoeletrico.com.br\/design\/produto\/lustre-cristal-maria-tereza-55-velas","title":{"rendered":"Lustre Cristal Maria Tereza 55 Velas"},"content":{"rendered":"<p>Lustre cristal Maria Tereza 55, excelente op\u00e7\u00e3o para sal\u00f5es, igrejas, hall e outros ambientes com p\u00e9 direito alto<\/p>\n<p>Lustre cristal Maria Tereza 55 \u2013 1046635<br \/>\nDIMENS\u00d5ES: \u00d8 di\u00e2m. 162cm X H Altura 201cm<br \/>\nSoquete E-14 com 55 lampada velas E-14 led ou filamento vendidas separadentes<\/p>\n<p>op\u00e7\u00f5es de cristal com cores sob consulta<br \/>\nTRANSPARENTE<br \/>\nBLACK TRANSPARENTE<br \/>\nDARK CONHAQUE<\/p>\n","protected":false},"excerpt":{"rendered":"<p>Lustre cristal Maria Tereza 55, excelente op\u00e7\u00e3o para sal\u00f5es, igrejas, hall e outros ambientes com p\u00e9 direito alto Lustre cristal Maria Tereza 55 \u2013 1046635 DIMENS\u00d5ES: \u00d8 di\u00e2m. 162cm X H Altura 201cm Soquete E-14 com 55 lampada velas E-14 led ou filamento vendidas separadentes op\u00e7\u00f5es de cristal com cores sob consulta TRANSPARENTE BLACK TRANSPARENTE [&hellip;]<\/p>\n","protected":false},"featured_media":4330,"template":"","meta":[],"product_brand":[],"product_cat":[23,16],"product_tag":[],"class_list":{"0":"post-4329","1":"product","2":"type-product","3":"status-publish","4":"has-post-thumbnail","6":"product_cat-lustre-e-pendentes","7":"product_cat-residencial-e-predial","9":"first","10":"instock","11":"shipping-taxable","12":"purchasable","13":"product-type-simple"},"_links":{"self":[{"href":"https:\/\/www.universoeletrico.com.br\/design\/wp-json\/wp\/v2\/product\/4329","targetHints":{"allow":["GET"]}}],"collection":[{"href":"https:\/\/www.universoeletrico.com.br\/design\/wp-json\/wp\/v2\/product"}],"about":[{"href":"https:\/\/www.universoeletrico.com.br\/design\/wp-json\/wp\/v2\/types\/product"}],"wp:featuredmedia":[{"embeddable":true,"href":"https:\/\/www.universoeletrico.com.br\/design\/wp-json\/wp\/v2\/media\/4330"}],"wp:attachment":[{"href":"https:\/\/www.universoeletrico.com.br\/design\/wp-json\/wp\/v2\/media?parent=4329"}],"wp:term":[{"taxonomy":"product_brand","embeddable":true,"href":"https:\/\/www.universoeletrico.com.br\/design\/wp-json\/wp\/v2\/product_brand?post=4329"},{"taxonomy":"product_cat","embeddable":true,"href":"https:\/\/www.universoeletrico.com.br\/design\/wp-json\/wp\/v2\/product_cat?post=4329"},{"taxonomy":"product_tag","embeddable":true,"href":"https:\/\/www.universoeletrico.com.br\/design\/wp-json\/wp\/v2\/product_tag?post=4329"}],"curies":[{"name":"wp","href":"https:\/\/api.w.org\/{rel}","templated":true}]}}