{"id":4304,"date":"2019-03-11T10:48:17","date_gmt":"2019-03-11T13:48:17","guid":{"rendered":"https:\/\/www.universoeletrico.com.br\/design\/?post_type=product&#038;p=4304"},"modified":"2026-01-15T15:53:46","modified_gmt":"2026-01-15T18:53:46","slug":"lustre-cristal-quadrado-600","status":"publish","type":"product","link":"https:\/\/www.universoeletrico.com.br\/design\/produto\/lustre-cristal-quadrado-600","title":{"rendered":"Lustre Cristal Quadrado 600"},"content":{"rendered":"<p>lustre Pendente em metal e cristal- 1046646<br \/>\nMaterial: A\u00e7o e Cristal<br \/>\nCor: Cromado | Transparente<br \/>\nSoquete: G9<br \/>\nLampada: 13 x G9 lampada g-9 led vendidas separadamente<br \/>\nMedidas: 58cm x 58cm x 26cm<\/p>\n<p>op\u00e7\u00e3o com cristais ambar \u2013 1046647<\/p>\n<p>Lustre Pendente em metal e cristal<br \/>\nMaterial: A\u00e7o e Cristal \u00e2mbar<br \/>\nCor: Cromado |\u00e2mbar<br \/>\nSoquete: G9<br \/>\nLampada: 13 x G9 lampada g-9 led vendidas separadamente<br \/>\nMedidas: 58cm x 58cm x 26cm<\/p>\n","protected":false},"excerpt":{"rendered":"<p>lustre Pendente em metal e cristal- 1046646 Material: A\u00e7o e Cristal Cor: Cromado | Transparente Soquete: G9 Lampada: 13 x G9 lampada g-9 led vendidas separadamente Medidas: 58cm x 58cm x 26cm op\u00e7\u00e3o com cristais ambar \u2013 1046647 Lustre Pendente em metal e cristal Material: A\u00e7o e Cristal \u00e2mbar Cor: Cromado |\u00e2mbar Soquete: G9 Lampada: [&hellip;]<\/p>\n","protected":false},"featured_media":4305,"template":"","meta":[],"product_brand":[],"product_cat":[23,16],"product_tag":[],"class_list":{"0":"post-4304","1":"product","2":"type-product","3":"status-publish","4":"has-post-thumbnail","6":"product_cat-lustre-e-pendentes","7":"product_cat-residencial-e-predial","9":"first","10":"instock","11":"shipping-taxable","12":"purchasable","13":"product-type-simple"},"_links":{"self":[{"href":"https:\/\/www.universoeletrico.com.br\/design\/wp-json\/wp\/v2\/product\/4304","targetHints":{"allow":["GET"]}}],"collection":[{"href":"https:\/\/www.universoeletrico.com.br\/design\/wp-json\/wp\/v2\/product"}],"about":[{"href":"https:\/\/www.universoeletrico.com.br\/design\/wp-json\/wp\/v2\/types\/product"}],"wp:featuredmedia":[{"embeddable":true,"href":"https:\/\/www.universoeletrico.com.br\/design\/wp-json\/wp\/v2\/media\/4305"}],"wp:attachment":[{"href":"https:\/\/www.universoeletrico.com.br\/design\/wp-json\/wp\/v2\/media?parent=4304"}],"wp:term":[{"taxonomy":"product_brand","embeddable":true,"href":"https:\/\/www.universoeletrico.com.br\/design\/wp-json\/wp\/v2\/product_brand?post=4304"},{"taxonomy":"product_cat","embeddable":true,"href":"https:\/\/www.universoeletrico.com.br\/design\/wp-json\/wp\/v2\/product_cat?post=4304"},{"taxonomy":"product_tag","embeddable":true,"href":"https:\/\/www.universoeletrico.com.br\/design\/wp-json\/wp\/v2\/product_tag?post=4304"}],"curies":[{"name":"wp","href":"https:\/\/api.w.org\/{rel}","templated":true}]}}