{"id":11892,"date":"2026-04-30T16:05:52","date_gmt":"2026-04-30T19:05:52","guid":{"rendered":"https:\/\/www.universoeletrico.com.br\/design\/?post_type=product&#038;p=11892"},"modified":"2026-04-30T16:05:52","modified_gmt":"2026-04-30T19:05:52","slug":"fita-led-10w-24v-2700k-7000lm-ip68-5m","status":"publish","type":"product","link":"https:\/\/www.universoeletrico.com.br\/design\/produto\/fita-led-10w-24v-2700k-7000lm-ip68-5m","title":{"rendered":"*FITA LED 10W 24V 2700K 7000LM IP68 5M"},"content":{"rendered":"<p>Com IRC 95 e resist\u00eancia superior para suportar condi\u00e7\u00f5es extremas, as Fitas Thermo s\u00e3o projetadas <mark class=\"HxTRcb\" data-sfc-root=\"c\" data-sfc-cb=\"\" data-sae=\"\" data-complete=\"true\">\u00a0para resistir a condi\u00e7\u00f5es extremas de temperatura e umidade<\/mark>. Com uma temperatura de cor de\u00a0<strong class=\"Yjhzub\" data-sfc-root=\"c\" data-sfc-cb=\"\" data-complete=\"true\" data-processed=\"true\">2400K (Luz \u00c2mbar\/Super Quente)<\/strong>, ela proporciona uma ilumina\u00e7\u00e3o extremamente aconchegante, ideal para ambientes de relaxamento em aplica\u00e7\u00f5es externas ou em ambientes indoor expostos ao calor e \u00e0 umidade, como saunas, vesti\u00e1rios e banheiros.<\/p>\n<div class=\"otQkpb\" role=\"heading\" aria-level=\"3\" data-animation-nesting=\"\" data-sfc-cp=\"\" data-sfc-root=\"c\" data-sfc-cb=\"\" data-complete=\"true\" data-processed=\"true\" data-sae=\"\">Especifica\u00e7\u00f5es T\u00e9cnicas<\/div>\n<div class=\"n6owBd awi2gc\" data-sfc-cp=\"\" data-sfc-root=\"c\" data-sfc-cb=\"\" data-hveid=\"CAEIBBAA\" data-complete=\"true\" data-processed=\"true\">Baseado nos dados do fabricante e de lojistas especializados:<\/div>\n<ul class=\"KsbFXc U6u95\" data-sfc-root=\"c\" data-sfc-cb=\"\" data-complete=\"true\" data-processed=\"true\">\n<li class=\"Z1qcYe\" data-sfc-cp=\"\" data-sfc-root=\"c\" data-sfc-cb=\"\" data-hveid=\"CAEIBRAA\" data-complete=\"true\" data-sae=\"\"><span class=\"T286Pc\" data-sfc-cp=\"\" data-sfc-root=\"c\" data-sfc-cb=\"\" data-complete=\"true\"><strong class=\"Yjhzub\" data-sfc-root=\"c\" data-sfc-cb=\"\" data-complete=\"true\">Pot\u00eancia:<\/strong>\u00a010W por metro.<\/span><\/li>\n<li class=\"Z1qcYe\" data-sfc-cp=\"\" data-sfc-root=\"c\" data-sfc-cb=\"\" data-hveid=\"CAEIBRAB\" data-complete=\"true\" data-sae=\"\"><span class=\"T286Pc\" data-sfc-cp=\"\" data-sfc-root=\"c\" data-sfc-cb=\"\" data-complete=\"true\"><strong class=\"Yjhzub\" data-sfc-root=\"c\" data-sfc-cb=\"\" data-complete=\"true\">Tens\u00e3o:<\/strong>\u00a024V (requer fonte\/driver de 24V n\u00e3o inclusa).<\/span><\/li>\n<li class=\"Z1qcYe\" data-sfc-cp=\"\" data-sfc-root=\"c\" data-sfc-cb=\"\" data-hveid=\"CAEIBRAC\" data-complete=\"true\" data-sae=\"\"><span class=\"T286Pc\" data-sfc-cp=\"\" data-sfc-root=\"c\" data-sfc-cb=\"\" data-complete=\"true\"><strong class=\"Yjhzub\" data-sfc-root=\"c\" data-sfc-cb=\"\" data-complete=\"true\">Fluxo Luminoso:<\/strong>\u00a0650 l\u00famens por metro.<\/span><\/li>\n<li class=\"Z1qcYe\" data-sfc-cp=\"\" data-sfc-root=\"c\" data-sfc-cb=\"\" data-hveid=\"CAEIBRAD\" data-complete=\"true\" data-sae=\"\"><span class=\"T286Pc\" data-sfc-cp=\"\" data-sfc-root=\"c\" data-sfc-cb=\"\" data-complete=\"true\"><strong class=\"Yjhzub\" data-sfc-root=\"c\" data-sfc-cb=\"\" data-complete=\"true\">\u00cdndice de Prote\u00e7\u00e3o:<\/strong>\u00a0<strong class=\"Yjhzub\" data-sfc-root=\"c\" data-sfc-cb=\"\" data-complete=\"true\">IP68<\/strong>, totalmente protegida contra poeira e submers\u00e3o prolongada em \u00e1gua (exceto em contato com cloro de piscinas).<\/span><\/li>\n<li class=\"Z1qcYe\" data-sfc-cp=\"\" data-sfc-root=\"c\" data-sfc-cb=\"\" data-hveid=\"CAEIBRAE\" data-complete=\"true\" data-sae=\"\"><span class=\"T286Pc\" data-sfc-cp=\"\" data-sfc-root=\"c\" data-sfc-cb=\"\" data-complete=\"true\"><strong class=\"Yjhzub\" data-sfc-root=\"c\" data-sfc-cb=\"\" data-complete=\"true\">\u00cdndice de Reprodu\u00e7\u00e3o de Cor (IRC):<\/strong>\u00a0Superior a 96, garantindo alt\u00edssima fidelidade de cores.<\/span><\/li>\n<li class=\"Z1qcYe\" data-sfc-cp=\"\" data-sfc-root=\"c\" data-sfc-cb=\"\" data-hveid=\"CAEIBRAF\" data-complete=\"true\" data-sae=\"\"><span class=\"T286Pc\" data-sfc-cp=\"\" data-sfc-root=\"c\" data-sfc-cb=\"\" data-complete=\"true\"><strong class=\"Yjhzub\" data-sfc-root=\"c\" data-sfc-cb=\"\" data-complete=\"true\">Resist\u00eancia T\u00e9rmica:<\/strong>\u00a0Opera continuamente em temperaturas de\u00a0<strong class=\"Yjhzub\" data-sfc-root=\"c\" data-sfc-cb=\"\" data-complete=\"true\">-10\u00b0C a 105\u00b0C<\/strong>, sendo indicada para saunas e \u00e1reas externas.<\/span><\/li>\n<li class=\"Z1qcYe\" data-sfc-cp=\"\" data-sfc-root=\"c\" data-sfc-cb=\"\" data-hveid=\"CAEIBRAG\" data-complete=\"true\" data-sae=\"\"><span class=\"T286Pc\" data-sfc-cp=\"\" data-sfc-root=\"c\" data-sfc-cb=\"\" data-complete=\"true\"><strong class=\"Yjhzub\" data-sfc-root=\"c\" data-sfc-cb=\"\" data-complete=\"true\">Dimens\u00f5es:<\/strong>\u00a0Rolo de 5 metros, com corte a cada 5 cm.<\/span><\/li>\n<li class=\"Z1qcYe\" data-sfc-cp=\"\" data-sfc-root=\"c\" data-sfc-cb=\"\" data-hveid=\"CAEIBRAH\" data-complete=\"true\" data-sae=\"\"><span class=\"T286Pc\" data-sfc-cp=\"\" data-sfc-root=\"c\" data-sfc-cb=\"\" data-complete=\"true\"><strong class=\"Yjhzub\" data-sfc-root=\"c\" data-sfc-cb=\"\" data-complete=\"true\">LEDs:<\/strong>\u00a0480 LEDs COB por metro, proporcionando luz linear cont\u00ednua sem pontos vis\u00edveis.<\/span><span class=\"uJ19be notranslate\" data-sfc-root=\"c\" data-wiz-uids=\"KRyT5e_1z,KRyT5e_20\" data-sfc-cb=\"\" data-complete=\"true\"><span class=\"vKEkVd\" data-animation-atomic=\"\" data-wiz-attrbind=\"class=KRyT5e_1y\/TKHnVd\" data-sae=\"\"><span aria-hidden=\"true\" aria-owns=\"action-menu-parent-container\">\u00a0<\/span><\/span><\/span><\/li>\n<\/ul>\n","protected":false},"excerpt":{"rendered":"<p>Com IRC 95 e resist\u00eancia superior para suportar condi\u00e7\u00f5es extremas, as Fitas Thermo s\u00e3o projetadas \u00a0para resistir a condi\u00e7\u00f5es extremas de temperatura e umidade. Com uma temperatura de cor de\u00a02400K (Luz \u00c2mbar\/Super Quente), ela proporciona uma ilumina\u00e7\u00e3o extremamente aconchegante, ideal para ambientes de relaxamento em aplica\u00e7\u00f5es externas ou em ambientes indoor expostos ao calor e [&hellip;]<\/p>\n","protected":false},"featured_media":11895,"template":"","meta":[],"product_brand":[],"product_cat":[43,42],"product_tag":[378,381,379,380],"class_list":{"0":"post-11892","1":"product","2":"type-product","3":"status-publish","4":"has-post-thumbnail","6":"product_cat-fita-led","7":"product_cat-fitas-e-lampadas","8":"product_tag-iluminacao-sauna","9":"product_tag-ilumincao-de-decks","10":"product_tag-ilumincao-submersa","11":"product_tag-ip68","13":"first","14":"instock","15":"shipping-taxable","16":"purchasable","17":"product-type-simple"},"_links":{"self":[{"href":"https:\/\/www.universoeletrico.com.br\/design\/wp-json\/wp\/v2\/product\/11892","targetHints":{"allow":["GET"]}}],"collection":[{"href":"https:\/\/www.universoeletrico.com.br\/design\/wp-json\/wp\/v2\/product"}],"about":[{"href":"https:\/\/www.universoeletrico.com.br\/design\/wp-json\/wp\/v2\/types\/product"}],"wp:featuredmedia":[{"embeddable":true,"href":"https:\/\/www.universoeletrico.com.br\/design\/wp-json\/wp\/v2\/media\/11895"}],"wp:attachment":[{"href":"https:\/\/www.universoeletrico.com.br\/design\/wp-json\/wp\/v2\/media?parent=11892"}],"wp:term":[{"taxonomy":"product_brand","embeddable":true,"href":"https:\/\/www.universoeletrico.com.br\/design\/wp-json\/wp\/v2\/product_brand?post=11892"},{"taxonomy":"product_cat","embeddable":true,"href":"https:\/\/www.universoeletrico.com.br\/design\/wp-json\/wp\/v2\/product_cat?post=11892"},{"taxonomy":"product_tag","embeddable":true,"href":"https:\/\/www.universoeletrico.com.br\/design\/wp-json\/wp\/v2\/product_tag?post=11892"}],"curies":[{"name":"wp","href":"https:\/\/api.w.org\/{rel}","templated":true}]}}