{"id":11873,"date":"2026-04-16T17:07:38","date_gmt":"2026-04-16T20:07:38","guid":{"rendered":"https:\/\/www.universoeletrico.com.br\/design\/?post_type=product&#038;p=11873"},"modified":"2026-04-16T17:08:07","modified_gmt":"2026-04-16T20:08:07","slug":"coluna-flip","status":"publish","type":"product","link":"https:\/\/www.universoeletrico.com.br\/design\/produto\/coluna-flip","title":{"rendered":"COLUNA FLIP"},"content":{"rendered":"<p>A coluna Flip \u00e9 uma elegante solu\u00e7\u00e3o de ilumina\u00e7\u00e3o que combina est\u00e9tica e funcionalidade, ideal para projetos de arquitetura moderna em ambientes residenciais e comerciais. como uma lumin\u00e1ria do tipo coluna, oferece ilumina\u00e7\u00e3o de destaque e design clean, elevando a sofistica\u00e7\u00e3o do espa\u00e7o. integrado \u00e0 cole\u00e7\u00e3o ecos, seu conceito valoriza a durabilidade e a beleza atemporal. essencial para interiores que buscam um toque minimalista e alta qualidade em lumin\u00e1rias.<\/p>\n<p>&nbsp;<\/p>\n<p>Pe\u00e7as Sob encomenda<\/p>\n","protected":false},"excerpt":{"rendered":"<p>A coluna Flip \u00e9 uma elegante solu\u00e7\u00e3o de ilumina\u00e7\u00e3o que combina est\u00e9tica e funcionalidade, ideal para projetos de arquitetura moderna em ambientes residenciais e comerciais. como uma lumin\u00e1ria do tipo coluna, oferece ilumina\u00e7\u00e3o de destaque e design clean, elevando a sofistica\u00e7\u00e3o do espa\u00e7o. integrado \u00e0 cole\u00e7\u00e3o ecos, seu conceito valoriza a durabilidade e a beleza atemporal. essencial para interiores que buscam um toque minimalista e alta qualidade em lumin\u00e1rias.<\/p>\n","protected":false},"featured_media":11875,"template":"","meta":[],"product_brand":[],"product_cat":[17,16],"product_tag":[366,365,218,357],"class_list":{"0":"post-11873","1":"product","2":"type-product","3":"status-publish","4":"has-post-thumbnail","6":"product_cat-abajour-e-luminaria-de-piso","7":"product_cat-residencial-e-predial","8":"product_tag-iluinacao-conteporanea","9":"product_tag-iluminacao-de-sal","10":"product_tag-iluminacao-de-sala","11":"product_tag-iluminacao-minimalista","13":"first","14":"instock","15":"shipping-taxable","16":"purchasable","17":"product-type-simple"},"_links":{"self":[{"href":"https:\/\/www.universoeletrico.com.br\/design\/wp-json\/wp\/v2\/product\/11873","targetHints":{"allow":["GET"]}}],"collection":[{"href":"https:\/\/www.universoeletrico.com.br\/design\/wp-json\/wp\/v2\/product"}],"about":[{"href":"https:\/\/www.universoeletrico.com.br\/design\/wp-json\/wp\/v2\/types\/product"}],"wp:featuredmedia":[{"embeddable":true,"href":"https:\/\/www.universoeletrico.com.br\/design\/wp-json\/wp\/v2\/media\/11875"}],"wp:attachment":[{"href":"https:\/\/www.universoeletrico.com.br\/design\/wp-json\/wp\/v2\/media?parent=11873"}],"wp:term":[{"taxonomy":"product_brand","embeddable":true,"href":"https:\/\/www.universoeletrico.com.br\/design\/wp-json\/wp\/v2\/product_brand?post=11873"},{"taxonomy":"product_cat","embeddable":true,"href":"https:\/\/www.universoeletrico.com.br\/design\/wp-json\/wp\/v2\/product_cat?post=11873"},{"taxonomy":"product_tag","embeddable":true,"href":"https:\/\/www.universoeletrico.com.br\/design\/wp-json\/wp\/v2\/product_tag?post=11873"}],"curies":[{"name":"wp","href":"https:\/\/api.w.org\/{rel}","templated":true}]}}