{"id":11862,"date":"2026-04-16T14:57:45","date_gmt":"2026-04-16T17:57:45","guid":{"rendered":"https:\/\/www.universoeletrico.com.br\/design\/?post_type=product&#038;p=11862"},"modified":"2026-04-16T14:57:46","modified_gmt":"2026-04-16T17:57:46","slug":"coluna-spin-1xe-27-169x70cm-imbuia","status":"publish","type":"product","link":"https:\/\/www.universoeletrico.com.br\/design\/produto\/coluna-spin-1xe-27-169x70cm-imbuia","title":{"rendered":"*COLUNA SPIN 1XE-27 169X70CM IMBUIA"},"content":{"rendered":"<div class=\"Y3BBE\" data-sfc-cp=\"\" data-sfc-root=\"c\" data-sfc-cb=\"\" data-hveid=\"CAEIAxAA\" data-complete=\"true\" data-processed=\"true\">Transforme a atmosfera da sua casa com lumin\u00e1rias de piso, elas s\u00e3o pe\u00e7as que transcende a fun\u00e7\u00e3o de iluminar para se tornar o ponto focal da sua decora\u00e7\u00e3o. Estes modelos unem leveza das formas geom\u00e9tricas \u00e0 robustez do material natural como a madeira e linho.<\/div>\n<div class=\"Y3BBE\" data-sfc-cp=\"\" data-sfc-root=\"c\" data-sfc-cb=\"\" data-hveid=\"CAEIBBAA\" data-complete=\"true\" data-processed=\"true\"><\/div>\n<ul class=\"KsbFXc U6u95\" data-sfc-root=\"c\" data-sfc-cb=\"\" data-processed=\"true\" data-complete=\"true\">\n<li class=\"dF3vjf\" data-sfc-root=\"c\" data-sfc-cb=\"\" data-hveid=\"CAEIBRAA\" data-complete=\"true\" data-sae=\"\"><span class=\"T286Pc\" data-sfc-cp=\"\" data-sfc-root=\"c\" data-sfc-cb=\"\" data-complete=\"true\"><strong class=\"Yjhzub\" data-sfc-root=\"c\" data-sfc-cb=\"\" data-complete=\"true\">Design Org\u00e2nico e Moderno:<\/strong>\u00a0Suas l\u00e2minas de madeira natural s\u00e3o cuidadosamente curvadas, criando um jogo de luz e sombra \u00fanico que traz aconchego imediato ao ambiente.<\/span><\/li>\n<li class=\"dF3vjf\" data-sfc-root=\"c\" data-sfc-cb=\"\" data-hveid=\"CAEIBRAB\" data-sae=\"\" data-complete=\"true\"><span class=\"T286Pc\" data-sfc-cp=\"\" data-sfc-root=\"c\" data-sfc-cb=\"\" data-complete=\"true\"><strong class=\"Yjhzub\" data-sfc-root=\"c\" data-sfc-cb=\"\" data-complete=\"true\">Versatilidade Impec\u00e1vel:<\/strong>\u00a0Com 1,65m de altura, ela \u00e9 a escolha perfeita para living rooms, escrit\u00f3rios de alto padr\u00e3o ou aquele canto de leitura especial que merece um toque de luxo.<\/span><\/li>\n<li class=\"dF3vjf\" data-sfc-root=\"c\" data-sfc-cb=\"\" data-hveid=\"CAEIBRAC\" data-complete=\"true\" data-processed=\"true\" data-sae=\"\"><span class=\"T286Pc\" data-sfc-cp=\"\" data-sfc-root=\"c\" data-sfc-cb=\"\" data-complete=\"true\"><strong class=\"Yjhzub\" data-sfc-root=\"c\" data-sfc-cb=\"\" data-complete=\"true\">Personaliza\u00e7\u00e3o:<\/strong>\u00a0Dispon\u00edvel em diversos acabamentos \u2014 desde o cl\u00e1ssico\u00a0<em class=\"eujQNb\" data-sfc-root=\"c\" data-sfc-cb=\"\" data-complete=\"true\">Louro Freij\u00f3<\/em>\u00a0at\u00e9 o sofisticado\u00a0<em class=\"eujQNb\" data-sfc-root=\"c\" data-sfc-cb=\"\" data-complete=\"true\">Nogueira<\/em>\u00a0\u2014 garantindo que a pe\u00e7a se integre perfeitamente \u00e0 sua paleta de cores.<\/span><\/li>\n<li class=\"dF3vjf\" data-sfc-root=\"c\" data-sfc-cb=\"\" data-hveid=\"CAEIBRAD\" data-complete=\"true\" data-processed=\"true\" data-sae=\"\"><span class=\"T286Pc\" data-sfc-cp=\"\" data-sfc-root=\"c\" data-sfc-cb=\"\" data-complete=\"true\"><strong class=\"Yjhzub\" data-sfc-root=\"c\" data-sfc-cb=\"\" data-complete=\"true\">Qualidade Artesanal:<\/strong>\u00a0Cada detalhe \u00e9 finalizado com precis\u00e3o t\u00e9cnica, garantindo durabilidade e uma est\u00e9tica impec\u00e1vel que n\u00e3o sai de moda.<\/span><\/li>\n<\/ul>\n<div class=\"Y3BBE\" data-sfc-cp=\"\" data-sfc-root=\"c\" data-sfc-cb=\"\" data-hveid=\"CAEIBhAA\" data-complete=\"true\" data-processed=\"true\"><strong class=\"Yjhzub\" data-sfc-root=\"c\" data-sfc-cb=\"\" data-complete=\"true\" data-processed=\"true\">Leve a natureza para dentro de casa com a sofistica\u00e7\u00e3o da linha Facetada.<\/strong><\/div>\n<div class=\"Y3BBE\" data-sfc-cp=\"\" data-sfc-root=\"c\" data-sfc-cb=\"\" data-hveid=\"CAEIBxAA\" data-complete=\"true\" data-processed=\"true\">\u2728\u00a0<strong class=\"Yjhzub\" data-sfc-root=\"c\" data-sfc-cb=\"\" data-complete=\"true\" data-processed=\"true\">Dica de Decor:<\/strong>\u00a0Combine a Coluna Spin com tons neutros para destacar os veios naturais da madeira ou use-a como uma pe\u00e7a de contraste em ambientes minimalistas<\/div>\n","protected":false},"excerpt":{"rendered":"<p>Transforme a atmosfera da sua casa com lumin\u00e1rias de piso, elas s\u00e3o pe\u00e7as que transcende a fun\u00e7\u00e3o de iluminar para se tornar o ponto focal da sua decora\u00e7\u00e3o. Estes modelos unem leveza das formas geom\u00e9tricas \u00e0 robustez do material natural como a madeira e linho. Design Org\u00e2nico e Moderno:\u00a0Suas l\u00e2minas de madeira natural s\u00e3o cuidadosamente [&hellip;]<\/p>\n","protected":false},"featured_media":11864,"template":"","meta":[],"product_brand":[],"product_cat":[17,16],"product_tag":[353,354,351,352,350],"class_list":{"0":"post-11862","1":"product","2":"type-product","3":"status-publish","4":"has-post-thumbnail","6":"product_cat-abajour-e-luminaria-de-piso","7":"product_cat-residencial-e-predial","8":"product_tag-accord","9":"product_tag-coluna-de-iluminacao","10":"product_tag-iluminacao-em-madeira","11":"product_tag-ilumnacao-com-formas-organicas","12":"product_tag-luminaria-de-piso","14":"first","15":"instock","16":"shipping-taxable","17":"purchasable","18":"product-type-simple"},"_links":{"self":[{"href":"https:\/\/www.universoeletrico.com.br\/design\/wp-json\/wp\/v2\/product\/11862","targetHints":{"allow":["GET"]}}],"collection":[{"href":"https:\/\/www.universoeletrico.com.br\/design\/wp-json\/wp\/v2\/product"}],"about":[{"href":"https:\/\/www.universoeletrico.com.br\/design\/wp-json\/wp\/v2\/types\/product"}],"wp:featuredmedia":[{"embeddable":true,"href":"https:\/\/www.universoeletrico.com.br\/design\/wp-json\/wp\/v2\/media\/11864"}],"wp:attachment":[{"href":"https:\/\/www.universoeletrico.com.br\/design\/wp-json\/wp\/v2\/media?parent=11862"}],"wp:term":[{"taxonomy":"product_brand","embeddable":true,"href":"https:\/\/www.universoeletrico.com.br\/design\/wp-json\/wp\/v2\/product_brand?post=11862"},{"taxonomy":"product_cat","embeddable":true,"href":"https:\/\/www.universoeletrico.com.br\/design\/wp-json\/wp\/v2\/product_cat?post=11862"},{"taxonomy":"product_tag","embeddable":true,"href":"https:\/\/www.universoeletrico.com.br\/design\/wp-json\/wp\/v2\/product_tag?post=11862"}],"curies":[{"name":"wp","href":"https:\/\/api.w.org\/{rel}","templated":true}]}}