{"id":11543,"date":"2025-12-18T10:40:53","date_gmt":"2025-12-18T13:40:53","guid":{"rendered":"https:\/\/www.universoeletrico.com.br\/design\/?post_type=product&#038;p=11543"},"modified":"2026-01-15T10:04:45","modified_gmt":"2026-01-15T13:04:45","slug":"driver-12v-ip-67-slim-p-fita-led-100w-127-240v-12v","status":"publish","type":"product","link":"https:\/\/www.universoeletrico.com.br\/design\/produto\/driver-12v-ip-67-slim-p-fita-led-100w-127-240v-12v","title":{"rendered":"DRIVER 12V IP-67 SLIM P\/FITA LED 100W 127\/240V-12V"},"content":{"rendered":"<p>Os Drives\u00a0 com indice de prote\u00e7\u00e3o IP67 s\u00e3o p<mark class=\"HxTRcb\" data-processed=\"true\">rojetados para ambientes externos ou \u00famidos, sendo totalmente protegida contra poeira (o &#8216;6&#8217; no IP67) e capaz de suportar imers\u00e3o tempor\u00e1ria em \u00e1gua (o &#8216;7&#8217;)<\/mark>. Esses drivers s\u00e3o selados, geralmente em caixas de alum\u00ednio, para garantir durabilidade e seguran\u00e7a em instala\u00e7\u00f5es como fitas de LED em jardins, fachadas ou \u00e1reas de piscina, oferecendo confiabilidade e efici\u00eancia.\u00a0 (eles s\u00e3o necess\u00e1rios para instala\u00e7\u00e3o das Fitas de led 12V e 24v), eles servem para transformar a energia da rede com tens\u00e3o 127 ou 220v em corrente de 12v ou 24v.<\/p>\n<p>c\u00e1lculo para escolha do drive \/Fonte ( deve-se considerar uma reserva de 20% na carga do drive\/fonte)<br \/>\npot\u00eancia da fita x quantidade de metros.<\/p>\n<ul>\n<li><strong>EXEMPLO DE COMO FAZER O C\u00c1LCULO DO DRIVER DE ACORDO COM A FITA E QUANTIDADE<\/strong><br \/>\nPara 5 metros fita led 4,8w = 4,8w potencia x 5 metros de fita = 24w total- Assim deve-se usar um igual ou superior a 30w j\u00e1 considerando a reserva de 20%<br \/>\nLink para as fita leds:<br \/>\nhttps:\/\/www.universoeletrico.com.br\/design\/categoria-produto\/tecnologia-led\/fita-led\/<\/li>\n<\/ul>\n<p>CONSULTE NOSSA EQUIPE APRA OUTRAS POT\u00caNCIAS\u00a0 E TENS\u00c3O DE DRIVES DISPOINVEIS<\/p>\n<p>251289 &#8211; DRIVER SLIM P\/FITA LED 60W BIV 24V IP67<\/p>\n<p>251498 &#8211; DRIVER SLIM P\/FITA LED 60W BIV 24V IP67<\/p>\n<p>&nbsp;<\/p>\n","protected":false},"excerpt":{"rendered":"<p>Os Drives\u00a0 com indice de prote\u00e7\u00e3o IP67 s\u00e3o projetados para ambientes externos ou \u00famidos, sendo totalmente protegida contra poeira (o &#8216;6&#8217; no IP67) e capaz de suportar imers\u00e3o tempor\u00e1ria em \u00e1gua (o &#8216;7&#8217;). Esses drivers s\u00e3o selados, geralmente em caixas de alum\u00ednio, para garantir durabilidade e seguran\u00e7a em instala\u00e7\u00f5es como fitas de LED em jardins, [&hellip;]<\/p>\n","protected":false},"featured_media":11544,"template":"","meta":[],"product_brand":[],"product_cat":[43,42],"product_tag":[176,106,173,175,87,177,174,89,178,179],"class_list":{"0":"post-11543","1":"product","2":"type-product","3":"status-publish","4":"has-post-thumbnail","6":"product_cat-fita-led","7":"product_cat-fitas-e-lampadas","8":"product_tag-alimentar-fita","9":"product_tag-area-externa","10":"product_tag-driver-para-fita-led","11":"product_tag-driver-slim","12":"product_tag-fita-led","13":"product_tag-fita12v","14":"product_tag-fonte-chaveada","15":"product_tag-ilumiancao-de-jardim","16":"product_tag-protecao-ip67","17":"product_tag-protegido-contra-chuva","19":"first","20":"instock","21":"shipping-taxable","22":"purchasable","23":"product-type-simple"},"_links":{"self":[{"href":"https:\/\/www.universoeletrico.com.br\/design\/wp-json\/wp\/v2\/product\/11543","targetHints":{"allow":["GET"]}}],"collection":[{"href":"https:\/\/www.universoeletrico.com.br\/design\/wp-json\/wp\/v2\/product"}],"about":[{"href":"https:\/\/www.universoeletrico.com.br\/design\/wp-json\/wp\/v2\/types\/product"}],"wp:featuredmedia":[{"embeddable":true,"href":"https:\/\/www.universoeletrico.com.br\/design\/wp-json\/wp\/v2\/media\/11544"}],"wp:attachment":[{"href":"https:\/\/www.universoeletrico.com.br\/design\/wp-json\/wp\/v2\/media?parent=11543"}],"wp:term":[{"taxonomy":"product_brand","embeddable":true,"href":"https:\/\/www.universoeletrico.com.br\/design\/wp-json\/wp\/v2\/product_brand?post=11543"},{"taxonomy":"product_cat","embeddable":true,"href":"https:\/\/www.universoeletrico.com.br\/design\/wp-json\/wp\/v2\/product_cat?post=11543"},{"taxonomy":"product_tag","embeddable":true,"href":"https:\/\/www.universoeletrico.com.br\/design\/wp-json\/wp\/v2\/product_tag?post=11543"}],"curies":[{"name":"wp","href":"https:\/\/api.w.org\/{rel}","templated":true}]}}