{"id":11419,"date":"2025-11-26T14:44:20","date_gmt":"2025-11-26T17:44:20","guid":{"rendered":"https:\/\/www.universoeletrico.com.br\/design\/?post_type=product&#038;p=11419"},"modified":"2026-02-26T14:50:42","modified_gmt":"2026-02-26T17:50:42","slug":"embutido-vigo-10w-3k-800l-24-pt-evon","status":"publish","type":"product","link":"https:\/\/www.universoeletrico.com.br\/design\/produto\/embutido-vigo-10w-3k-800l-24-pt-evon","title":{"rendered":"EMBUTIDO VIGO 10W 3K 800L 24\u00b0 PT EVON"},"content":{"rendered":"<p>Downlight led embutido \u00e9 a solu\u00e7\u00e3o perfeita para ambientes que requerem uma ilumina\u00e7\u00e3o suave e indireta, como banheiro, cozinha, escrit\u00f3rio, quarto, sala de estar, sala de jantar, home office, hall, lavabo, varanda, closet e corredores e at\u00e9 como luz complementar e decorativa em divesos ambientes comerciais e residenciais<\/p>\n<ul>\n<li>Pot\u00eancia &#8211; 10w<\/li>\n<li>tens\u00e3o &#8211; Bivolt<\/li>\n<li>fluxo luminoso 800 lumens<\/li>\n<li>Indicie de prote\u00e7\u00e3o &#8211; IP-20<\/li>\n<li>Angulo abertura &#8211; 24\u00b0<\/li>\n<li>dimenss\u00f5es: &#8211; 148mm x 45mm x 32mm<\/li>\n<\/ul>\n<p><strong>Consulte tamb\u00e9m em nossa p\u00e1gina outras op\u00e7\u00f5es da familia como:<\/strong><\/p>\n<p>Acabamento na Cor &#8211; Preto ou preto com branco<\/p>\n<p>Pontencias &#8211; 2w &#8211; 6w -4w -10w -20w<\/p>\n<p>Temperatura de cor &#8211; 4000k<\/p>\n<h2>Saiba mais sobre como definir a luminaria certa para seu projeto sem perder o conforto visual e foco onde precisa.<\/h2>\n<div class=\"Y3BBE\" data-sfc-cp=\"\" data-hveid=\"CAEIAxAA\" data-processed=\"true\" data-complete=\"true\"><strong class=\"Yjhzub\" data-complete=\"true\" data-processed=\"true\">O Foco Perfeito com Conforto Visual<\/strong><\/div>\n<div class=\"Y3BBE\" data-sfc-cp=\"\" data-hveid=\"CAEIBBAA\" data-processed=\"true\" data-complete=\"true\">Descubra o que h\u00e1 de mais moderno em ilumina\u00e7\u00e3o arquitet\u00f4nica com as linhas de embutidos com focos antreflexo . Projetadas para projetos que exigem sofistica\u00e7\u00e3o e efici\u00eancia, essas lumin\u00e1rias oferecem um <strong class=\"Yjhzub\" data-complete=\"true\" data-processed=\"true\">facho de luz forte e preciso<\/strong>, ideal para destacar elementos espec\u00edficos da decora\u00e7\u00e3o, sem o inc\u00f4modo do ofuscamento.<\/div>\n<div class=\"Fsg96\" data-sfc-cp=\"\" data-complete=\"true\" data-processed=\"true\"><\/div>\n<div class=\"AdPoic\" role=\"heading\" aria-level=\"3\" data-animation-nesting=\"\" data-sfc-cp=\"\" data-processed=\"true\" data-sae=\"\" data-complete=\"true\"><strong class=\"Yjhzub\" data-complete=\"true\">Destaques do Produto<\/strong><\/div>\n<ul class=\"KsbFXc U6u95\" data-processed=\"true\" data-complete=\"true\">\n<li data-hveid=\"CAEIBRAA\" data-complete=\"true\" data-sae=\"\"><span class=\"T286Pc\" data-sfc-cp=\"\" data-complete=\"true\"><strong class=\"Yjhzub\" data-complete=\"true\">Design Minimalista e Recuado:<\/strong>\u00a0A fonte de luz \u00e9 profundamente recuada, um design que proporciona\u00a0<strong class=\"Yjhzub\" data-complete=\"true\">elevado conforto visual<\/strong>\u00a0(UGR &lt;19) e se integra discretamente ao teto ou parede.<\/span><\/li>\n<li data-hveid=\"CAEIBRAB\" data-complete=\"true\" data-sae=\"\"><span class=\"T286Pc\" data-sfc-cp=\"\" data-complete=\"true\"><strong class=\"Yjhzub\" data-complete=\"true\">LED Integrado de Alta Performance:<\/strong>\u00a0Utilizando a tecnologia de LED integrado, as lumin\u00e1rias oferecem alta efici\u00eancia luminosa e vida \u00fatil prolongada, com pot\u00eancias que variam de\u00a0<strong class=\"Yjhzub\" data-complete=\"true\">2W a 20W<\/strong>\u00a0na linha Vigo, por exemplo.<\/span><\/li>\n<li data-hveid=\"CAEIBRAC\" data-complete=\"true\" data-sae=\"\"><span class=\"T286Pc\" data-sfc-cp=\"\" data-complete=\"true\"><strong class=\"Yjhzub\" data-complete=\"true\">IRC Superior de 80 a 90:<\/strong>\u00a0O \u00cdndice de Reprodu\u00e7\u00e3o de Cor (IRC) elevado garante que as cores dos objetos e materiais sejam valorizadas com fidelidade, um diferencial para ambientes residenciais e comerciais.<\/span><\/li>\n<li data-hveid=\"CAEIBRAD\" data-complete=\"true\" data-sae=\"\"><span class=\"T286Pc\" data-sfc-cp=\"\" data-complete=\"true\"><strong class=\"Yjhzub\" data-complete=\"true\">Versatilidade de Aplica\u00e7\u00e3o:<\/strong>\u00a0Ambas as linhas possuem modelos\u00a0<strong class=\"Yjhzub\" data-complete=\"true\">fixos e orient\u00e1veis<\/strong>, permitindo a cria\u00e7\u00e3o de efeitos marcantes e a flexibilidade de direcionar o facho de luz para onde for necess\u00e1rio.<\/span><\/li>\n<\/ul>\n<div class=\"Fsg96\" data-sfc-cp=\"\" data-complete=\"true\" data-processed=\"true\"><\/div>\n<div class=\"AdPoic\" role=\"heading\" aria-level=\"3\" data-animation-nesting=\"\" data-sfc-cp=\"\" data-processed=\"true\" data-sae=\"\" data-complete=\"true\"><strong class=\"Yjhzub\" data-complete=\"true\">Aplica\u00e7\u00f5es Ideais<\/strong><\/div>\n<ul class=\"KsbFXc U6u95\" data-processed=\"true\" data-complete=\"true\">\n<li data-hveid=\"CAEIBhAA\" data-complete=\"true\" data-sae=\"\"><span class=\"T286Pc\" data-sfc-cp=\"\" data-complete=\"true\"><strong class=\"Yjhzub\" data-complete=\"true\">Ambientes Residenciais:<\/strong>\u00a0Salas de estar, cozinhas gourmet, quartos e halls, onde a luz quente (2700K ou 3000K) cria um clima acolhedor.<\/span><\/li>\n<li data-hveid=\"CAEIBhAB\" data-complete=\"true\" data-sae=\"\"><span class=\"T286Pc\" data-sfc-cp=\"\" data-complete=\"true\"><strong class=\"Yjhzub\" data-complete=\"true\">Espa\u00e7os Comerciais:<\/strong>\u00a0Lojas, escrit\u00f3rios modernos e cl\u00ednicas que necessitam de ilumina\u00e7\u00e3o t\u00e9cnica, focada e elegante.<\/span><\/li>\n<li data-hveid=\"CAEIBhAC\" data-complete=\"true\" data-sae=\"\"><span class=\"T286Pc\" data-sfc-cp=\"\" data-complete=\"true\"><strong class=\"Yjhzub\" data-complete=\"true\">Destaque de Detalhes:<\/strong>\u00a0Perfeitos para iluminar obras de arte, nichos, estantes e pain\u00e9is ripados.<\/span><\/li>\n<\/ul>\n<p>#PICCO; #PICO# ;#PUNTO; #PIXEL<\/p>\n","protected":false},"excerpt":{"rendered":"<p>Downlight led embutido \u00e9 a solu\u00e7\u00e3o perfeita para ambientes que requerem uma ilumina\u00e7\u00e3o suave e indireta, como banheiro, cozinha, escrit\u00f3rio, quarto, sala de estar, sala de jantar, home office, hall, lavabo, varanda, closet e corredores e at\u00e9 como luz complementar e decorativa em divesos ambientes comerciais e residenciais Pot\u00eancia &#8211; 10w tens\u00e3o &#8211; Bivolt fluxo [&hellip;]<\/p>\n","protected":false},"featured_media":11420,"template":"","meta":[],"product_brand":[],"product_cat":[19,16],"product_tag":[99,93,97,96,94,98,95],"class_list":{"0":"post-11419","1":"product","2":"type-product","3":"status-publish","4":"has-post-thumbnail","6":"product_cat-perfil-e-eplafons-embutidos","7":"product_cat-residencial-e-predial","8":"product_tag-dowlight","9":"product_tag-dowlight-pico","10":"product_tag-interlight","11":"product_tag-luminaria-vigo","12":"product_tag-picco","13":"product_tag-pix","14":"product_tag-vigo","16":"first","17":"instock","18":"shipping-taxable","19":"purchasable","20":"product-type-simple"},"_links":{"self":[{"href":"https:\/\/www.universoeletrico.com.br\/design\/wp-json\/wp\/v2\/product\/11419","targetHints":{"allow":["GET"]}}],"collection":[{"href":"https:\/\/www.universoeletrico.com.br\/design\/wp-json\/wp\/v2\/product"}],"about":[{"href":"https:\/\/www.universoeletrico.com.br\/design\/wp-json\/wp\/v2\/types\/product"}],"wp:featuredmedia":[{"embeddable":true,"href":"https:\/\/www.universoeletrico.com.br\/design\/wp-json\/wp\/v2\/media\/11420"}],"wp:attachment":[{"href":"https:\/\/www.universoeletrico.com.br\/design\/wp-json\/wp\/v2\/media?parent=11419"}],"wp:term":[{"taxonomy":"product_brand","embeddable":true,"href":"https:\/\/www.universoeletrico.com.br\/design\/wp-json\/wp\/v2\/product_brand?post=11419"},{"taxonomy":"product_cat","embeddable":true,"href":"https:\/\/www.universoeletrico.com.br\/design\/wp-json\/wp\/v2\/product_cat?post=11419"},{"taxonomy":"product_tag","embeddable":true,"href":"https:\/\/www.universoeletrico.com.br\/design\/wp-json\/wp\/v2\/product_tag?post=11419"}],"curies":[{"name":"wp","href":"https:\/\/api.w.org\/{rel}","templated":true}]}}