{"id":11417,"date":"2025-11-26T14:39:46","date_gmt":"2025-11-26T17:39:46","guid":{"rendered":"https:\/\/www.universoeletrico.com.br\/design\/?post_type=product&#038;p=11417"},"modified":"2026-02-26T14:49:38","modified_gmt":"2026-02-26T17:49:38","slug":"embutido-vigo-10w-3k-800l-24-br-evon","status":"publish","type":"product","link":"https:\/\/www.universoeletrico.com.br\/design\/produto\/embutido-vigo-10w-3k-800l-24-br-evon","title":{"rendered":"EMBUTIDO VIGO 10W 3K 800L 24\u00b0 BR EVON"},"content":{"rendered":"<p>Downlight led embutido \u00e9 a solu\u00e7\u00e3o perfeita para ambientes que requerem uma ilumina\u00e7\u00e3o suave e indireta, como banheiro, cozinha, escrit\u00f3rio, quarto, sala de estar, sala de jantar, home office, hall, lavabo, varanda, closet e corredores e at\u00e9 como luz complementar e decorativa em divesos ambientes comerciais e residenciais<\/p>\n<p>Pot\u00eancia &#8211; 10w<\/p>\n<p>tens\u00e3o &#8211; Bivolt<\/p>\n<p>fluxo luminoso 800 lumens<\/p>\n<p>Indicie de prote\u00e7\u00e3o &#8211; IP-20<\/p>\n<p>Angulo abertura &#8211; 24\u00b0<\/p>\n<p>dimenss\u00f5es: &#8211; 148mm x 45mm x 32mm<\/p>\n<p><strong>Consulte tamb\u00e9m em nossa p\u00e1gina outras op\u00e7\u00f5es da familia como:<\/strong><\/p>\n<p>Acabamento na Cor &#8211; Preto ou preto com branco<\/p>\n<p>Pontencias &#8211; 2w &#8211; 6w -4w -20w<\/p>\n<p>Temperatura de cor &#8211; 4000k<\/p>\n<p>#PICCO; #PICO# ;#PUNTO; #PIXEL<\/p>\n<p>&nbsp;<\/p>\n","protected":false},"excerpt":{"rendered":"<p>Downlight led embutido \u00e9 a solu\u00e7\u00e3o perfeita para ambientes que requerem uma ilumina\u00e7\u00e3o suave e indireta, como banheiro, cozinha, escrit\u00f3rio, quarto, sala de estar, sala de jantar, home office, hall, lavabo, varanda, closet e corredores e at\u00e9 como luz complementar e decorativa em divesos ambientes comerciais e residenciais Pot\u00eancia &#8211; 10w tens\u00e3o &#8211; Bivolt fluxo [&hellip;]<\/p>\n","protected":false},"featured_media":11418,"template":"","meta":[],"product_brand":[],"product_cat":[19,16],"product_tag":[99,93,97,96,94,98,95],"class_list":{"0":"post-11417","1":"product","2":"type-product","3":"status-publish","4":"has-post-thumbnail","6":"product_cat-perfil-e-eplafons-embutidos","7":"product_cat-residencial-e-predial","8":"product_tag-dowlight","9":"product_tag-dowlight-pico","10":"product_tag-interlight","11":"product_tag-luminaria-vigo","12":"product_tag-picco","13":"product_tag-pix","14":"product_tag-vigo","16":"first","17":"instock","18":"shipping-taxable","19":"purchasable","20":"product-type-simple"},"_links":{"self":[{"href":"https:\/\/www.universoeletrico.com.br\/design\/wp-json\/wp\/v2\/product\/11417","targetHints":{"allow":["GET"]}}],"collection":[{"href":"https:\/\/www.universoeletrico.com.br\/design\/wp-json\/wp\/v2\/product"}],"about":[{"href":"https:\/\/www.universoeletrico.com.br\/design\/wp-json\/wp\/v2\/types\/product"}],"wp:featuredmedia":[{"embeddable":true,"href":"https:\/\/www.universoeletrico.com.br\/design\/wp-json\/wp\/v2\/media\/11418"}],"wp:attachment":[{"href":"https:\/\/www.universoeletrico.com.br\/design\/wp-json\/wp\/v2\/media?parent=11417"}],"wp:term":[{"taxonomy":"product_brand","embeddable":true,"href":"https:\/\/www.universoeletrico.com.br\/design\/wp-json\/wp\/v2\/product_brand?post=11417"},{"taxonomy":"product_cat","embeddable":true,"href":"https:\/\/www.universoeletrico.com.br\/design\/wp-json\/wp\/v2\/product_cat?post=11417"},{"taxonomy":"product_tag","embeddable":true,"href":"https:\/\/www.universoeletrico.com.br\/design\/wp-json\/wp\/v2\/product_tag?post=11417"}],"curies":[{"name":"wp","href":"https:\/\/api.w.org\/{rel}","templated":true}]}}