{"id":11082,"date":"2025-06-05T13:25:05","date_gmt":"2025-06-05T16:25:05","guid":{"rendered":"https:\/\/www.universoeletrico.com.br\/design\/?post_type=product&#038;p=11082"},"modified":"2026-01-15T10:04:46","modified_gmt":"2026-01-15T13:04:46","slug":"arandela-v-garden-jardim-vertical","status":"publish","type":"product","link":"https:\/\/www.universoeletrico.com.br\/design\/produto\/arandela-v-garden-jardim-vertical","title":{"rendered":"Arandela V Garden &#8211; Jardim Vertical"},"content":{"rendered":"<p>ARANDELA V-GARDEN\u00a0 oferece ilumina\u00e7\u00e3o frontal de jardim vertical sem ofuscamento, proporcionando um visual elegante e funcional.<\/p>\n<p>Sua estrutura garante durabilidade e resist\u00eancia para ambientes externos sujeitos a chuva, sol e poeira. O de facho luz com\u00a0 abertura de 120 graus, ilumina cerca de 2 metros de di\u00e2metro, destacando a beleza e os detalhes do seu jardim vertical, criando um ambiente acolhedor e sofisticado.<\/p>\n<p>Especifica\u00e7\u00f5es t\u00e9cnicas<br \/>\nPot\u00eancia: 2,7 Watts &#8211; Temperatura de cor 3000k<br \/>\nGrau de prote\u00e7\u00e3o: IP66 &#8211;<br \/>\nComposi\u00e7\u00e3o: Alum\u00ednio usinado<br \/>\nAcabamento: Microtexturizado preto ou branco<\/p>\n<p>Informa\u00e7\u00f5es Produtos<br \/>\nDL AR8 &#8211; 2,7 Watts<br \/>\n220 l\u00famens<br \/>\nTemperatura de cor &#8211; 2700k<\/p>\n<p>USO EXTERNO<\/p>\n","protected":false},"excerpt":{"rendered":"<p>ARANDELA V-GARDEN\u00a0 oferece ilumina\u00e7\u00e3o frontal de jardim vertical sem ofuscamento, proporcionando um visual elegante e funcional. Sua estrutura garante durabilidade e resist\u00eancia para ambientes externos sujeitos a chuva, sol e poeira. O de facho luz com\u00a0 abertura de 120 graus, ilumina cerca de 2 metros de di\u00e2metro, destacando a beleza e os detalhes do seu [&hellip;]<\/p>\n","protected":false},"featured_media":11083,"template":"","meta":[],"product_brand":[],"product_cat":[18,81,28,41,16],"product_tag":[33,66],"class_list":{"0":"post-11082","1":"product","2":"type-product","3":"status-publish","4":"has-post-thumbnail","6":"product_cat-arandelas-internas","7":"product_cat-arandelas-para-area-externa","8":"product_cat-area-externa","9":"product_cat-refletores-e-projetores","10":"product_cat-residencial-e-predial","11":"product_tag-iluminacao-jardim","12":"product_tag-jardim-vertical","14":"first","15":"instock","16":"shipping-taxable","17":"purchasable","18":"product-type-simple"},"_links":{"self":[{"href":"https:\/\/www.universoeletrico.com.br\/design\/wp-json\/wp\/v2\/product\/11082","targetHints":{"allow":["GET"]}}],"collection":[{"href":"https:\/\/www.universoeletrico.com.br\/design\/wp-json\/wp\/v2\/product"}],"about":[{"href":"https:\/\/www.universoeletrico.com.br\/design\/wp-json\/wp\/v2\/types\/product"}],"wp:featuredmedia":[{"embeddable":true,"href":"https:\/\/www.universoeletrico.com.br\/design\/wp-json\/wp\/v2\/media\/11083"}],"wp:attachment":[{"href":"https:\/\/www.universoeletrico.com.br\/design\/wp-json\/wp\/v2\/media?parent=11082"}],"wp:term":[{"taxonomy":"product_brand","embeddable":true,"href":"https:\/\/www.universoeletrico.com.br\/design\/wp-json\/wp\/v2\/product_brand?post=11082"},{"taxonomy":"product_cat","embeddable":true,"href":"https:\/\/www.universoeletrico.com.br\/design\/wp-json\/wp\/v2\/product_cat?post=11082"},{"taxonomy":"product_tag","embeddable":true,"href":"https:\/\/www.universoeletrico.com.br\/design\/wp-json\/wp\/v2\/product_tag?post=11082"}],"curies":[{"name":"wp","href":"https:\/\/api.w.org\/{rel}","templated":true}]}}