{"id":9836,"date":"2024-07-01T16:06:51","date_gmt":"2024-07-01T19:06:51","guid":{"rendered":"https:\/\/www.universoeletrico.com.br\/design\/?post_type=product&#038;p=9836"},"modified":"2026-01-15T15:36:28","modified_gmt":"2026-01-15T18:36:28","slug":"luminaria-publica-solar-led","status":"publish","type":"product","link":"https:\/\/www.universoeletrico.com.br\/design\/?product=luminaria-publica-solar-led","title":{"rendered":"PROJETOR SOLAR 200W 5500K C\/CONTROLE"},"content":{"rendered":"<p>Os Refletores LED Solar s\u00e3o produtos com tecnologia de energia solar integrada, els oferecem uma solu\u00e7\u00e3o sustent\u00e1vel e eficiente para ilumina\u00e7\u00e3o. Essa inova\u00e7\u00e3o contribui para a economia de energia e reduz o impacto ambiental, garantindo uma ilumina\u00e7\u00e3o confi\u00e1vel mesmo em locais sem acesso \u00e0 rede el\u00e9trica e maior vida \u00fatil, al\u00e9m de menos manute\u00e7\u00e3o e trocas, isso comparado a outros modelos similares<\/p>\n<div class=\"produto-destaques\">\n<div class=\"item potencia\"><strong>Pot\u00eancia em Wats &#8211; 200W<\/strong><\/div>\n<div class=\"item vida-util\"><strong>Vida \u00datil &#8211; 30.000 Horas<\/strong><\/div>\n<\/div>\n<div class=\"row produto-infos\">\n<div class=\"col-lg-6 col-md-6 col-sm-12 col-xs-12\">\n<ul>\n<li>Formato:\u00a0<b>Retangular<\/b><\/li>\n<li>Efici\u00eancia Luminosa:\u00a0<b>22lm\/W<\/b><\/li>\n<li>Fluxo Luminoso:\u00a0<b>2.200 l\u00famens<\/b><\/li>\n<li>\u00c2ngulo de abertura:\u00a0<b>120\u00ba<\/b><\/li>\n<li>Incluso:\u00a0<b>Controle Remoto + 2pilhas AAA<\/b><\/li>\n<li>Painel solar em Silicio Monocristalino<\/li>\n<li>Dimens\u00f5es Refletor (L,A,P):\u00a0<b>280 x 218 x 80mm<\/b><\/li>\n<li>Dimens\u00f5es Placa (L,A,P):\u00a0<b>235 x 350 x 16mm<\/b><\/li>\n<li>Grau de Prote\u00e7\u00e3o:\u00a0<b>IP 66<\/b><\/li>\n<li>Temperatura de cor da Luz &#8211; <strong>5500k<\/strong><\/li>\n<\/ul>\n<p>Veja outras op\u00e7\u00f5es de pot\u00eancia com nossa equipe de vendas<\/p>\n<p>18535 &#8211; PROJETOR SOLAR 100W 5500K C\/CONTROLE<\/p>\n<p>18537 &#8211; PROJETOR SOLAR 300W 5500K C\/CONTROLE<\/p>\n<p>18538 &#8211; PROJETOR SOLAR 400W 5500K C\/CONTROLE<\/p>\n<\/div>\n<div class=\"col-lg-6 col-md-6 col-sm-12 col-xs-12\"><\/div>\n<\/div>\n<p>&nbsp;<\/p>\n","protected":false},"excerpt":{"rendered":"<p>Os Refletores LED Solar s\u00e3o produtos com tecnologia de energia solar integrada, els oferecem uma solu\u00e7\u00e3o sustent\u00e1vel e eficiente para ilumina\u00e7\u00e3o. Essa inova\u00e7\u00e3o contribui para a economia de energia e reduz o impacto ambiental, garantindo uma ilumina\u00e7\u00e3o confi\u00e1vel mesmo em locais sem acesso \u00e0 rede el\u00e9trica e maior vida \u00fatil, al\u00e9m de menos manute\u00e7\u00e3o e [&hellip;]<\/p>\n","protected":false},"featured_media":11493,"template":"","meta":[],"product_brand":[],"product_cat":[28,20,41],"product_tag":[106,132,131,134,133],"class_list":{"0":"post-9836","1":"product","2":"type-product","3":"status-publish","4":"has-post-thumbnail","6":"product_cat-area-externa","7":"product_cat-comercial","8":"product_cat-refletores-e-projetores","9":"product_tag-area-externa","10":"product_tag-energia-solar","11":"product_tag-iluminacao-solar","12":"product_tag-projetor-led-solar","13":"product_tag-refletor-led","15":"first","16":"instock","17":"shipping-taxable","18":"purchasable","19":"product-type-simple"},"_links":{"self":[{"href":"https:\/\/www.universoeletrico.com.br\/design\/index.php?rest_route=\/wp\/v2\/product\/9836","targetHints":{"allow":["GET"]}}],"collection":[{"href":"https:\/\/www.universoeletrico.com.br\/design\/index.php?rest_route=\/wp\/v2\/product"}],"about":[{"href":"https:\/\/www.universoeletrico.com.br\/design\/index.php?rest_route=\/wp\/v2\/types\/product"}],"wp:featuredmedia":[{"embeddable":true,"href":"https:\/\/www.universoeletrico.com.br\/design\/index.php?rest_route=\/wp\/v2\/media\/11493"}],"wp:attachment":[{"href":"https:\/\/www.universoeletrico.com.br\/design\/index.php?rest_route=%2Fwp%2Fv2%2Fmedia&parent=9836"}],"wp:term":[{"taxonomy":"product_brand","embeddable":true,"href":"https:\/\/www.universoeletrico.com.br\/design\/index.php?rest_route=%2Fwp%2Fv2%2Fproduct_brand&post=9836"},{"taxonomy":"product_cat","embeddable":true,"href":"https:\/\/www.universoeletrico.com.br\/design\/index.php?rest_route=%2Fwp%2Fv2%2Fproduct_cat&post=9836"},{"taxonomy":"product_tag","embeddable":true,"href":"https:\/\/www.universoeletrico.com.br\/design\/index.php?rest_route=%2Fwp%2Fv2%2Fproduct_tag&post=9836"}],"curies":[{"name":"wp","href":"https:\/\/api.w.org\/{rel}","templated":true}]}}