{"id":9663,"date":"2024-05-24T08:58:47","date_gmt":"2024-05-24T11:58:47","guid":{"rendered":"https:\/\/www.universoeletrico.com.br\/design\/?post_type=product&#038;p=9663"},"modified":"2026-01-15T15:36:28","modified_gmt":"2026-01-15T18:36:28","slug":"arandela-luz-indireta-lahr","status":"publish","type":"product","link":"https:\/\/www.universoeletrico.com.br\/design\/?product=arandela-luz-indireta-lahr","title":{"rendered":"Arandela luz indireta Lahr 65cm"},"content":{"rendered":"<p>Material &#8211; Alum\u00ednio<\/p>\n<p>Soquete &#8211; 2 x\u00a0 GU- 10 ( l\u00e2mpada mr-16 &#8211; vendidas separadamente)<\/p>\n<p>Acabamento &#8211; pintura ep\u00f3xi branca<\/p>\n<p>Dimens\u00f5es &#8211; 5cm x 65cm x 10cm<\/p>\n<p><strong>Consulte outras op\u00e7\u00f5es de cores e tamanhos por encomenda<\/strong><\/p>\n<p>256285 &#8211; *ARANDELA LAHR ACO 2XGU10 450MM Branca<\/p>\n<p>&nbsp;<\/p>\n","protected":false},"excerpt":{"rendered":"<p>Material &#8211; Alum\u00ednio Soquete &#8211; 2 x\u00a0 GU- 10 ( l\u00e2mpada mr-16 &#8211; vendidas separadamente) Acabamento &#8211; pintura ep\u00f3xi branca Dimens\u00f5es &#8211; 5cm x 65cm x 10cm Consulte outras op\u00e7\u00f5es de cores e tamanhos por encomenda 256285 &#8211; *ARANDELA LAHR ACO 2XGU10 450MM Branca &nbsp;<\/p>\n","protected":false},"featured_media":11399,"template":"","meta":[],"product_brand":[],"product_cat":[18,16],"product_tag":[],"class_list":{"0":"post-9663","1":"product","2":"type-product","3":"status-publish","4":"has-post-thumbnail","6":"product_cat-arandelas-internas","7":"product_cat-residencial-e-predial","9":"first","10":"instock","11":"shipping-taxable","12":"purchasable","13":"product-type-simple"},"_links":{"self":[{"href":"https:\/\/www.universoeletrico.com.br\/design\/index.php?rest_route=\/wp\/v2\/product\/9663","targetHints":{"allow":["GET"]}}],"collection":[{"href":"https:\/\/www.universoeletrico.com.br\/design\/index.php?rest_route=\/wp\/v2\/product"}],"about":[{"href":"https:\/\/www.universoeletrico.com.br\/design\/index.php?rest_route=\/wp\/v2\/types\/product"}],"wp:featuredmedia":[{"embeddable":true,"href":"https:\/\/www.universoeletrico.com.br\/design\/index.php?rest_route=\/wp\/v2\/media\/11399"}],"wp:attachment":[{"href":"https:\/\/www.universoeletrico.com.br\/design\/index.php?rest_route=%2Fwp%2Fv2%2Fmedia&parent=9663"}],"wp:term":[{"taxonomy":"product_brand","embeddable":true,"href":"https:\/\/www.universoeletrico.com.br\/design\/index.php?rest_route=%2Fwp%2Fv2%2Fproduct_brand&post=9663"},{"taxonomy":"product_cat","embeddable":true,"href":"https:\/\/www.universoeletrico.com.br\/design\/index.php?rest_route=%2Fwp%2Fv2%2Fproduct_cat&post=9663"},{"taxonomy":"product_tag","embeddable":true,"href":"https:\/\/www.universoeletrico.com.br\/design\/index.php?rest_route=%2Fwp%2Fv2%2Fproduct_tag&post=9663"}],"curies":[{"name":"wp","href":"https:\/\/api.w.org\/{rel}","templated":true}]}}