{"id":9656,"date":"2024-05-24T08:46:45","date_gmt":"2024-05-24T11:46:45","guid":{"rendered":"https:\/\/www.universoeletrico.com.br\/design\/?post_type=product&#038;p=9656"},"modified":"2026-01-15T15:36:29","modified_gmt":"2026-01-15T18:36:29","slug":"poste-balizador-polpe","status":"publish","type":"product","link":"https:\/\/www.universoeletrico.com.br\/design\/?product=poste-balizador-polpe","title":{"rendered":"*BALIZADOR POLPE 1XGU10 200MM IP54 MR"},"content":{"rendered":"<p>A ilumina\u00e7\u00e3o para \u00e1rea externa \u00e9 uma oportunidade de ampliar a decora\u00e7\u00e3o do projeto a um novo n\u00edvel de percep\u00e7\u00e3o, tanto para casas quanto estruturas comerciais. ela traz sofistica\u00e7\u00e3o e luz ao seu jardim, deck ou caminho, que durantre a noite trar\u00e1 ilumina\u00e7\u00e3o e durante dia, muito estilo!<\/p>\n<p><span class=\"table flex\">-Dimens\u00f5es AxLxP (mm)200x77x100<\/span><\/p>\n<p><span class=\"table flex\">-Material Alum\u00ednio e Acr\u00edlico<\/span><span class=\"table flex\">Soqruete <\/span><\/p>\n<p><span class=\"table flex\">-GU10 para 1<\/span><span class=\"table flex\"> L\u00e2mpadas gu10 mr16 vendida separadamente <\/span><\/p>\n<p><span class=\"table flex\">\u00a0-Uso Externo <\/span><span class=\"table flex\">Grau de Prote\u00e7\u00e3o &#8211; IP54<\/span><\/p>\n","protected":false},"excerpt":{"rendered":"<p>A ilumina\u00e7\u00e3o para \u00e1rea externa \u00e9 uma oportunidade de ampliar a decora\u00e7\u00e3o do projeto a um novo n\u00edvel de percep\u00e7\u00e3o, tanto para casas quanto estruturas comerciais. ela traz sofistica\u00e7\u00e3o e luz ao seu jardim, deck ou caminho, que durantre a noite trar\u00e1 ilumina\u00e7\u00e3o e durante dia, muito estilo! -Dimens\u00f5es AxLxP (mm)200x77x100 -Material Alum\u00ednio e Acr\u00edlicoSoqruete [&hellip;]<\/p>\n","protected":false},"featured_media":11430,"template":"","meta":[],"product_brand":[],"product_cat":[28,39],"product_tag":[106,107,108,33,83],"class_list":{"0":"post-9656","1":"product","2":"type-product","3":"status-publish","4":"has-post-thumbnail","6":"product_cat-area-externa","7":"product_cat-postes","8":"product_tag-area-externa","9":"product_tag-balizadro","10":"product_tag-iluminacao-deck","11":"product_tag-iluminacao-jardim","12":"product_tag-poste-jardim","14":"first","15":"instock","16":"shipping-taxable","17":"purchasable","18":"product-type-simple"},"_links":{"self":[{"href":"https:\/\/www.universoeletrico.com.br\/design\/index.php?rest_route=\/wp\/v2\/product\/9656","targetHints":{"allow":["GET"]}}],"collection":[{"href":"https:\/\/www.universoeletrico.com.br\/design\/index.php?rest_route=\/wp\/v2\/product"}],"about":[{"href":"https:\/\/www.universoeletrico.com.br\/design\/index.php?rest_route=\/wp\/v2\/types\/product"}],"wp:featuredmedia":[{"embeddable":true,"href":"https:\/\/www.universoeletrico.com.br\/design\/index.php?rest_route=\/wp\/v2\/media\/11430"}],"wp:attachment":[{"href":"https:\/\/www.universoeletrico.com.br\/design\/index.php?rest_route=%2Fwp%2Fv2%2Fmedia&parent=9656"}],"wp:term":[{"taxonomy":"product_brand","embeddable":true,"href":"https:\/\/www.universoeletrico.com.br\/design\/index.php?rest_route=%2Fwp%2Fv2%2Fproduct_brand&post=9656"},{"taxonomy":"product_cat","embeddable":true,"href":"https:\/\/www.universoeletrico.com.br\/design\/index.php?rest_route=%2Fwp%2Fv2%2Fproduct_cat&post=9656"},{"taxonomy":"product_tag","embeddable":true,"href":"https:\/\/www.universoeletrico.com.br\/design\/index.php?rest_route=%2Fwp%2Fv2%2Fproduct_tag&post=9656"}],"curies":[{"name":"wp","href":"https:\/\/api.w.org\/{rel}","templated":true}]}}