{"id":9620,"date":"2024-05-15T17:37:57","date_gmt":"2024-05-15T20:37:57","guid":{"rendered":"https:\/\/www.universoeletrico.com.br\/design\/?post_type=product&#038;p=9620"},"modified":"2026-02-03T15:33:02","modified_gmt":"2026-02-03T18:33:02","slug":"arandela-wall-mini-led-fachos","status":"publish","type":"product","link":"https:\/\/www.universoeletrico.com.br\/design\/?product=arandela-wall-mini-led-fachos","title":{"rendered":"*ARANDELA WALL MINI 5W 2F. ABERTO 20ML 3KPT"},"content":{"rendered":"<p>As arandelas de efeito e balizadores da fam\u00edlia Wall apresentam modelos com dimens\u00f5es compactas, que permitem uma aplica\u00e7\u00e3o extremamente discreta em ambientes internos e externos. Os produtos possuem fonte integrada e se destacam pela luz n\u00edtida e os fachos marcados, com diversas combina\u00e7\u00f5es de \u00e2ngulos de abertura.<\/p>\n<p>&nbsp;<\/p>\n<p>Tens\u00e3o: 100-240V bivolt<br \/>\nFluxo Luminoso: 200lm (100lm + 100lm)<br \/>\n\u00c2ngulo de Abertura: 70\u00b0 \/ 70\u00b0 &#8211; facho aberto \/aberto<br \/>\n\u00c2ngulo de Abertura: 70\u00b0 \/ 4\u00b0 &#8211; facho aberto fechado<br \/>\nIRC: &gt;80<br \/>\nVida \u00fatil (L70): 25.000h<br \/>\nTemp. de Opera\u00e7\u00e3o: -10\u00b0C ~ 40\u00b0C<br \/>\nGrau de Prote\u00e7\u00e3o: IP65<br \/>\nGarantia: 2 anos<br \/>\nMaterial predominante: Policarbonato<\/p>\n<p>Consulte nossa equipe de vendas\u00a0 outras op\u00e7\u00f5es de faixo e acabamento<\/p>\n<p>CONSULTE NOSSA EQUIPE DE VENDAS PARA OUTROS ACABMENTOS E ANGULOS DE FACHO<\/p>\n<p>&nbsp;<\/p>\n<p>242068 &#8211; *ARANDELA WALL MINI 5W 2F.FECH\/ABER 3KBR<\/p>\n<p>242113 &#8211; *ARANDELA WALL MINI 5W 2F.FECH\/ABER 3KPT<\/p>\n<p>242157 &#8211; *ARANDELA WALL MINI 5W 2F. ABERTO20ML 3K BR<\/p>\n<p>242068 &#8211; *ARANDELA WALL MINI 5W 2F.FECHADO \/ABERTO 3KBR<\/p>\n","protected":false},"excerpt":{"rendered":"<p>As arandelas de efeito e balizadores da fam\u00edlia Wall apresentam modelos com dimens\u00f5es compactas, que permitem uma aplica\u00e7\u00e3o extremamente discreta em ambientes internos e externos. Os produtos possuem fonte integrada e se destacam pela luz n\u00edtida e os fachos marcados, com diversas combina\u00e7\u00f5es de \u00e2ngulos de abertura. &nbsp; Tens\u00e3o: 100-240V bivolt Fluxo Luminoso: 200lm (100lm [&hellip;]<\/p>\n","protected":false},"featured_media":11561,"template":"","meta":[],"product_brand":[],"product_cat":[18,81,28,16],"product_tag":[191,90,123,108,158,159,120,65,192],"class_list":{"0":"post-9620","1":"product","2":"type-product","3":"status-publish","4":"has-post-thumbnail","6":"product_cat-arandelas-internas","7":"product_cat-arandelas-para-area-externa","8":"product_cat-area-externa","9":"product_cat-residencial-e-predial","10":"product_tag-fachos-luz","11":"product_tag-iluminacao-de-escada","12":"product_tag-iluminacao-de-pilares","13":"product_tag-iluminacao-deck","14":"product_tag-iluminacao-muro","15":"product_tag-ilumincao-porticos","16":"product_tag-stella","17":"product_tag-stellaarandela-wallmini","18":"product_tag-wallmini","20":"first","21":"instock","22":"shipping-taxable","23":"purchasable","24":"product-type-simple"},"_links":{"self":[{"href":"https:\/\/www.universoeletrico.com.br\/design\/index.php?rest_route=\/wp\/v2\/product\/9620","targetHints":{"allow":["GET"]}}],"collection":[{"href":"https:\/\/www.universoeletrico.com.br\/design\/index.php?rest_route=\/wp\/v2\/product"}],"about":[{"href":"https:\/\/www.universoeletrico.com.br\/design\/index.php?rest_route=\/wp\/v2\/types\/product"}],"wp:featuredmedia":[{"embeddable":true,"href":"https:\/\/www.universoeletrico.com.br\/design\/index.php?rest_route=\/wp\/v2\/media\/11561"}],"wp:attachment":[{"href":"https:\/\/www.universoeletrico.com.br\/design\/index.php?rest_route=%2Fwp%2Fv2%2Fmedia&parent=9620"}],"wp:term":[{"taxonomy":"product_brand","embeddable":true,"href":"https:\/\/www.universoeletrico.com.br\/design\/index.php?rest_route=%2Fwp%2Fv2%2Fproduct_brand&post=9620"},{"taxonomy":"product_cat","embeddable":true,"href":"https:\/\/www.universoeletrico.com.br\/design\/index.php?rest_route=%2Fwp%2Fv2%2Fproduct_cat&post=9620"},{"taxonomy":"product_tag","embeddable":true,"href":"https:\/\/www.universoeletrico.com.br\/design\/index.php?rest_route=%2Fwp%2Fv2%2Fproduct_tag&post=9620"}],"curies":[{"name":"wp","href":"https:\/\/api.w.org\/{rel}","templated":true}]}}