{"id":9574,"date":"2024-04-29T14:05:51","date_gmt":"2024-04-29T17:05:51","guid":{"rendered":"https:\/\/www.universoeletrico.com.br\/design\/?post_type=product&#038;p=9574"},"modified":"2026-01-15T15:36:30","modified_gmt":"2026-01-15T18:36:30","slug":"fita-led-neon-12v-ip65-dimerizavel","status":"publish","type":"product","link":"https:\/\/www.universoeletrico.com.br\/design\/?product=fita-led-neon-12v-ip65-dimerizavel","title":{"rendered":"FITA NEON 7W 400LM 3000K IP65 24V"},"content":{"rendered":"<p>A fita Neon \u00e9 projetada para oferecer m\u00e1xima flexibilidade e durabilidade epermite fazer diversos desenhos e formatos criativos., com alta prote\u00e7\u00e3o IP-65 o que a torna ideal para diversas aplica\u00e7\u00f5es inclusive em \u00e1reas externas. Com um fluxo luminoso linear, ela proporciona uma ilumina\u00e7\u00e3o direta e uniforme, perfeita para destacar ambientes com eleg\u00e2ncia e efici\u00eancia.<\/p>\n<p>Tens\u00e3o 24v &#8211; necessita uso de drive &#8211; vendidos separadamente<\/p>\n<p>Temperatua de cor 3000k<\/p>\n<p>Potencia &#8211; 7w por metro &#8211; fluxo luminoso &#8211; 400lumens metro<\/p>\n<p>Ip -65<\/p>\n<p>Acessorios vendidos separadamente<\/p>\n<p>Conector liga\u00e7\u00e3o &#8211; 257345<\/p>\n<p>Emenda fita\u00a0 &#8211; 257346<\/p>\n<p>Terminal &#8211; 257347<\/p>\n<p>&nbsp;<\/p>\n<p>Abaixo outras op\u00e7\u00f5es de cores e temperatura de cor para fita neon<\/p>\n<p>257052 &#8211; 4k<\/p>\n<p>257050 &#8211; Azul<\/p>\n","protected":false},"excerpt":{"rendered":"<p>A fita Neon \u00e9 projetada para oferecer m\u00e1xima flexibilidade e durabilidade epermite fazer diversos desenhos e formatos criativos., com alta prote\u00e7\u00e3o IP-65 o que a torna ideal para diversas aplica\u00e7\u00f5es inclusive em \u00e1reas externas. Com um fluxo luminoso linear, ela proporciona uma ilumina\u00e7\u00e3o direta e uniforme, perfeita para destacar ambientes com eleg\u00e2ncia e efici\u00eancia. Tens\u00e3o [&hellip;]<\/p>\n","protected":false},"featured_media":9575,"template":"","meta":[],"product_brand":[],"product_cat":[43,42],"product_tag":[64],"class_list":{"0":"post-9574","1":"product","2":"type-product","3":"status-publish","4":"has-post-thumbnail","6":"product_cat-fita-led","7":"product_cat-fitas-e-lampadas","8":"product_tag-fita-ledneonfita-exteernafita-ip65","10":"first","11":"instock","12":"shipping-taxable","13":"purchasable","14":"product-type-simple"},"_links":{"self":[{"href":"https:\/\/www.universoeletrico.com.br\/design\/index.php?rest_route=\/wp\/v2\/product\/9574","targetHints":{"allow":["GET"]}}],"collection":[{"href":"https:\/\/www.universoeletrico.com.br\/design\/index.php?rest_route=\/wp\/v2\/product"}],"about":[{"href":"https:\/\/www.universoeletrico.com.br\/design\/index.php?rest_route=\/wp\/v2\/types\/product"}],"wp:featuredmedia":[{"embeddable":true,"href":"https:\/\/www.universoeletrico.com.br\/design\/index.php?rest_route=\/wp\/v2\/media\/9575"}],"wp:attachment":[{"href":"https:\/\/www.universoeletrico.com.br\/design\/index.php?rest_route=%2Fwp%2Fv2%2Fmedia&parent=9574"}],"wp:term":[{"taxonomy":"product_brand","embeddable":true,"href":"https:\/\/www.universoeletrico.com.br\/design\/index.php?rest_route=%2Fwp%2Fv2%2Fproduct_brand&post=9574"},{"taxonomy":"product_cat","embeddable":true,"href":"https:\/\/www.universoeletrico.com.br\/design\/index.php?rest_route=%2Fwp%2Fv2%2Fproduct_cat&post=9574"},{"taxonomy":"product_tag","embeddable":true,"href":"https:\/\/www.universoeletrico.com.br\/design\/index.php?rest_route=%2Fwp%2Fv2%2Fproduct_tag&post=9574"}],"curies":[{"name":"wp","href":"https:\/\/api.w.org\/{rel}","templated":true}]}}