{"id":9566,"date":"2024-04-29T13:27:45","date_gmt":"2024-04-29T16:27:45","guid":{"rendered":"https:\/\/www.universoeletrico.com.br\/design\/?post_type=product&#038;p=9566"},"modified":"2026-02-26T16:52:34","modified_gmt":"2026-02-26T19:52:34","slug":"fita-led-10w-m-1000lm-w-3000k-110v-ip65","status":"publish","type":"product","link":"https:\/\/www.universoeletrico.com.br\/design\/?product=fita-led-10w-m-1000lm-w-3000k-110v-ip65","title":{"rendered":"FITA LED 10W\/M 1000LM\/W 3000k Tens\u00e3o 110V IP65"},"content":{"rendered":"<p>A Fita LED redefine o conceito de ilumina\u00e7\u00e3o pr\u00e1tica e adapt\u00e1vel dispensa uso de drive , com a sua op\u00e7\u00e3o de corte livre a cada 10cm, oferece uma liberdade excepcional na personaliza\u00e7\u00e3o e aplica\u00e7\u00e3o em diversos projetos de ilumina\u00e7\u00e3o. A capacidade de realizar pequenos cortes garante que voc\u00ea possa ajustar a ilumina\u00e7\u00e3o com precis\u00e3o \u00e0s necessidades espec\u00edficas do seu espa\u00e7o.<br \/>\nCom opera uma tens\u00e3o de 110\/127V, n\u00e3o necessita uso de drives e ou fontes. Al\u00e9m disso, a classifica\u00e7\u00e3o IP65 garante que a fita seja resistente a poeira e jatos de \u00e1gua, tornando-a adequada para uso tanto em ambientes internos quanto externos.<\/p>\n<p>Especifica\u00e7\u00f5es<br \/>\nFITA LED com prote\u00e7\u00e3o IP65 voltagem 110v pot\u00eancia 10w com 1000 &#8211; Lumens por metro<br \/>\n( n\u00e3o necessita uso de fontes ou drivers na instala\u00e7\u00e3o)<br \/>\nPonto de Corte: Dispon\u00edvel a cada 10cm com marca\u00e7\u00e3o<br \/>\nConex\u00e3o: Liga\u00e7\u00e3o direta na rede el\u00e9trica<br \/>\nA fita vem com adesivo auto colante que adere na superf\u00edcie.<\/p>\n<p>Tens\u00e3o 110\/127v &#8211;<\/p>\n<p>prote\u00e7\u00e3o &#8211; IP-65 &#8211; protegida contra jatos de agua e poeira<\/p>\n<p>Outras op\u00e7\u00f5es de temperatura de cor<\/p>\n<p>Fita 4000k 110V- 256630 &#8211; vendido em lances de 5 metros<br \/>\nFita 6500k 110v -256859 &#8211; vendido em Rolo de 10 metros<br \/>\nConector bivolt para fita &#8211; 256628<\/p>\n<p>&nbsp;<\/p>\n","protected":false},"excerpt":{"rendered":"<p>A Fita LED redefine o conceito de ilumina\u00e7\u00e3o pr\u00e1tica e adapt\u00e1vel dispensa uso de drive , com a sua op\u00e7\u00e3o de corte livre a cada 10cm, oferece uma liberdade excepcional na personaliza\u00e7\u00e3o e aplica\u00e7\u00e3o em diversos projetos de ilumina\u00e7\u00e3o. A capacidade de realizar pequenos cortes garante que voc\u00ea possa ajustar a ilumina\u00e7\u00e3o com precis\u00e3o \u00e0s [&hellip;]<\/p>\n","protected":false},"featured_media":9567,"template":"","meta":[],"product_brand":[],"product_cat":[43,42],"product_tag":[262,63,330],"class_list":{"0":"post-9566","1":"product","2":"type-product","3":"status-publish","4":"has-post-thumbnail","6":"product_cat-fita-led","7":"product_cat-fitas-e-lampadas","8":"product_tag-fita-direta","9":"product_tag-fita-led-iluminacao-linear-tensao-direta-127-double-line","10":"product_tag-lumens","12":"first","13":"instock","14":"shipping-taxable","15":"purchasable","16":"product-type-simple"},"_links":{"self":[{"href":"https:\/\/www.universoeletrico.com.br\/design\/index.php?rest_route=\/wp\/v2\/product\/9566","targetHints":{"allow":["GET"]}}],"collection":[{"href":"https:\/\/www.universoeletrico.com.br\/design\/index.php?rest_route=\/wp\/v2\/product"}],"about":[{"href":"https:\/\/www.universoeletrico.com.br\/design\/index.php?rest_route=\/wp\/v2\/types\/product"}],"wp:featuredmedia":[{"embeddable":true,"href":"https:\/\/www.universoeletrico.com.br\/design\/index.php?rest_route=\/wp\/v2\/media\/9567"}],"wp:attachment":[{"href":"https:\/\/www.universoeletrico.com.br\/design\/index.php?rest_route=%2Fwp%2Fv2%2Fmedia&parent=9566"}],"wp:term":[{"taxonomy":"product_brand","embeddable":true,"href":"https:\/\/www.universoeletrico.com.br\/design\/index.php?rest_route=%2Fwp%2Fv2%2Fproduct_brand&post=9566"},{"taxonomy":"product_cat","embeddable":true,"href":"https:\/\/www.universoeletrico.com.br\/design\/index.php?rest_route=%2Fwp%2Fv2%2Fproduct_cat&post=9566"},{"taxonomy":"product_tag","embeddable":true,"href":"https:\/\/www.universoeletrico.com.br\/design\/index.php?rest_route=%2Fwp%2Fv2%2Fproduct_tag&post=9566"}],"curies":[{"name":"wp","href":"https:\/\/api.w.org\/{rel}","templated":true}]}}