{"id":9506,"date":"2024-04-24T15:54:09","date_gmt":"2024-04-24T18:54:09","guid":{"rendered":"https:\/\/www.universoeletrico.com.br\/design\/?post_type=product&#038;p=9506"},"modified":"2026-01-15T15:36:32","modified_gmt":"2026-01-15T18:36:32","slug":"9506","status":"publish","type":"product","link":"https:\/\/www.universoeletrico.com.br\/design\/?product=9506","title":{"rendered":"Pendente Led spiral"},"content":{"rendered":"<p>PENDENTE Spiral Led<br \/>\nDimenss\u00f5es<br \/>\n120\u00d718CM<br \/>\nPot\u00eancia &#8211; 125W temperatura de cor 3000K Fluxo luminoso 12500LM BIVOLT ALUMINIO DOURADO+SILICONE<\/p>\n","protected":false},"excerpt":{"rendered":"<p>PENDENTE Spiral Led Dimenss\u00f5es 120\u00d718CM Pot\u00eancia &#8211; 125W temperatura de cor 3000K Fluxo luminoso 12500LM BIVOLT ALUMINIO DOURADO+SILICONE<\/p>\n","protected":false},"featured_media":9507,"template":"","meta":[],"product_brand":[],"product_cat":[27],"product_tag":[61],"class_list":{"0":"post-9506","1":"product","2":"type-product","3":"status-publish","4":"has-post-thumbnail","6":"product_cat-pendente","7":"product_tag-pendente-salapendente-mesa-jantarpendente-led","9":"first","10":"instock","11":"shipping-taxable","12":"purchasable","13":"product-type-simple"},"_links":{"self":[{"href":"https:\/\/www.universoeletrico.com.br\/design\/index.php?rest_route=\/wp\/v2\/product\/9506","targetHints":{"allow":["GET"]}}],"collection":[{"href":"https:\/\/www.universoeletrico.com.br\/design\/index.php?rest_route=\/wp\/v2\/product"}],"about":[{"href":"https:\/\/www.universoeletrico.com.br\/design\/index.php?rest_route=\/wp\/v2\/types\/product"}],"wp:featuredmedia":[{"embeddable":true,"href":"https:\/\/www.universoeletrico.com.br\/design\/index.php?rest_route=\/wp\/v2\/media\/9507"}],"wp:attachment":[{"href":"https:\/\/www.universoeletrico.com.br\/design\/index.php?rest_route=%2Fwp%2Fv2%2Fmedia&parent=9506"}],"wp:term":[{"taxonomy":"product_brand","embeddable":true,"href":"https:\/\/www.universoeletrico.com.br\/design\/index.php?rest_route=%2Fwp%2Fv2%2Fproduct_brand&post=9506"},{"taxonomy":"product_cat","embeddable":true,"href":"https:\/\/www.universoeletrico.com.br\/design\/index.php?rest_route=%2Fwp%2Fv2%2Fproduct_cat&post=9506"},{"taxonomy":"product_tag","embeddable":true,"href":"https:\/\/www.universoeletrico.com.br\/design\/index.php?rest_route=%2Fwp%2Fv2%2Fproduct_tag&post=9506"}],"curies":[{"name":"wp","href":"https:\/\/api.w.org\/{rel}","templated":true}]}}