{"id":9496,"date":"2024-04-23T16:56:09","date_gmt":"2024-04-23T19:56:09","guid":{"rendered":"https:\/\/www.universoeletrico.com.br\/design\/?post_type=product&#038;p=9496"},"modified":"2026-01-15T15:36:34","modified_gmt":"2026-01-15T18:36:34","slug":"9496","status":"publish","type":"product","link":"https:\/\/www.universoeletrico.com.br\/design\/?product=9496","title":{"rendered":"PENDENTE LED INVERSE RED 4 AROS 3K BC#"},"content":{"rendered":"<div class=\"Y3BBE\" data-sfc-cp=\"\" data-hveid=\"CAIQAA\" data-complete=\"true\" data-processed=\"true\">O\u00a0<strong class=\"Yjhzub\" data-complete=\"true\" data-processed=\"true\">Pendente LED Inverse Branco<\/strong> \u00e9 um lustre moderno e sofisticado, geralmente com design em an\u00e9is ou m\u00f3dulos ajust\u00e1veis, que oferece ilumina\u00e7\u00e3o LED branca quente <span class=\"uJ19be notranslate\" data-wiz-uids=\"SKHVzd_d,SKHVzd_e,SKHVzd_f\" data-complete=\"true\" data-processed=\"true\"><span class=\"vKEkVd\" data-animation-atomic=\"\" data-wiz-attrbind=\"class=SKHVzd_d\/TKHnVd;\" data-sae=\"\">\u00a0ele <\/span><\/span>\u00a0possui v\u00e1rias configura\u00e7\u00f5es de aros\/m\u00f3dulos e pot\u00eancias.\u00a0 Ele vem com o\u00a0cabo ajust\u00e1vel, que pode chegar a 5 metros em alguns modelos, \u00e9 um diferencial para uso em locais com p\u00e9 direito duplo.<\/div>\n","protected":false},"excerpt":{"rendered":"<p>O\u00a0Pendente LED Inverse Branco \u00e9 um lustre moderno e sofisticado, geralmente com design em an\u00e9is ou m\u00f3dulos ajust\u00e1veis, que oferece ilumina\u00e7\u00e3o LED branca quente \u00a0ele \u00a0possui v\u00e1rias configura\u00e7\u00f5es de aros\/m\u00f3dulos e pot\u00eancias.\u00a0 Ele vem com o\u00a0cabo ajust\u00e1vel, que pode chegar a 5 metros em alguns modelos, \u00e9 um diferencial para uso em locais com p\u00e9 [&hellip;]<\/p>\n","protected":false},"featured_media":11568,"template":"","meta":[],"product_brand":[],"product_cat":[23,16],"product_tag":[197,60,196,193,194,195],"class_list":{"0":"post-9496","1":"product","2":"type-product","3":"status-publish","4":"has-post-thumbnail","6":"product_cat-lustre-e-pendentes","7":"product_cat-residencial-e-predial","8":"product_tag-iluminacao-residencial","9":"product_tag-lustrepe-direito-duplo","10":"product_tag-pe-direito-duplo","11":"product_tag-pendente-anel-led","12":"product_tag-pendete-inverse","13":"product_tag-sala-jantar","15":"first","16":"instock","17":"shipping-taxable","18":"purchasable","19":"product-type-simple"},"_links":{"self":[{"href":"https:\/\/www.universoeletrico.com.br\/design\/index.php?rest_route=\/wp\/v2\/product\/9496","targetHints":{"allow":["GET"]}}],"collection":[{"href":"https:\/\/www.universoeletrico.com.br\/design\/index.php?rest_route=\/wp\/v2\/product"}],"about":[{"href":"https:\/\/www.universoeletrico.com.br\/design\/index.php?rest_route=\/wp\/v2\/types\/product"}],"wp:featuredmedia":[{"embeddable":true,"href":"https:\/\/www.universoeletrico.com.br\/design\/index.php?rest_route=\/wp\/v2\/media\/11568"}],"wp:attachment":[{"href":"https:\/\/www.universoeletrico.com.br\/design\/index.php?rest_route=%2Fwp%2Fv2%2Fmedia&parent=9496"}],"wp:term":[{"taxonomy":"product_brand","embeddable":true,"href":"https:\/\/www.universoeletrico.com.br\/design\/index.php?rest_route=%2Fwp%2Fv2%2Fproduct_brand&post=9496"},{"taxonomy":"product_cat","embeddable":true,"href":"https:\/\/www.universoeletrico.com.br\/design\/index.php?rest_route=%2Fwp%2Fv2%2Fproduct_cat&post=9496"},{"taxonomy":"product_tag","embeddable":true,"href":"https:\/\/www.universoeletrico.com.br\/design\/index.php?rest_route=%2Fwp%2Fv2%2Fproduct_tag&post=9496"}],"curies":[{"name":"wp","href":"https:\/\/api.w.org\/{rel}","templated":true}]}}