{"id":9492,"date":"2024-04-23T16:22:37","date_gmt":"2024-04-23T19:22:37","guid":{"rendered":"https:\/\/www.universoeletrico.com.br\/design\/?post_type=product&#038;p=9492"},"modified":"2026-01-15T15:36:34","modified_gmt":"2026-01-15T18:36:34","slug":"poste-balizador-externo-alumino","status":"publish","type":"product","link":"https:\/\/www.universoeletrico.com.br\/design\/?product=poste-balizador-externo-alumino","title":{"rendered":"POSTE BALIZADOR ALUM. 30CM 1XE27 PT TEXT"},"content":{"rendered":"<p>&#8211;<strong> Poste preto 30 cm &#8211;<\/strong><\/p>\n<p>Um perfeito poste instalando em \u00e1reas externa ou interna, para ilumina\u00e7\u00e3o de jardins, parques e \u00e1reas externas no geral. Seu estilo colonial traz um ar vintage ao ambiente com difusor Leitoso, oferecendo uma decora\u00e7\u00e3o simples e de muita classe, permitindo uma durabilidade maior. Constitui uma bela pe\u00e7a decorativa. O Poste para Jardim \u00e9 ideal para utiliza\u00e7\u00e3o em \u00e1reas externas, oferece a seguran\u00e7a e durabilidade por sua composi\u00e7\u00e3o. A instala\u00e7\u00e3o \u00e9 feita parafusando-o diretamente ao solo. Possui 30 cent\u00edmetros de altura.<\/p>\n<p>Caracter\u00edsticas:<br \/>\n. Lente de Policarbonato Transparente Texturizada;<br \/>\n. Tubo de Alum\u00ednio de 1,2 mm de espessura;<br \/>\n. Pintura el\u00e9trost\u00e1tica a P\u00f3 em Poliester;<br \/>\n. Bocal de fixa\u00e7\u00e3o de l\u00e2mpada tipo E27 de at\u00e9 4 Amp. \/ 250 Volts para 1 l\u00e2mpada;<br \/>\n. Projetada para utiliza\u00e7\u00e3o de l\u00e2mpada A60 de Led ou Eletr\u00f4nica<\/p>\n<p><strong> Consulte nossa equipe para outras op\u00e7\u00f5es de Cores:\u00a0 branco, verde, cinza sob encomenda;<\/strong><\/p>\n<p>&nbsp;<\/p>\n<p>veja tamb\u00e9m Outra op\u00e7\u00e3o de tamanho<\/p>\n<p>250529 &#8211; Poste preto 50 cm &#8211; consulte pelo c\u00f3digo na lupa de pesquisa<\/p>\n<p>&nbsp;<\/p>\n<p>&nbsp;<\/p>\n<p>&nbsp;<\/p>\n<p>&nbsp;<\/p>\n","protected":false},"excerpt":{"rendered":"<p>&#8211; Poste preto 30 cm &#8211; Um perfeito poste instalando em \u00e1reas externa ou interna, para ilumina\u00e7\u00e3o de jardins, parques e \u00e1reas externas no geral. Seu estilo colonial traz um ar vintage ao ambiente com difusor Leitoso, oferecendo uma decora\u00e7\u00e3o simples e de muita classe, permitindo uma durabilidade maior. Constitui uma bela pe\u00e7a decorativa. O [&hellip;]<\/p>\n","protected":false},"featured_media":11424,"template":"","meta":[],"product_brand":[],"product_cat":[28,39],"product_tag":[59],"class_list":{"0":"post-9492","1":"product","2":"type-product","3":"status-publish","4":"has-post-thumbnail","6":"product_cat-area-externa","7":"product_cat-postes","8":"product_tag-postebalizadrojardimcaminho","10":"first","11":"instock","12":"shipping-taxable","13":"purchasable","14":"product-type-simple"},"_links":{"self":[{"href":"https:\/\/www.universoeletrico.com.br\/design\/index.php?rest_route=\/wp\/v2\/product\/9492","targetHints":{"allow":["GET"]}}],"collection":[{"href":"https:\/\/www.universoeletrico.com.br\/design\/index.php?rest_route=\/wp\/v2\/product"}],"about":[{"href":"https:\/\/www.universoeletrico.com.br\/design\/index.php?rest_route=\/wp\/v2\/types\/product"}],"wp:featuredmedia":[{"embeddable":true,"href":"https:\/\/www.universoeletrico.com.br\/design\/index.php?rest_route=\/wp\/v2\/media\/11424"}],"wp:attachment":[{"href":"https:\/\/www.universoeletrico.com.br\/design\/index.php?rest_route=%2Fwp%2Fv2%2Fmedia&parent=9492"}],"wp:term":[{"taxonomy":"product_brand","embeddable":true,"href":"https:\/\/www.universoeletrico.com.br\/design\/index.php?rest_route=%2Fwp%2Fv2%2Fproduct_brand&post=9492"},{"taxonomy":"product_cat","embeddable":true,"href":"https:\/\/www.universoeletrico.com.br\/design\/index.php?rest_route=%2Fwp%2Fv2%2Fproduct_cat&post=9492"},{"taxonomy":"product_tag","embeddable":true,"href":"https:\/\/www.universoeletrico.com.br\/design\/index.php?rest_route=%2Fwp%2Fv2%2Fproduct_tag&post=9492"}],"curies":[{"name":"wp","href":"https:\/\/api.w.org\/{rel}","templated":true}]}}