{"id":9258,"date":"2023-12-22T16:05:21","date_gmt":"2023-12-22T19:05:21","guid":{"rendered":"https:\/\/www.universoeletrico.com.br\/design\/?post_type=product&#038;p=9258"},"modified":"2026-01-15T15:36:36","modified_gmt":"2026-01-15T18:36:36","slug":"projetor-refletor-solar-led","status":"publish","type":"product","link":"https:\/\/www.universoeletrico.com.br\/design\/?product=projetor-refletor-solar-led","title":{"rendered":"LUMINARIA LED PUBLICA 150W 6500K S\/BASE RELE"},"content":{"rendered":"<p>l<strong>Lumin\u00e1ria P\u00fablica LED 200W 6500k com Fotoc\u00e9lula Interna<\/strong>, projetada para ilumina\u00e7\u00e3o de estacionamentos e espa\u00e7os urbanos. Gera 18<strong>.000 l\u00famens<\/strong> em branco frio (6500K), garantindo alta efici\u00eancia e economia de energia. Estrutura em<strong>\u00a0resistente<\/strong>, com lente batwing, oferece\u00a0<strong>prote\u00e7\u00e3o IP65<\/strong>\u00a0contra poeira e \u00e1gua. Funciona em\u00a0<strong>bivolt autom\u00e1tico (110\u2013220V)<\/strong>, com \u00e2ngulo de abertura de\u00a0<strong>125\u00b0<\/strong>.<\/p>\n<p>A lumin\u00e1ria n\u00e3o acompanha o suporte para instala\u00e7\u00e3o no poste ( vendido separadamente, conforme abaixo)<br \/>\nSuporte para topo de poste de 76mm &#8211; ( para medidas de topo de poste diferente de 76mm, favor consultar ) Vendido separadamente<br \/>\n18520 &#8211; para 1 lumin\u00e1rias<br \/>\n18521 &#8211; para 2 lumin\u00e1rias<\/p>\n<p>Abaixo segue outras op\u00e7\u00f5es de potencia Consulte nossa equipe de vendas.<\/p>\n<p>&nbsp;<\/p>\n<ul>\n<li>Fluxo luminiso &#8211; 18.000 lumens<\/li>\n<li>Indicie de prote\u00e7\u00e3o &#8211; IP65<\/li>\n<li>Temperatura de cor 6500k<\/li>\n<li>Rele foto celula incluso<\/li>\n<li>Preparada para encaixe me Bra\u00e7os de poste de at\u00e9 57mm<\/li>\n<\/ul>\n<p>Consulte outras op\u00e7\u00f5es de pot\u00eancia com nossa equipe de vendas<\/p>\n<p>&nbsp;<\/p>\n<p>18507 &#8211; LUMINARIA LED PUBLICA 150W 6500K SEM BASE<\/p>\n<p>18508 &#8211; LUMINARIA LED PUBLICA 200W 6500K SEM BASE<\/p>\n<p>&nbsp;<\/p>\n<p>&nbsp;<\/p>\n<p>&nbsp;<\/p>\n","protected":false},"excerpt":{"rendered":"<p>lLumin\u00e1ria P\u00fablica LED 200W 6500k com Fotoc\u00e9lula Interna, projetada para ilumina\u00e7\u00e3o de estacionamentos e espa\u00e7os urbanos. Gera 18.000 l\u00famens em branco frio (6500K), garantindo alta efici\u00eancia e economia de energia. Estrutura em\u00a0resistente, com lente batwing, oferece\u00a0prote\u00e7\u00e3o IP65\u00a0contra poeira e \u00e1gua. Funciona em\u00a0bivolt autom\u00e1tico (110\u2013220V), com \u00e2ngulo de abertura de\u00a0125\u00b0. A lumin\u00e1ria n\u00e3o acompanha o suporte [&hellip;]<\/p>\n","protected":false},"featured_media":11496,"template":"","meta":[],"product_brand":[],"product_cat":[28,41],"product_tag":[200,198,115,142,199],"class_list":{"0":"post-9258","1":"product","2":"type-product","3":"status-publish","4":"has-post-thumbnail","6":"product_cat-area-externa","7":"product_cat-refletores-e-projetores","8":"product_tag-iluminacao-de-condominio","9":"product_tag-iluminacao-de-pracas","10":"product_tag-iluminacao-externa","11":"product_tag-iluminacao-publica","12":"product_tag-urbana","14":"first","15":"instock","16":"shipping-taxable","17":"purchasable","18":"product-type-simple"},"_links":{"self":[{"href":"https:\/\/www.universoeletrico.com.br\/design\/index.php?rest_route=\/wp\/v2\/product\/9258","targetHints":{"allow":["GET"]}}],"collection":[{"href":"https:\/\/www.universoeletrico.com.br\/design\/index.php?rest_route=\/wp\/v2\/product"}],"about":[{"href":"https:\/\/www.universoeletrico.com.br\/design\/index.php?rest_route=\/wp\/v2\/types\/product"}],"wp:featuredmedia":[{"embeddable":true,"href":"https:\/\/www.universoeletrico.com.br\/design\/index.php?rest_route=\/wp\/v2\/media\/11496"}],"wp:attachment":[{"href":"https:\/\/www.universoeletrico.com.br\/design\/index.php?rest_route=%2Fwp%2Fv2%2Fmedia&parent=9258"}],"wp:term":[{"taxonomy":"product_brand","embeddable":true,"href":"https:\/\/www.universoeletrico.com.br\/design\/index.php?rest_route=%2Fwp%2Fv2%2Fproduct_brand&post=9258"},{"taxonomy":"product_cat","embeddable":true,"href":"https:\/\/www.universoeletrico.com.br\/design\/index.php?rest_route=%2Fwp%2Fv2%2Fproduct_cat&post=9258"},{"taxonomy":"product_tag","embeddable":true,"href":"https:\/\/www.universoeletrico.com.br\/design\/index.php?rest_route=%2Fwp%2Fv2%2Fproduct_tag&post=9258"}],"curies":[{"name":"wp","href":"https:\/\/api.w.org\/{rel}","templated":true}]}}