{"id":9236,"date":"2023-12-21T11:23:22","date_gmt":"2023-12-21T14:23:22","guid":{"rendered":"https:\/\/www.universoeletrico.com.br\/design\/?post_type=product&#038;p=9236"},"modified":"2026-02-26T14:58:54","modified_gmt":"2026-02-26T17:58:54","slug":"foco-embutido-led-pico-micro-dowlight-veneza","status":"publish","type":"product","link":"https:\/\/www.universoeletrico.com.br\/design\/?product=foco-embutido-led-pico-micro-dowlight-veneza","title":{"rendered":"EMBUTIDO VIGO 6W 3K 480L 24\u00b0 PT EVON"},"content":{"rendered":"<p>Downlight led embutido \u00e9 a solu\u00e7\u00e3o perfeita para ambientes que requerem uma ilumina\u00e7\u00e3o suave e indireta, como banheiro, cozinha, escrit\u00f3rio, quarto, sala de estar, sala de jantar, home office, hall, lavabo, varanda, closet e corredores e at\u00e9 como luz complementar e decorativa em divesos ambientes comerciais e residenciais<\/p>\n<p>Pot\u00eancia &#8211; 6w<\/p>\n<p>tens\u00e3o &#8211; Bivolt<\/p>\n<p>fluxo luminoso 480 lumens<\/p>\n<p>Indicie de prote\u00e7\u00e3o &#8211; IP-20<\/p>\n<p>Angulo abertura &#8211; 24\u00b0<\/p>\n<p>dimenss\u00f5es: &#8211; 97mm x 45mm x 33mm<\/p>\n<p><strong>Consulte tamb\u00e9m em nossa p\u00e1gina outras op\u00e7\u00f5es da familia como:<\/strong><\/p>\n<p>Acabamento na Cor &#8211; Branco ou preto com branco<\/p>\n<p>Pontencias &#8211; 2w &#8211; 4w 10w 20w<\/p>\n<p>Temperatura de cor &#8211; 4000k<\/p>\n<p>#PICCO; #PICO# ;#PUNTO; #PIXEL<\/p>\n","protected":false},"excerpt":{"rendered":"<p>Downlight led embutido \u00e9 a solu\u00e7\u00e3o perfeita para ambientes que requerem uma ilumina\u00e7\u00e3o suave e indireta, como banheiro, cozinha, escrit\u00f3rio, quarto, sala de estar, sala de jantar, home office, hall, lavabo, varanda, closet e corredores e at\u00e9 como luz complementar e decorativa em divesos ambientes comerciais e residenciais Pot\u00eancia &#8211; 6w tens\u00e3o &#8211; Bivolt fluxo [&hellip;]<\/p>\n","protected":false},"featured_media":11408,"template":"","meta":[],"product_brand":[],"product_cat":[19,16],"product_tag":[99,93,97,96,94,98,95],"class_list":{"0":"post-9236","1":"product","2":"type-product","3":"status-publish","4":"has-post-thumbnail","6":"product_cat-perfil-e-eplafons-embutidos","7":"product_cat-residencial-e-predial","8":"product_tag-dowlight","9":"product_tag-dowlight-pico","10":"product_tag-interlight","11":"product_tag-luminaria-vigo","12":"product_tag-picco","13":"product_tag-pix","14":"product_tag-vigo","16":"first","17":"instock","18":"shipping-taxable","19":"purchasable","20":"product-type-simple"},"_links":{"self":[{"href":"https:\/\/www.universoeletrico.com.br\/design\/index.php?rest_route=\/wp\/v2\/product\/9236","targetHints":{"allow":["GET"]}}],"collection":[{"href":"https:\/\/www.universoeletrico.com.br\/design\/index.php?rest_route=\/wp\/v2\/product"}],"about":[{"href":"https:\/\/www.universoeletrico.com.br\/design\/index.php?rest_route=\/wp\/v2\/types\/product"}],"wp:featuredmedia":[{"embeddable":true,"href":"https:\/\/www.universoeletrico.com.br\/design\/index.php?rest_route=\/wp\/v2\/media\/11408"}],"wp:attachment":[{"href":"https:\/\/www.universoeletrico.com.br\/design\/index.php?rest_route=%2Fwp%2Fv2%2Fmedia&parent=9236"}],"wp:term":[{"taxonomy":"product_brand","embeddable":true,"href":"https:\/\/www.universoeletrico.com.br\/design\/index.php?rest_route=%2Fwp%2Fv2%2Fproduct_brand&post=9236"},{"taxonomy":"product_cat","embeddable":true,"href":"https:\/\/www.universoeletrico.com.br\/design\/index.php?rest_route=%2Fwp%2Fv2%2Fproduct_cat&post=9236"},{"taxonomy":"product_tag","embeddable":true,"href":"https:\/\/www.universoeletrico.com.br\/design\/index.php?rest_route=%2Fwp%2Fv2%2Fproduct_tag&post=9236"}],"curies":[{"name":"wp","href":"https:\/\/api.w.org\/{rel}","templated":true}]}}