{"id":5755,"date":"2019-11-25T15:08:31","date_gmt":"2019-11-25T18:08:31","guid":{"rendered":"https:\/\/www.universoeletrico.com.br\/design\/?post_type=product&#038;p=5755"},"modified":"2026-01-15T15:44:45","modified_gmt":"2026-01-15T18:44:45","slug":"arandela-led-reflex","status":"publish","type":"product","link":"https:\/\/www.universoeletrico.com.br\/design\/?product=arandela-led-reflex","title":{"rendered":"*ARANDELA SLIM II LED ESP 60CM 3000K PT"},"content":{"rendered":"<p>As arandelas slim LED de 60cm est\u00e3o dispon\u00edveis em diversos modelos, com op\u00e7\u00f5es de luz direta ou indireta e uma variedade de acabamentos, como preto, branco e dourado. Elas s\u00e3o ideais para criar um ambiente moderno e sofisticado em corredores, quartos e salas de estar.<span class=\"uJ19be notranslate\" data-wiz-uids=\"OSoWGd_c,OSoWGd_d,OSoWGd_e\" data-complete=\"true\" data-processed=\"true\"><span class=\"vKEkVd\" data-animation-atomic=\"\" data-wiz-attrbind=\"class=OSoWGd_c\/TKHnVd;\" data-sae=\"\">\u00a0<\/span><\/span><\/p>\n<p>DIMENSS\u00d5ES<\/p>\n<p>60CM X 2CM X 5CM<\/p>\n<p>FLUXO LUMINSO 1000 LUMENS<\/p>\n<p>CONSULTE NOSSA EQUIPE DE VENDAS OUTRAS OP\u00c7\u00d5ES DE TAMANHOS E ACABAMENTOS<\/p>\n<p>244525 &#8211; *ARANDELA SLIM II LED 100CM 3000K PTO<\/p>\n<p>244253 &#8211; *ARANDELA SLIM II LED 120CM 3000K PTO<\/p>\n<p>&nbsp;<\/p>\n<p>&nbsp;<\/p>\n<p>&nbsp;<\/p>\n","protected":false},"excerpt":{"rendered":"<p>As arandelas slim LED de 60cm est\u00e3o dispon\u00edveis em diversos modelos, com op\u00e7\u00f5es de luz direta ou indireta e uma variedade de acabamentos, como preto, branco e dourado. Elas s\u00e3o ideais para criar um ambiente moderno e sofisticado em corredores, quartos e salas de estar.\u00a0 DIMENSS\u00d5ES 60CM X 2CM X 5CM FLUXO LUMINSO 1000 LUMENS [&hellip;]<\/p>\n","protected":false},"featured_media":11556,"template":"","meta":[],"product_brand":[],"product_cat":[18,16],"product_tag":[],"class_list":{"0":"post-5755","1":"product","2":"type-product","3":"status-publish","4":"has-post-thumbnail","6":"product_cat-arandelas-internas","7":"product_cat-residencial-e-predial","9":"first","10":"instock","11":"shipping-taxable","12":"purchasable","13":"product-type-simple"},"_links":{"self":[{"href":"https:\/\/www.universoeletrico.com.br\/design\/index.php?rest_route=\/wp\/v2\/product\/5755","targetHints":{"allow":["GET"]}}],"collection":[{"href":"https:\/\/www.universoeletrico.com.br\/design\/index.php?rest_route=\/wp\/v2\/product"}],"about":[{"href":"https:\/\/www.universoeletrico.com.br\/design\/index.php?rest_route=\/wp\/v2\/types\/product"}],"wp:featuredmedia":[{"embeddable":true,"href":"https:\/\/www.universoeletrico.com.br\/design\/index.php?rest_route=\/wp\/v2\/media\/11556"}],"wp:attachment":[{"href":"https:\/\/www.universoeletrico.com.br\/design\/index.php?rest_route=%2Fwp%2Fv2%2Fmedia&parent=5755"}],"wp:term":[{"taxonomy":"product_brand","embeddable":true,"href":"https:\/\/www.universoeletrico.com.br\/design\/index.php?rest_route=%2Fwp%2Fv2%2Fproduct_brand&post=5755"},{"taxonomy":"product_cat","embeddable":true,"href":"https:\/\/www.universoeletrico.com.br\/design\/index.php?rest_route=%2Fwp%2Fv2%2Fproduct_cat&post=5755"},{"taxonomy":"product_tag","embeddable":true,"href":"https:\/\/www.universoeletrico.com.br\/design\/index.php?rest_route=%2Fwp%2Fv2%2Fproduct_tag&post=5755"}],"curies":[{"name":"wp","href":"https:\/\/api.w.org\/{rel}","templated":true}]}}