{"id":5701,"date":"2019-11-22T10:12:20","date_gmt":"2019-11-22T13:12:20","guid":{"rendered":"https:\/\/www.universoeletrico.com.br\/design\/?post_type=product&#038;p=5701"},"modified":"2026-04-08T10:55:07","modified_gmt":"2026-04-08T13:55:07","slug":"embutidos-orientaveis-em-abs","status":"publish","type":"product","link":"https:\/\/www.universoeletrico.com.br\/design\/?product=embutidos-orientaveis-em-abs","title":{"rendered":"EMBUTIDO ORIENT. QUAD. RECUA. 1XMR16BC"},"content":{"rendered":"<div class=\"Y3BBE\" data-sfc-cp=\"\" data-sfc-root=\"c\" data-sfc-cb=\"\" data-hveid=\"CAIQAA\" data-complete=\"true\" data-processed=\"true\"><span data-subtree=\"aimfl\" data-processed=\"true\">O <\/span><strong class=\"Yjhzub\" data-sfc-root=\"c\" data-sfc-cb=\"\" data-complete=\"true\" data-processed=\"true\">embutido recuado<\/strong>\u00a0<mark class=\"HxTRcb\" data-sfc-root=\"c\" data-sfc-cb=\"\" data-complete=\"true\" data-sae=\"\">\u00e9 um tipo de lumin\u00e1ria instalada dentro do forro (como gesso, madeira ou PVC) onde a l\u00e2mpada fica posicionada alguns cent\u00edmetros para dentro da pe\u00e7a, e n\u00e3o rente \u00e0 face externa<\/mark>. Esse design \u00e9 amplamente utilizado em projetos modernos por oferecer maior conforto visual, j\u00e1 que o recuo esconde a fonte de luz e reduz o ofuscamento direto nos olh<\/div>\n<div class=\"Fsg96\" data-sfc-cp=\"\" data-sfc-root=\"c\" data-sfc-cb=\"\" data-complete=\"true\" data-processed=\"true\"><\/div>\n<div class=\"otQkpb\" role=\"heading\" aria-level=\"3\" data-animation-nesting=\"\" data-sfc-cp=\"\" data-sfc-root=\"c\" data-sfc-cb=\"\" data-complete=\"true\" data-processed=\"true\" data-sae=\"\">Principais Caracter\u00edsticas<\/div>\n<ul class=\"KsbFXc U6u95\" data-sfc-root=\"c\" data-sfc-cb=\"\" data-complete=\"true\" data-processed=\"true\">\n<li class=\"dF3vjf\" data-sfc-root=\"c\" data-sfc-cb=\"\" data-hveid=\"CAQQAA\" data-complete=\"true\" data-sae=\"\"><span class=\"T286Pc\" data-sfc-cp=\"\" data-sfc-root=\"c\" data-sfc-cb=\"\" data-complete=\"true\"><strong class=\"Yjhzub\" data-sfc-root=\"c\" data-sfc-cb=\"\" data-complete=\"true\">Conforto Visual:<\/strong>\u00a0O facho de luz \u00e9 direcionado sem que a l\u00e2mpada brilhe diretamente para quem est\u00e1 no ambiente.<\/span><\/li>\n<li class=\"dF3vjf\" data-sfc-root=\"c\" data-sfc-cb=\"\" data-hveid=\"CAQQAQ\" data-complete=\"true\" data-sae=\"\"><span class=\"T286Pc\" data-sfc-cp=\"\" data-sfc-root=\"c\" data-sfc-cb=\"\" data-complete=\"true\"><strong class=\"Yjhzub\" data-sfc-root=\"c\" data-sfc-cb=\"\" data-complete=\"true\">Design Clean:<\/strong>\u00a0Cria um efeito de &#8220;luz vinda do nada&#8221;, deixando o teto com um acabamento mais discreto e elegante.<\/span><\/li>\n<li class=\"dF3vjf\" data-sfc-root=\"c\" data-sfc-cb=\"\" data-hveid=\"CAQQAg\" data-complete=\"true\" data-sae=\"\"><span class=\"T286Pc\" data-sfc-cp=\"\" data-sfc-root=\"c\" data-sfc-cb=\"\" data-complete=\"true\"><strong class=\"Yjhzub\" data-sfc-root=\"c\" data-sfc-cb=\"\" data-complete=\"true\">Versatilidade:<\/strong>\u00a0Existem modelos quadrados, redondos, simples, duplos ou qu\u00e1druplos.<\/span><\/li>\n<li class=\"dF3vjf\" data-sfc-root=\"c\" data-sfc-cb=\"\" data-hveid=\"CAQQAw\" data-complete=\"true\" data-sae=\"\"><span class=\"T286Pc\" data-sfc-cp=\"\" data-sfc-root=\"c\" data-sfc-cb=\"\" data-complete=\"true\"><strong class=\"Yjhzub\" data-sfc-root=\"c\" data-sfc-cb=\"\" data-complete=\"true\">Foco Direcion\u00e1vel:<\/strong>\u00a0A maioria dos modelos permite ajustar o \u00e2ngulo da l\u00e2mpada (sistema orbital) para destacar quadros, texturas ou <\/span><\/li>\n<\/ul>\n<div class=\"Fsg96\" data-sfc-cp=\"\" data-sfc-root=\"c\" data-sfc-cb=\"\" data-complete=\"true\" data-processed=\"true\"><\/div>\n<div class=\"otQkpb\" role=\"heading\" aria-level=\"3\" data-animation-nesting=\"\" data-sfc-cp=\"\" data-sfc-root=\"c\" data-sfc-cb=\"\" data-complete=\"true\" data-processed=\"true\" data-sae=\"\">Onde Usar<\/div>\n<ul class=\"KsbFXc U6u95\" data-sfc-root=\"c\" data-sfc-cb=\"\" data-processed=\"true\" data-complete=\"true\">\n<li class=\"dF3vjf\" data-sfc-root=\"c\" data-sfc-cb=\"\" data-hveid=\"CAYQAA\" data-complete=\"true\" data-sae=\"\"><span class=\"T286Pc\" data-sfc-cp=\"\" data-sfc-root=\"c\" data-sfc-cb=\"\" data-complete=\"true\"><strong class=\"Yjhzub\" data-sfc-root=\"c\" data-sfc-cb=\"\" data-complete=\"true\">Ilumina\u00e7\u00e3o de Destaque:<\/strong>\u00a0Ideal para real\u00e7ar objetos decorativos, mesas de cabeceira ou paredes com revestimento especial.<\/span><\/li>\n<li class=\"dF3vjf\" data-sfc-root=\"c\" data-sfc-cb=\"\" data-hveid=\"CAYQAQ\" data-complete=\"true\" data-sae=\"\"><span class=\"T286Pc\" data-sfc-cp=\"\" data-sfc-root=\"c\" data-sfc-cb=\"\" data-complete=\"true\"><strong class=\"Yjhzub\" data-sfc-root=\"c\" data-sfc-cb=\"\" data-complete=\"true\">\u00c1reas de Trabalho:<\/strong>\u00a0Pode ser usado em cozinhas ou escrit\u00f3rios para focar a luz em bancadas.<\/span><\/li>\n<li class=\"dF3vjf\" data-sfc-root=\"c\" data-sfc-cb=\"\" data-hveid=\"CAYQAg\" data-sae=\"\" data-complete=\"true\"><span class=\"T286Pc\" data-sfc-cp=\"\" data-sfc-root=\"c\" data-sfc-cb=\"\" data-complete=\"true\" aria-owns=\"action-menu-parent-container\"><strong class=\"Yjhzub\" data-sfc-root=\"c\" data-sfc-cb=\"\" data-complete=\"true\">Salas e Quartos:<\/strong>\u00a0Proporciona uma ilumina\u00e7\u00e3o mais c\u00eanica e aconchegante.<\/span><\/li>\n<\/ul>\n<p>Consulte outras op\u00e7\u00f5es de l\u00e2mpadas<\/p>\n<p>1X DIC. MR11 &#8211; 251085<\/p>\n<p>1X PAR 20 &#8211; 251088<br \/>\n1X PAR 30 &#8211; 251090<br \/>\n1X AR 70 &#8211; 251094<br \/>\n1X AR 111 &#8211; 251093<\/p>\n<p>&nbsp;<\/p>\n","protected":false},"excerpt":{"rendered":"<p>O embutido recuado\u00a0\u00e9 um tipo de lumin\u00e1ria instalada dentro do forro (como gesso, madeira ou PVC) onde a l\u00e2mpada fica posicionada alguns cent\u00edmetros para dentro da pe\u00e7a, e n\u00e3o rente \u00e0 face externa. Esse design \u00e9 amplamente utilizado em projetos modernos por oferecer maior conforto visual, j\u00e1 que o recuo esconde a fonte de luz [&hellip;]<\/p>\n","protected":false},"featured_media":5702,"template":"","meta":[],"product_brand":[],"product_cat":[20,19,16],"product_tag":[340,341,344,343,345,342],"class_list":{"0":"post-5701","1":"product","2":"type-product","3":"status-publish","4":"has-post-thumbnail","6":"product_cat-comercial","7":"product_cat-perfil-e-eplafons-embutidos","8":"product_cat-residencial-e-predial","9":"product_tag-embutido-dicroica","10":"product_tag-embutido-recuado","11":"product_tag-iluminacao-cenarios","12":"product_tag-iluminacao-embutida","13":"product_tag-iluminacao-sala-iluminacao-de-foco","14":"product_tag-iluminacao-tecnica","16":"first","17":"instock","18":"shipping-taxable","19":"purchasable","20":"product-type-simple"},"_links":{"self":[{"href":"https:\/\/www.universoeletrico.com.br\/design\/index.php?rest_route=\/wp\/v2\/product\/5701","targetHints":{"allow":["GET"]}}],"collection":[{"href":"https:\/\/www.universoeletrico.com.br\/design\/index.php?rest_route=\/wp\/v2\/product"}],"about":[{"href":"https:\/\/www.universoeletrico.com.br\/design\/index.php?rest_route=\/wp\/v2\/types\/product"}],"wp:featuredmedia":[{"embeddable":true,"href":"https:\/\/www.universoeletrico.com.br\/design\/index.php?rest_route=\/wp\/v2\/media\/5702"}],"wp:attachment":[{"href":"https:\/\/www.universoeletrico.com.br\/design\/index.php?rest_route=%2Fwp%2Fv2%2Fmedia&parent=5701"}],"wp:term":[{"taxonomy":"product_brand","embeddable":true,"href":"https:\/\/www.universoeletrico.com.br\/design\/index.php?rest_route=%2Fwp%2Fv2%2Fproduct_brand&post=5701"},{"taxonomy":"product_cat","embeddable":true,"href":"https:\/\/www.universoeletrico.com.br\/design\/index.php?rest_route=%2Fwp%2Fv2%2Fproduct_cat&post=5701"},{"taxonomy":"product_tag","embeddable":true,"href":"https:\/\/www.universoeletrico.com.br\/design\/index.php?rest_route=%2Fwp%2Fv2%2Fproduct_tag&post=5701"}],"curies":[{"name":"wp","href":"https:\/\/api.w.org\/{rel}","templated":true}]}}