{"id":5687,"date":"2019-10-22T08:01:40","date_gmt":"2019-10-22T11:01:40","guid":{"rendered":"https:\/\/www.universoeletrico.com.br\/design\/?post_type=product&#038;p=5687"},"modified":"2026-01-15T15:44:47","modified_gmt":"2026-01-15T18:44:47","slug":"spot-projetor-led-integrado-para-trilho","status":"publish","type":"product","link":"https:\/\/www.universoeletrico.com.br\/design\/?product=spot-projetor-led-integrado-para-trilho","title":{"rendered":"PROJETOR LED DULI PARA TRILHO ELETRIFICADO 6W 4000K PT#"},"content":{"rendered":"<p>O spot ptojetor dulli \u00e9 projtado para ser usado em triljos eletrificados <strong>( vendidos separadamente) <\/strong>eles s\u00e3o a escolha ideal para iluminar espa\u00e7os com alta performance. S\u00e3o pe\u00e7as projetada para trilho eletrificado, oque facilita o uso de diversos spots, mesmo tendo 1 \u00fanico ponto de luz<\/p>\n<p><span class=\"table flex\">Pot\u00eancia 6W &#8211; Bivolt<\/span><\/p>\n<p><span class=\"table flex\">IRC (\u00cdndice de Reprodu\u00e7\u00e3o de Cor)&gt;9 0 <\/span><\/p>\n<p><span class=\"table flex\">\u00c2ngulo de Abertura120\u00b0 <\/span><\/p>\n<p><span class=\"table flex\">Fluxo Luminoso 430 l\u00famens <\/span><\/p>\n<p>Para usar este spot, voc\u00ea dever\u00e1 comprar\u00a0 trilhos eletrificados que s\u00e3o vendidos em barras de 1e 2 metros e podem ser conectados uns aos outros.<\/p>\n<p>Consulte nossa equipe de vendas para aquisi\u00e7\u00e3o dos trilhos<\/p>\n<ul>\n<li>\n<h3><strong>Trilho de 1 metro<\/strong><\/h3>\n<p><strong>\u00a0 \u00a0 Preto &#8211; 251664<\/strong><\/p>\n<p><strong>\u00a0 \u00a0 Branco &#8211; 251665<\/strong><\/p>\n<h3><strong>Trilho de 2 metros<\/strong><\/h3>\n<p>Preto &#8211; 251666<\/p>\n<p>Branco -251667<\/li>\n<li>OUTRAS OP\u00c7\u00d5ES DE ACABAMENTO E COR<\/li>\n<li>255787 &#8211; PROJETOR LED DULI PARA TRILHO ELETRIFICADO 6W 4000K BR#<\/li>\n<li>257211 &#8211; PROJETOR LED DULI PARA TRILHO ELETRIFICADO 6W\u00a0 3000K PT#<\/li>\n<\/ul>\n","protected":false},"excerpt":{"rendered":"<p>O spot ptojetor dulli \u00e9 projtado para ser usado em triljos eletrificados ( vendidos separadamente) eles s\u00e3o a escolha ideal para iluminar espa\u00e7os com alta performance. S\u00e3o pe\u00e7as projetada para trilho eletrificado, oque facilita o uso de diversos spots, mesmo tendo 1 \u00fanico ponto de luz Pot\u00eancia 6W &#8211; Bivolt IRC (\u00cdndice de Reprodu\u00e7\u00e3o de [&hellip;]<\/p>\n","protected":false},"featured_media":5690,"template":"","meta":[],"product_brand":[],"product_cat":[16,25],"product_tag":[53,54,55,56],"class_list":{"0":"post-5687","1":"product","2":"type-product","3":"status-publish","4":"has-post-thumbnail","6":"product_cat-residencial-e-predial","7":"product_cat-spots-e-trilhos-eletrificados","8":"product_tag-spot","9":"product_tag-spot-led","10":"product_tag-trilho","11":"product_tag-trilho-eltrificado","13":"first","14":"instock","15":"shipping-taxable","16":"purchasable","17":"product-type-simple"},"_links":{"self":[{"href":"https:\/\/www.universoeletrico.com.br\/design\/index.php?rest_route=\/wp\/v2\/product\/5687","targetHints":{"allow":["GET"]}}],"collection":[{"href":"https:\/\/www.universoeletrico.com.br\/design\/index.php?rest_route=\/wp\/v2\/product"}],"about":[{"href":"https:\/\/www.universoeletrico.com.br\/design\/index.php?rest_route=\/wp\/v2\/types\/product"}],"wp:featuredmedia":[{"embeddable":true,"href":"https:\/\/www.universoeletrico.com.br\/design\/index.php?rest_route=\/wp\/v2\/media\/5690"}],"wp:attachment":[{"href":"https:\/\/www.universoeletrico.com.br\/design\/index.php?rest_route=%2Fwp%2Fv2%2Fmedia&parent=5687"}],"wp:term":[{"taxonomy":"product_brand","embeddable":true,"href":"https:\/\/www.universoeletrico.com.br\/design\/index.php?rest_route=%2Fwp%2Fv2%2Fproduct_brand&post=5687"},{"taxonomy":"product_cat","embeddable":true,"href":"https:\/\/www.universoeletrico.com.br\/design\/index.php?rest_route=%2Fwp%2Fv2%2Fproduct_cat&post=5687"},{"taxonomy":"product_tag","embeddable":true,"href":"https:\/\/www.universoeletrico.com.br\/design\/index.php?rest_route=%2Fwp%2Fv2%2Fproduct_tag&post=5687"}],"curies":[{"name":"wp","href":"https:\/\/api.w.org\/{rel}","templated":true}]}}