{"id":5631,"date":"2019-08-05T10:19:49","date_gmt":"2019-08-05T13:19:49","guid":{"rendered":"https:\/\/www.universoeletrico.com.br\/design\/?post_type=product&#038;p=5631"},"modified":"2026-01-15T15:44:48","modified_gmt":"2026-01-15T18:44:48","slug":"luminaria-piso-vintage-marrom","status":"publish","type":"product","link":"https:\/\/www.universoeletrico.com.br\/design\/?product=luminaria-piso-vintage-marrom","title":{"rendered":"*LUMINARIA PISO.RET.VID.60CM2XE27 MR\/TXT"},"content":{"rendered":"<p>&nbsp;<\/p>\n<p>Descri\u00e7\u00e3o<br \/>\n\u2013 Lumin\u00e1ria de Piso Retr\u00f4 75cm;<\/p>\n<p>\u2013 Produzido alum\u00ednio com vidro temperado;<\/p>\n<p>\u2013 Pintura Eletrost\u00e1tica;<\/p>\n<p>\u2013 Soquete E27 (padr\u00e3o);<\/p>\n<p>\u2013 Pode ser utilizado l\u00e2mpadas Led (n\u00e3o inclusas);<\/p>\n<p>\u2013 Sugest\u00e3o de l\u00e2mpadas: L\u00e2mpadas de Filamento de Carbono (n\u00e3o inclusas);<\/p>\n<p>\u2013 Cores: Branco Microtext, Preto Microtext., Marrom Microtext., Cobre e Dourado.<\/p>\n","protected":false},"excerpt":{"rendered":"<p>&nbsp; Descri\u00e7\u00e3o \u2013 Lumin\u00e1ria de Piso Retr\u00f4 75cm; \u2013 Produzido alum\u00ednio com vidro temperado; \u2013 Pintura Eletrost\u00e1tica; \u2013 Soquete E27 (padr\u00e3o); \u2013 Pode ser utilizado l\u00e2mpadas Led (n\u00e3o inclusas); \u2013 Sugest\u00e3o de l\u00e2mpadas: L\u00e2mpadas de Filamento de Carbono (n\u00e3o inclusas); \u2013 Cores: Branco Microtext, Preto Microtext., Marrom Microtext., Cobre e Dourado.<\/p>\n","protected":false},"featured_media":5632,"template":"","meta":[],"product_brand":[],"product_cat":[28,39],"product_tag":[106,112,110,111,109],"class_list":{"0":"post-5631","1":"product","2":"type-product","3":"status-publish","4":"has-post-thumbnail","6":"product_cat-area-externa","7":"product_cat-postes","8":"product_tag-area-externa","9":"product_tag-balizador","10":"product_tag-iluminacao-vintage","11":"product_tag-poste","12":"product_tag-retro","14":"first","15":"instock","16":"shipping-taxable","17":"purchasable","18":"product-type-simple"},"_links":{"self":[{"href":"https:\/\/www.universoeletrico.com.br\/design\/index.php?rest_route=\/wp\/v2\/product\/5631","targetHints":{"allow":["GET"]}}],"collection":[{"href":"https:\/\/www.universoeletrico.com.br\/design\/index.php?rest_route=\/wp\/v2\/product"}],"about":[{"href":"https:\/\/www.universoeletrico.com.br\/design\/index.php?rest_route=\/wp\/v2\/types\/product"}],"wp:featuredmedia":[{"embeddable":true,"href":"https:\/\/www.universoeletrico.com.br\/design\/index.php?rest_route=\/wp\/v2\/media\/5632"}],"wp:attachment":[{"href":"https:\/\/www.universoeletrico.com.br\/design\/index.php?rest_route=%2Fwp%2Fv2%2Fmedia&parent=5631"}],"wp:term":[{"taxonomy":"product_brand","embeddable":true,"href":"https:\/\/www.universoeletrico.com.br\/design\/index.php?rest_route=%2Fwp%2Fv2%2Fproduct_brand&post=5631"},{"taxonomy":"product_cat","embeddable":true,"href":"https:\/\/www.universoeletrico.com.br\/design\/index.php?rest_route=%2Fwp%2Fv2%2Fproduct_cat&post=5631"},{"taxonomy":"product_tag","embeddable":true,"href":"https:\/\/www.universoeletrico.com.br\/design\/index.php?rest_route=%2Fwp%2Fv2%2Fproduct_tag&post=5631"}],"curies":[{"name":"wp","href":"https:\/\/api.w.org\/{rel}","templated":true}]}}