{"id":5601,"date":"2019-06-04T14:45:51","date_gmt":"2019-06-04T17:45:51","guid":{"rendered":"https:\/\/www.universoeletrico.com.br\/design\/?post_type=product&#038;p=5601"},"modified":"2026-04-08T10:19:12","modified_gmt":"2026-04-08T13:19:12","slug":"plafon-led-preto","status":"publish","type":"product","link":"https:\/\/www.universoeletrico.com.br\/design\/?product=plafon-led-preto","title":{"rendered":"PLAFON LED EMB QUAD 22X22 18W 6500K"},"content":{"rendered":"<div class=\"Y3BBE\" data-sfc-cp=\"\" data-sfc-root=\"c\" data-sfc-cb=\"\" data-hveid=\"CAIQAA\" data-complete=\"true\" data-processed=\"true\"><span data-subtree=\"aimfl\" data-processed=\"true\">Os\u00a0<\/span><strong class=\"Yjhzub\" data-sfc-root=\"c\" data-sfc-cb=\"\" data-complete=\"true\" data-processed=\"true\">plafons de LED<\/strong>\u00a0<mark class=\"HxTRcb\" data-sfc-root=\"c\" data-sfc-cb=\"\" data-complete=\"true\" data-sae=\"\">s\u00e3o lumin\u00e1rias vers\u00e1teis que oferecem ilumina\u00e7\u00e3o homog\u00eanea e econ\u00f4mica para diversos ambientes internos<\/mark>. Os de <strong class=\"Yjhzub\" data-sfc-root=\"c\" data-sfc-cb=\"\" data-complete=\"true\" data-processed=\"true\">embutir<\/strong>, s\u00e3o ideais para quem teto com rebaixo em gesso, pvc ou madeira pois ficam nivelados ao teto. <span class=\"T286Pc\" data-sfc-cp=\"\" data-sfc-root=\"c\" data-sfc-cb=\"\" data-complete=\"true\">Com design minimalista e espessura de cerca de 1cm, \u00e9 perfeito para forros de gesso ou PVC e lambri, proporcionando um acabamento &#8220;clean&#8221;.<\/span> que d\u00e3o uma sens\u00e3o de continuidade do forro.<\/div>\n<p>Temos diversas op\u00e7\u00f5es de acabamento &#8211;\u00a0 preto &#8211; branco e temperatura de cor 3k-4ke 6,5k<\/p>\n<p>Outras op\u00e7\u00f5es de tamanhos , acabamentos e temperatura de cor:<\/p>\n<p>256242 &#8211; PLAFON LED EMB QUAD 18W 3000K &#8211; PRETO<\/p>\n<p>256243 &#8211; PLAFON LED EMB QUAD 18W 4000K -PRETO<\/p>\n<p>256244 &#8211; PLAFON LED EMB QUAD 18W 6500K PRETO 22CM<\/p>\n<p>251002 -PLAFON LED EMB QUAD 22X22 18\/20W 2,7\/3K &#8211; BRANCO<\/p>\n<p>251538 -PLAFON LED EMB QUAD 22X22 18W 4000K &#8211; BRANCO<\/p>\n<p>Conulte tamb\u00e9m outras op\u00e7\u00f5es de tamnhos<\/p>\n<p>30&#215;30<\/p>\n<p>40&#215;40<\/p>\n<p>62&#215;62<\/p>\n<p>&nbsp;<\/p>\n<p>&nbsp;<\/p>\n","protected":false},"excerpt":{"rendered":"<p>Os\u00a0plafons de LED\u00a0s\u00e3o lumin\u00e1rias vers\u00e1teis que oferecem ilumina\u00e7\u00e3o homog\u00eanea e econ\u00f4mica para diversos ambientes internos. Os de embutir, s\u00e3o ideais para quem teto com rebaixo em gesso, pvc ou madeira pois ficam nivelados ao teto. Com design minimalista e espessura de cerca de 1cm, \u00e9 perfeito para forros de gesso ou PVC e lambri, proporcionando [&hellip;]<\/p>\n","protected":false},"featured_media":5602,"template":"","meta":[],"product_brand":[],"product_cat":[20,19,16],"product_tag":[],"class_list":{"0":"post-5601","1":"product","2":"type-product","3":"status-publish","4":"has-post-thumbnail","6":"product_cat-comercial","7":"product_cat-perfil-e-eplafons-embutidos","8":"product_cat-residencial-e-predial","10":"first","11":"instock","12":"shipping-taxable","13":"purchasable","14":"product-type-simple"},"_links":{"self":[{"href":"https:\/\/www.universoeletrico.com.br\/design\/index.php?rest_route=\/wp\/v2\/product\/5601","targetHints":{"allow":["GET"]}}],"collection":[{"href":"https:\/\/www.universoeletrico.com.br\/design\/index.php?rest_route=\/wp\/v2\/product"}],"about":[{"href":"https:\/\/www.universoeletrico.com.br\/design\/index.php?rest_route=\/wp\/v2\/types\/product"}],"wp:featuredmedia":[{"embeddable":true,"href":"https:\/\/www.universoeletrico.com.br\/design\/index.php?rest_route=\/wp\/v2\/media\/5602"}],"wp:attachment":[{"href":"https:\/\/www.universoeletrico.com.br\/design\/index.php?rest_route=%2Fwp%2Fv2%2Fmedia&parent=5601"}],"wp:term":[{"taxonomy":"product_brand","embeddable":true,"href":"https:\/\/www.universoeletrico.com.br\/design\/index.php?rest_route=%2Fwp%2Fv2%2Fproduct_brand&post=5601"},{"taxonomy":"product_cat","embeddable":true,"href":"https:\/\/www.universoeletrico.com.br\/design\/index.php?rest_route=%2Fwp%2Fv2%2Fproduct_cat&post=5601"},{"taxonomy":"product_tag","embeddable":true,"href":"https:\/\/www.universoeletrico.com.br\/design\/index.php?rest_route=%2Fwp%2Fv2%2Fproduct_tag&post=5601"}],"curies":[{"name":"wp","href":"https:\/\/api.w.org\/{rel}","templated":true}]}}