{"id":5587,"date":"2019-05-18T11:14:16","date_gmt":"2019-05-18T14:14:16","guid":{"rendered":"https:\/\/www.universoeletrico.com.br\/design\/?post_type=product&#038;p=5587"},"modified":"2026-01-15T15:44:50","modified_gmt":"2026-01-15T18:44:50","slug":"5587","status":"publish","type":"product","link":"https:\/\/www.universoeletrico.com.br\/design\/?product=5587","title":{"rendered":"Arandela Foco orion"},"content":{"rendered":"<p>Arandela de facho de luz direcional e \u00fanico.<\/p>\n<p>Feita para utiliza\u00e7\u00e3o com l\u00e2mpada led gu10, fica \u00e0 crit\u00e9rio do usu\u00e1rio escolher caracter\u00edsticas como temperatura de cor, irc, dimeriza\u00e7\u00e3o\u2026 bem como se quer instalar com o facho para baixo ou para cima.<br \/>\nLegal n\u00e9?!<\/p>\n<p>249017 Arandela acabamento branco<br \/>\n249018 Arandela acabamento preto<\/p>\n","protected":false},"excerpt":{"rendered":"<p>Arandela de facho de luz direcional e \u00fanico. Feita para utiliza\u00e7\u00e3o com l\u00e2mpada led gu10, fica \u00e0 crit\u00e9rio do usu\u00e1rio escolher caracter\u00edsticas como temperatura de cor, irc, dimeriza\u00e7\u00e3o\u2026 bem como se quer instalar com o facho para baixo ou para cima. Legal n\u00e9?! 249017 Arandela acabamento branco 249018 Arandela acabamento preto<\/p>\n","protected":false},"featured_media":5588,"template":"","meta":[],"product_brand":[],"product_cat":[18,16],"product_tag":[51],"class_list":{"0":"post-5587","1":"product","2":"type-product","3":"status-publish","4":"has-post-thumbnail","6":"product_cat-arandelas-internas","7":"product_cat-residencial-e-predial","8":"product_tag-arandelas-interna-externaarandela-muroatenasmoom","10":"first","11":"instock","12":"shipping-taxable","13":"purchasable","14":"product-type-simple"},"_links":{"self":[{"href":"https:\/\/www.universoeletrico.com.br\/design\/index.php?rest_route=\/wp\/v2\/product\/5587","targetHints":{"allow":["GET"]}}],"collection":[{"href":"https:\/\/www.universoeletrico.com.br\/design\/index.php?rest_route=\/wp\/v2\/product"}],"about":[{"href":"https:\/\/www.universoeletrico.com.br\/design\/index.php?rest_route=\/wp\/v2\/types\/product"}],"wp:featuredmedia":[{"embeddable":true,"href":"https:\/\/www.universoeletrico.com.br\/design\/index.php?rest_route=\/wp\/v2\/media\/5588"}],"wp:attachment":[{"href":"https:\/\/www.universoeletrico.com.br\/design\/index.php?rest_route=%2Fwp%2Fv2%2Fmedia&parent=5587"}],"wp:term":[{"taxonomy":"product_brand","embeddable":true,"href":"https:\/\/www.universoeletrico.com.br\/design\/index.php?rest_route=%2Fwp%2Fv2%2Fproduct_brand&post=5587"},{"taxonomy":"product_cat","embeddable":true,"href":"https:\/\/www.universoeletrico.com.br\/design\/index.php?rest_route=%2Fwp%2Fv2%2Fproduct_cat&post=5587"},{"taxonomy":"product_tag","embeddable":true,"href":"https:\/\/www.universoeletrico.com.br\/design\/index.php?rest_route=%2Fwp%2Fv2%2Fproduct_tag&post=5587"}],"curies":[{"name":"wp","href":"https:\/\/api.w.org\/{rel}","templated":true}]}}