{"id":5567,"date":"2019-05-10T16:34:30","date_gmt":"2019-05-10T19:34:30","guid":{"rendered":"https:\/\/www.universoeletrico.com.br\/design\/?post_type=product&#038;p=5567"},"modified":"2026-01-15T15:44:51","modified_gmt":"2026-01-15T18:44:51","slug":"luminaria-led-sobrepor-com-gancho-para-perfilado","status":"publish","type":"product","link":"https:\/\/www.universoeletrico.com.br\/design\/?product=luminaria-led-sobrepor-com-gancho-para-perfilado","title":{"rendered":"Lumin\u00e1ria Led sobrepor gancho perfilado"},"content":{"rendered":"<p>\nVers\u00e3o Sobrepor<br \/>\n&#8211; Fixa\u00e7\u00e3o por gancho<br \/>\n&#8211; Difusor vers\u00e3o interno em acr\u00edlico transparente<br \/>\n&#8211; Difusor vers\u00e3o externo plano PMMA semi leitoso<br \/>\n&#8211; Chip LED e driver de alta efici\u00eancia<br \/>\n&#8211; Pintura ep\u00f3xi-poli\u00e9ster na cor branca<br \/>\n&#8211; Temp. de cor 4000K, 5000K, 5700K<br \/>\n&#8211; Temperatura de Opera\u00e7\u00e3o -20 \u00baC a +45 \u00baC<br \/>\n<img fetchpriority=\"high\" decoding=\"async\" src=\"https:\/\/www.universoeletrico.com.br\/design\/wp-content\/uploads\/2019\/05\/WhatsApp-Image-2019-05-10-at-4.32.35-PM.jpeg\" alt=\"\" width=\"695\" height=\"208\" class=\"alignleft size-full wp-image-5569\" \/><\/p>\n","protected":false},"excerpt":{"rendered":"<p>Vers\u00e3o Sobrepor &#8211; Fixa\u00e7\u00e3o por gancho &#8211; Difusor vers\u00e3o interno em acr\u00edlico transparente &#8211; Difusor vers\u00e3o externo plano PMMA semi leitoso &#8211; Chip LED e driver de alta efici\u00eancia &#8211; Pintura ep\u00f3xi-poli\u00e9ster na cor branca &#8211; Temp. de cor 4000K, 5000K, 5700K &#8211; Temperatura de Opera\u00e7\u00e3o -20 \u00baC a +45 \u00baC<\/p>\n","protected":false},"featured_media":5568,"template":"","meta":[],"product_brand":[],"product_cat":[20],"product_tag":[],"class_list":{"0":"post-5567","1":"product","2":"type-product","3":"status-publish","4":"has-post-thumbnail","6":"product_cat-comercial","8":"first","9":"instock","10":"shipping-taxable","11":"purchasable","12":"product-type-simple"},"_links":{"self":[{"href":"https:\/\/www.universoeletrico.com.br\/design\/index.php?rest_route=\/wp\/v2\/product\/5567","targetHints":{"allow":["GET"]}}],"collection":[{"href":"https:\/\/www.universoeletrico.com.br\/design\/index.php?rest_route=\/wp\/v2\/product"}],"about":[{"href":"https:\/\/www.universoeletrico.com.br\/design\/index.php?rest_route=\/wp\/v2\/types\/product"}],"wp:featuredmedia":[{"embeddable":true,"href":"https:\/\/www.universoeletrico.com.br\/design\/index.php?rest_route=\/wp\/v2\/media\/5568"}],"wp:attachment":[{"href":"https:\/\/www.universoeletrico.com.br\/design\/index.php?rest_route=%2Fwp%2Fv2%2Fmedia&parent=5567"}],"wp:term":[{"taxonomy":"product_brand","embeddable":true,"href":"https:\/\/www.universoeletrico.com.br\/design\/index.php?rest_route=%2Fwp%2Fv2%2Fproduct_brand&post=5567"},{"taxonomy":"product_cat","embeddable":true,"href":"https:\/\/www.universoeletrico.com.br\/design\/index.php?rest_route=%2Fwp%2Fv2%2Fproduct_cat&post=5567"},{"taxonomy":"product_tag","embeddable":true,"href":"https:\/\/www.universoeletrico.com.br\/design\/index.php?rest_route=%2Fwp%2Fv2%2Fproduct_tag&post=5567"}],"curies":[{"name":"wp","href":"https:\/\/api.w.org\/{rel}","templated":true}]}}