{"id":5556,"date":"2019-05-10T15:08:34","date_gmt":"2019-05-10T18:08:34","guid":{"rendered":"https:\/\/www.universoeletrico.com.br\/design\/?post_type=product&#038;p=5556"},"modified":"2026-01-15T15:44:51","modified_gmt":"2026-01-15T18:44:51","slug":"5556","status":"publish","type":"product","link":"https:\/\/www.universoeletrico.com.br\/design\/?product=5556","title":{"rendered":"SPOT LED ELEGANCE 7W BIV. 3000K PT#"},"content":{"rendered":"<p>Pot\u00eancia 7W<br \/>\nTemp. de Cor 3000K<br \/>\nTens\u00e3o Bivolt<br \/>\nMateriais Policarbonato<br \/>\nGarantia 1 Ano<br \/>\n\u00cdndice de Prote\u00e7\u00e3o IP20<\/p>\n<p>c\u00f3digo<br \/>\nBranco Fosco -255313<br \/>\nPreto Fosco &#8211; 250138<\/p>\n","protected":false},"excerpt":{"rendered":"<p>Pot\u00eancia 7W Temp. de Cor 3000K Tens\u00e3o Bivolt Materiais Policarbonato Garantia 1 Ano \u00cdndice de Prote\u00e7\u00e3o IP20 c\u00f3digo Branco Fosco -255313 Preto Fosco &#8211; 250138<\/p>\n","protected":false},"featured_media":11597,"template":"","meta":[],"product_brand":[],"product_cat":[16,25],"product_tag":[209,208,53],"class_list":{"0":"post-5556","1":"product","2":"type-product","3":"status-publish","4":"has-post-thumbnail","6":"product_cat-residencial-e-predial","7":"product_cat-spots-e-trilhos-eletrificados","8":"product_tag-iluinacao","9":"product_tag-luz-focada","10":"product_tag-spot","12":"first","13":"instock","14":"shipping-taxable","15":"purchasable","16":"product-type-simple"},"_links":{"self":[{"href":"https:\/\/www.universoeletrico.com.br\/design\/index.php?rest_route=\/wp\/v2\/product\/5556","targetHints":{"allow":["GET"]}}],"collection":[{"href":"https:\/\/www.universoeletrico.com.br\/design\/index.php?rest_route=\/wp\/v2\/product"}],"about":[{"href":"https:\/\/www.universoeletrico.com.br\/design\/index.php?rest_route=\/wp\/v2\/types\/product"}],"wp:featuredmedia":[{"embeddable":true,"href":"https:\/\/www.universoeletrico.com.br\/design\/index.php?rest_route=\/wp\/v2\/media\/11597"}],"wp:attachment":[{"href":"https:\/\/www.universoeletrico.com.br\/design\/index.php?rest_route=%2Fwp%2Fv2%2Fmedia&parent=5556"}],"wp:term":[{"taxonomy":"product_brand","embeddable":true,"href":"https:\/\/www.universoeletrico.com.br\/design\/index.php?rest_route=%2Fwp%2Fv2%2Fproduct_brand&post=5556"},{"taxonomy":"product_cat","embeddable":true,"href":"https:\/\/www.universoeletrico.com.br\/design\/index.php?rest_route=%2Fwp%2Fv2%2Fproduct_cat&post=5556"},{"taxonomy":"product_tag","embeddable":true,"href":"https:\/\/www.universoeletrico.com.br\/design\/index.php?rest_route=%2Fwp%2Fv2%2Fproduct_tag&post=5556"}],"curies":[{"name":"wp","href":"https:\/\/api.w.org\/{rel}","templated":true}]}}