{"id":5539,"date":"2019-05-04T09:47:31","date_gmt":"2019-05-04T12:47:31","guid":{"rendered":"https:\/\/www.universoeletrico.com.br\/design\/?post_type=product&#038;p=5539"},"modified":"2026-01-15T15:44:52","modified_gmt":"2026-01-15T18:44:52","slug":"spot-taca","status":"publish","type":"product","link":"https:\/\/www.universoeletrico.com.br\/design\/?product=spot-taca","title":{"rendered":"SPOT TACA GU-10 C\/CANOPLA PT\/TXT# -CAIXA DE LUZ OU PERFILADO"},"content":{"rendered":"<p>O spot ta\u00e7a com canopla para l\u00e2mpadas MR16 e com op\u00e7\u00f5es para l\u00e2mpadas\u00a0 PAR 20 e Par 30, al\u00e9m de manter o design robusto, moderno e compacto , proporcionando uma aplica\u00e7\u00e3o mais discreta no teto ou no perfilado. \u00d3tima op\u00e7\u00e3o para lojas, expositores, museus e locais onde precisa destacar objetos e produtos<\/p>\n<p>&nbsp;<\/p>\n<ul>\n<li>Material &#8211; aluminio e pintura epoxi<\/li>\n<li>Soque &#8211; GU-10 &#8211;<\/li>\n<\/ul>\n<p>&nbsp;<\/p>\n<p>CONSULTE NOSSA EQUIPE DE VENDAS PARA OUTRAS OP\u00c7\u00d5ES DE L\u00c2MPADAS<\/p>\n<p>250141 &#8211; SPOT TACA PAR-30 C\/CANOPLA PT\/TXT #<\/p>\n<p>250146 &#8211; SPOT TACA PAR -201XE27 C\/ CANOPLA PT\/TXT#<\/p>\n","protected":false},"excerpt":{"rendered":"<p>O spot ta\u00e7a com canopla para l\u00e2mpadas MR16 e com op\u00e7\u00f5es para l\u00e2mpadas\u00a0 PAR 20 e Par 30, al\u00e9m de manter o design robusto, moderno e compacto , proporcionando uma aplica\u00e7\u00e3o mais discreta no teto ou no perfilado. \u00d3tima op\u00e7\u00e3o para lojas, expositores, museus e locais onde precisa destacar objetos e produtos &nbsp; Material &#8211; [&hellip;]<\/p>\n","protected":false},"featured_media":5540,"template":"","meta":[],"product_brand":[],"product_cat":[16,25],"product_tag":[211,212,213,210],"class_list":{"0":"post-5539","1":"product","2":"type-product","3":"status-publish","4":"has-post-thumbnail","6":"product_cat-residencial-e-predial","7":"product_cat-spots-e-trilhos-eletrificados","8":"product_tag-iluminacao-de-aras","9":"product_tag-iluminacao-de-destque","10":"product_tag-iluminacaode-lojas","11":"product_tag-spot-para-perfilados","13":"first","14":"instock","15":"shipping-taxable","16":"purchasable","17":"product-type-simple"},"_links":{"self":[{"href":"https:\/\/www.universoeletrico.com.br\/design\/index.php?rest_route=\/wp\/v2\/product\/5539","targetHints":{"allow":["GET"]}}],"collection":[{"href":"https:\/\/www.universoeletrico.com.br\/design\/index.php?rest_route=\/wp\/v2\/product"}],"about":[{"href":"https:\/\/www.universoeletrico.com.br\/design\/index.php?rest_route=\/wp\/v2\/types\/product"}],"wp:featuredmedia":[{"embeddable":true,"href":"https:\/\/www.universoeletrico.com.br\/design\/index.php?rest_route=\/wp\/v2\/media\/5540"}],"wp:attachment":[{"href":"https:\/\/www.universoeletrico.com.br\/design\/index.php?rest_route=%2Fwp%2Fv2%2Fmedia&parent=5539"}],"wp:term":[{"taxonomy":"product_brand","embeddable":true,"href":"https:\/\/www.universoeletrico.com.br\/design\/index.php?rest_route=%2Fwp%2Fv2%2Fproduct_brand&post=5539"},{"taxonomy":"product_cat","embeddable":true,"href":"https:\/\/www.universoeletrico.com.br\/design\/index.php?rest_route=%2Fwp%2Fv2%2Fproduct_cat&post=5539"},{"taxonomy":"product_tag","embeddable":true,"href":"https:\/\/www.universoeletrico.com.br\/design\/index.php?rest_route=%2Fwp%2Fv2%2Fproduct_tag&post=5539"}],"curies":[{"name":"wp","href":"https:\/\/api.w.org\/{rel}","templated":true}]}}