{"id":5408,"date":"2019-04-27T11:53:48","date_gmt":"2019-04-27T14:53:48","guid":{"rendered":"https:\/\/www.universoeletrico.com.br\/design\/?post_type=product&#038;p=5408"},"modified":"2026-02-04T09:50:09","modified_gmt":"2026-02-04T12:50:09","slug":"painel-led-retangular","status":"publish","type":"product","link":"https:\/\/www.universoeletrico.com.br\/design\/?product=painel-led-retangular","title":{"rendered":"LUMINARIA LED EMB RET 32W 4000K 120X15"},"content":{"rendered":"<ul class=\"KsbFXc U6u95\" data-complete=\"true\" data-processed=\"true\">\n<li data-hveid=\"CAEIBBAA\" data-complete=\"true\" data-sae=\"\"><span class=\"T286Pc\" data-sfc-cp=\"\" data-complete=\"true\"><strong class=\"Yjhzub\" data-complete=\"true\">Design Ultra Slim<\/strong>: Com espessura fina (cerca de 10mm), a lumin\u00e1ria se integra perfeitamente ao teto, criando um visual minimalista e elegante.<\/span><\/li>\n<li data-hveid=\"CAEIBBAB\" data-complete=\"true\" data-sae=\"\"><span class=\"T286Pc\" data-sfc-cp=\"\" data-complete=\"true\"><strong class=\"Yjhzub\" data-complete=\"true\">Versatilidade de Aplica\u00e7\u00e3o<\/strong>: Perfeita para cozinhas, salas de estar, escrit\u00f3rios, corredores e banheiros, adaptando-se a diversos projetos de decora\u00e7\u00e3o.<\/span><\/li>\n<li data-hveid=\"CAEIBBAC\" data-complete=\"true\" data-sae=\"\"><span class=\"T286Pc\" data-sfc-cp=\"\" data-complete=\"true\"><strong class=\"Yjhzub\" data-complete=\"true\">Luz de Qualidade<\/strong>: Dispon\u00edvel em diferentes temperaturas de cor (como branco neutro 4000K, branco frio 6500K ou branco quente 3000K), permite criar a atmosfera ideal para cada necessidade.<\/span><\/li>\n<li data-hveid=\"CAEIBBAD\" data-complete=\"true\" data-sae=\"\"><span class=\"T286Pc\" data-sfc-cp=\"\" data-complete=\"true\" aria-owns=\"action-menu-parent-container\"><strong class=\"Yjhzub\" data-complete=\"true\">Instala\u00e7\u00e3o Simplificada<\/strong>: Acompanha reator (driver) e presilhas para fixa\u00e7\u00e3o em drywall, garantindo uma instala\u00e7\u00e3o r\u00e1pida e sem complica\u00e7\u00f5es.<\/span><\/li>\n<\/ul>\n<ul class=\"services_box__list\">\n<li class=\"\"><span class=\"services_box__list-text\">Pot\u00eancia:\u00a0<strong>32W<\/strong><\/span><\/li>\n<li class=\"\"><span class=\"services_box__list-text\">Fluxo Luminoso:\u00a0<strong>3200 lm<\/strong><\/span><\/li>\n<li class=\"\"><span class=\"services_box__list-text\">Tamanho:\u00a0<strong>1220x170x32 mm<\/strong><\/span><\/li>\n<li class=\"\"><span class=\"services_box__list-text\">Tamanho para instala\u00e7\u00e3o:\u00a0<strong>1195&#215;145 mm<\/strong><\/span><\/li>\n<li class=\"\"><span class=\"services_box__list-text\">Tens\u00e3o Nominal:\u00a0<strong>Bivolt 100V &#8211; 240V<\/strong><\/span><\/li>\n<li class=\"\"><span class=\"services_box__list-text\">Temp. de cor:\u00a0<strong>3000k \/ 4000k \/ 6500k<\/strong><\/span><\/li>\n<li class=\"\"><span class=\"services_box__list-text\">Vida Mediana:\u00a0<strong>25.000 horas<\/strong><\/span><\/li>\n<li class=\"\"><span class=\"services_box__list-text\">Fator de Pot\u00eancia:\u00a0<strong>0.5<\/strong><\/span><\/li>\n<li class=\"\"><span class=\"services_box__list-text\">IRC:\u00a0<strong>&gt; 70<\/strong><\/span><\/li>\n<li class=\"\"><span class=\"services_box__list-text\">\u00c2ngulo de Abertura:\u00a0<strong>120\u00ba<\/strong><\/span><\/li>\n<\/ul>\n<p>Outras op\u00e7\u00f5es de tamanho e temperatura de cor<\/p>\n<p>256832 &#8211; LUMINARIA LED EMB RET 36W 6000K 120X15<\/p>\n<p>257015 &#8211; LUMINARIA LED EMB RET 36W 3000K 124X15<\/p>\n<p>256297 &#8211; LUMINARIA LED EMB RET 22W 6500K 60X15<\/p>\n<p>256502 &#8211; LUMINARIA LED EMB RET 22W 3000K 60X15<\/p>\n<p>256296 &#8211; LUMINARIA LED EMB RET 22W 4000K 60X15<\/p>\n","protected":false},"excerpt":{"rendered":"<p>Design Ultra Slim: Com espessura fina (cerca de 10mm), a lumin\u00e1ria se integra perfeitamente ao teto, criando um visual minimalista e elegante. Versatilidade de Aplica\u00e7\u00e3o: Perfeita para cozinhas, salas de estar, escrit\u00f3rios, corredores e banheiros, adaptando-se a diversos projetos de decora\u00e7\u00e3o. Luz de Qualidade: Dispon\u00edvel em diferentes temperaturas de cor (como branco neutro 4000K, branco [&hellip;]<\/p>\n","protected":false},"featured_media":5409,"template":"","meta":[],"product_brand":[],"product_cat":[20,19,16],"product_tag":[242,240,241],"class_list":{"0":"post-5408","1":"product","2":"type-product","3":"status-publish","4":"has-post-thumbnail","6":"product_cat-comercial","7":"product_cat-perfil-e-eplafons-embutidos","8":"product_cat-residencial-e-predial","9":"product_tag-luminaria-slim","10":"product_tag-painel-led-retangular-luminaria-retangular-iluminacao-excritrio-luminaria-comercial","11":"product_tag-plafon-retangular","13":"first","14":"instock","15":"shipping-taxable","16":"purchasable","17":"product-type-simple"},"_links":{"self":[{"href":"https:\/\/www.universoeletrico.com.br\/design\/index.php?rest_route=\/wp\/v2\/product\/5408","targetHints":{"allow":["GET"]}}],"collection":[{"href":"https:\/\/www.universoeletrico.com.br\/design\/index.php?rest_route=\/wp\/v2\/product"}],"about":[{"href":"https:\/\/www.universoeletrico.com.br\/design\/index.php?rest_route=\/wp\/v2\/types\/product"}],"wp:featuredmedia":[{"embeddable":true,"href":"https:\/\/www.universoeletrico.com.br\/design\/index.php?rest_route=\/wp\/v2\/media\/5409"}],"wp:attachment":[{"href":"https:\/\/www.universoeletrico.com.br\/design\/index.php?rest_route=%2Fwp%2Fv2%2Fmedia&parent=5408"}],"wp:term":[{"taxonomy":"product_brand","embeddable":true,"href":"https:\/\/www.universoeletrico.com.br\/design\/index.php?rest_route=%2Fwp%2Fv2%2Fproduct_brand&post=5408"},{"taxonomy":"product_cat","embeddable":true,"href":"https:\/\/www.universoeletrico.com.br\/design\/index.php?rest_route=%2Fwp%2Fv2%2Fproduct_cat&post=5408"},{"taxonomy":"product_tag","embeddable":true,"href":"https:\/\/www.universoeletrico.com.br\/design\/index.php?rest_route=%2Fwp%2Fv2%2Fproduct_tag&post=5408"}],"curies":[{"name":"wp","href":"https:\/\/api.w.org\/{rel}","templated":true}]}}