{"id":5220,"date":"2019-03-25T16:02:14","date_gmt":"2019-03-25T19:02:14","guid":{"rendered":"https:\/\/www.universoeletrico.com.br\/design\/?post_type=product&#038;p=5220"},"modified":"2026-02-19T12:24:31","modified_gmt":"2026-02-19T15:24:31","slug":"pendente-gota-com-corretes-pd622","status":"publish","type":"product","link":"https:\/\/www.universoeletrico.com.br\/design\/?product=pendente-gota-com-corretes-pd622","title":{"rendered":"PENDENTE VID.\/MET.16X60CM 50W 1XGU10#"},"content":{"rendered":"<p>O Pendente Clam \u00d812x60cm Vidro e Metal Dourado e Champanhe &#8211; foi pensado para compor a decora\u00e7\u00e3o de qualquer ambiente, seja ele residencial, comercial ou empresarial. Outro benef\u00edcio do modelo \u00e9 sua funcionalidade, que proporciona uma ilumina\u00e7\u00e3o bem distribu\u00edda por todo o espa\u00e7o, garantindo comodidade e praticidade. Sua estrutura comporta tens\u00e3o 110V\/220V, utilizando 1x Dicroica PAR16 (n\u00e3o inclusas) e soquete GU10. Sendo pendente para sala e pendente para quarto..<\/p>\n<p>dimenss\u00f5es: \u00d812x60cm<\/p>\n<p>Soquete: GU-10<\/p>\n<p>&nbsp;<\/p>\n<p>&nbsp;<\/p>\n","protected":false},"excerpt":{"rendered":"<p>O Pendente Clam \u00d812x60cm Vidro e Metal Dourado e Champanhe &#8211; foi pensado para compor a decora\u00e7\u00e3o de qualquer ambiente, seja ele residencial, comercial ou empresarial. Outro benef\u00edcio do modelo \u00e9 sua funcionalidade, que proporciona uma ilumina\u00e7\u00e3o bem distribu\u00edda por todo o espa\u00e7o, garantindo comodidade e praticidade. Sua estrutura comporta tens\u00e3o 110V\/220V, utilizando 1x Dicroica [&hellip;]<\/p>\n","protected":false},"featured_media":5221,"template":"","meta":[],"product_brand":[],"product_cat":[23,27,16],"product_tag":[295,297,296,298],"class_list":{"0":"post-5220","1":"product","2":"type-product","3":"status-publish","4":"has-post-thumbnail","6":"product_cat-lustre-e-pendentes","7":"product_cat-pendente","8":"product_cat-residencial-e-predial","9":"product_tag-pendente","10":"product_tag-pendente-com-corretes","11":"product_tag-pendente-new-line","12":"product_tag-pendente-para-lavabo","14":"first","15":"instock","16":"shipping-taxable","17":"purchasable","18":"product-type-simple"},"_links":{"self":[{"href":"https:\/\/www.universoeletrico.com.br\/design\/index.php?rest_route=\/wp\/v2\/product\/5220","targetHints":{"allow":["GET"]}}],"collection":[{"href":"https:\/\/www.universoeletrico.com.br\/design\/index.php?rest_route=\/wp\/v2\/product"}],"about":[{"href":"https:\/\/www.universoeletrico.com.br\/design\/index.php?rest_route=\/wp\/v2\/types\/product"}],"wp:featuredmedia":[{"embeddable":true,"href":"https:\/\/www.universoeletrico.com.br\/design\/index.php?rest_route=\/wp\/v2\/media\/5221"}],"wp:attachment":[{"href":"https:\/\/www.universoeletrico.com.br\/design\/index.php?rest_route=%2Fwp%2Fv2%2Fmedia&parent=5220"}],"wp:term":[{"taxonomy":"product_brand","embeddable":true,"href":"https:\/\/www.universoeletrico.com.br\/design\/index.php?rest_route=%2Fwp%2Fv2%2Fproduct_brand&post=5220"},{"taxonomy":"product_cat","embeddable":true,"href":"https:\/\/www.universoeletrico.com.br\/design\/index.php?rest_route=%2Fwp%2Fv2%2Fproduct_cat&post=5220"},{"taxonomy":"product_tag","embeddable":true,"href":"https:\/\/www.universoeletrico.com.br\/design\/index.php?rest_route=%2Fwp%2Fv2%2Fproduct_tag&post=5220"}],"curies":[{"name":"wp","href":"https:\/\/api.w.org\/{rel}","templated":true}]}}