{"id":5072,"date":"2019-03-15T11:44:02","date_gmt":"2019-03-15T14:44:02","guid":{"rendered":"https:\/\/www.universoeletrico.com.br\/design\/?post_type=product&#038;p=5072"},"modified":"2026-03-04T14:32:38","modified_gmt":"2026-03-04T17:32:38","slug":"5072","status":"publish","type":"product","link":"https:\/\/www.universoeletrico.com.br\/design\/?product=5072","title":{"rendered":"Spot Led embutido quadrado 5w integrado"},"content":{"rendered":"<p>As lumin\u00e1rias Spot LED possuem design moderno e elegante, s\u00e3o muito vers\u00e1teis pois podem ser utilizados em qualquer c\u00f4modo da casa, agregando beleza e funcionalidade aos ambientes. Pronto para instala\u00e7\u00e3o, baixo consumo e alta durabilidade, tem um \u00f3timo custo x benef\u00edcio e tornam seus ambientes muito mais aconchegantes.<\/p>\n<p>&nbsp;<\/p>\n<p>outras op\u00e7\u00f5es de temperatura de cor<\/p>\n<p>251293 &#8211; SPOT LED EMB. QUAD. 5W 6000\/6500K<\/p>\n<p>255019 &#8211; SPOT LED EMB QUAD 5W 4000K<\/p>\n<p>&nbsp;<\/p>\n","protected":false},"excerpt":{"rendered":"<p>As lumin\u00e1rias Spot LED possuem design moderno e elegante, s\u00e3o muito vers\u00e1teis pois podem ser utilizados em qualquer c\u00f4modo da casa, agregando beleza e funcionalidade aos ambientes. Pronto para instala\u00e7\u00e3o, baixo consumo e alta durabilidade, tem um \u00f3timo custo x benef\u00edcio e tornam seus ambientes muito mais aconchegantes. &nbsp; outras op\u00e7\u00f5es de temperatura de cor [&hellip;]<\/p>\n","protected":false},"featured_media":11836,"template":"","meta":[],"product_brand":[],"product_cat":[20,19,16],"product_tag":[54],"class_list":{"0":"post-5072","1":"product","2":"type-product","3":"status-publish","4":"has-post-thumbnail","6":"product_cat-comercial","7":"product_cat-perfil-e-eplafons-embutidos","8":"product_cat-residencial-e-predial","9":"product_tag-spot-led","11":"first","12":"instock","13":"shipping-taxable","14":"purchasable","15":"product-type-simple"},"_links":{"self":[{"href":"https:\/\/www.universoeletrico.com.br\/design\/index.php?rest_route=\/wp\/v2\/product\/5072","targetHints":{"allow":["GET"]}}],"collection":[{"href":"https:\/\/www.universoeletrico.com.br\/design\/index.php?rest_route=\/wp\/v2\/product"}],"about":[{"href":"https:\/\/www.universoeletrico.com.br\/design\/index.php?rest_route=\/wp\/v2\/types\/product"}],"wp:featuredmedia":[{"embeddable":true,"href":"https:\/\/www.universoeletrico.com.br\/design\/index.php?rest_route=\/wp\/v2\/media\/11836"}],"wp:attachment":[{"href":"https:\/\/www.universoeletrico.com.br\/design\/index.php?rest_route=%2Fwp%2Fv2%2Fmedia&parent=5072"}],"wp:term":[{"taxonomy":"product_brand","embeddable":true,"href":"https:\/\/www.universoeletrico.com.br\/design\/index.php?rest_route=%2Fwp%2Fv2%2Fproduct_brand&post=5072"},{"taxonomy":"product_cat","embeddable":true,"href":"https:\/\/www.universoeletrico.com.br\/design\/index.php?rest_route=%2Fwp%2Fv2%2Fproduct_cat&post=5072"},{"taxonomy":"product_tag","embeddable":true,"href":"https:\/\/www.universoeletrico.com.br\/design\/index.php?rest_route=%2Fwp%2Fv2%2Fproduct_tag&post=5072"}],"curies":[{"name":"wp","href":"https:\/\/api.w.org\/{rel}","templated":true}]}}