{"id":5068,"date":"2019-03-15T11:41:51","date_gmt":"2019-03-15T14:41:51","guid":{"rendered":"https:\/\/www.universoeletrico.com.br\/design\/?post_type=product&#038;p=5068"},"modified":"2026-02-26T15:22:15","modified_gmt":"2026-02-26T18:22:15","slug":"plafon-led-sobrepor-quadrado","status":"publish","type":"product","link":"https:\/\/www.universoeletrico.com.br\/design\/?product=plafon-led-sobrepor-quadrado","title":{"rendered":"PLAFON LED SOB QUAD 60X60 45W 4000K"},"content":{"rendered":"<div class=\"Y3BBE\" data-sfc-cp=\"\" data-hveid=\"CAEIAxAA\" data-processed=\"true\" data-complete=\"true\"><span class=\"Yjhzub\" data-complete=\"true\" data-processed=\"true\">P<\/span><strong class=\"Yjhzub\" data-complete=\"true\" data-processed=\"true\">erformance t\u00e9cnica<\/strong>\u00a0e\u00a0<strong class=\"Yjhzub\" data-complete=\"true\" data-processed=\"true\">design minimalista<\/strong> o Plafon de Sobrepor de espessura slim oferece um acabamento discreto, ideal para quem busca uma ilumina\u00e7\u00e3o moderna e bem distribu\u00edda para escrit\u00f3rios, lojas e ambientes corporativos<\/div>\n<div class=\"Y3BBE\" data-sfc-cp=\"\" data-hveid=\"CAEIBBAA\" data-complete=\"true\" data-processed=\"true\"><strong class=\"Yjhzub\" data-complete=\"true\" data-processed=\"true\">Por que escolher este modelo?<\/strong><\/div>\n<ul class=\"KsbFXc U6u95\" data-processed=\"true\" data-complete=\"true\">\n<li class=\"dF3vjf\" data-hveid=\"CAEIBRAA\" data-complete=\"true\" data-sae=\"\"><span class=\"T286Pc\" data-sfc-cp=\"\" data-complete=\"true\"><strong class=\"Yjhzub\" data-complete=\"true\">Luz Equilibrada:<\/strong>\u00a0A temperatura de cor 4000K (Branco Neutro) \u00e9 perfeita para ambientes que exigem foco e conforto, como cozinhas, escrit\u00f3rios e cl\u00ednicas.<\/span><\/li>\n<li class=\"dF3vjf\" data-hveid=\"CAEIBRAB\" data-complete=\"true\" data-sae=\"\"><span class=\"T286Pc\" data-sfc-cp=\"\" data-complete=\"true\"><strong class=\"Yjhzub\" data-complete=\"true\">Alta Efici\u00eancia:<\/strong> Ele garante claridade total sem criar sombras indesejadas.<\/span><\/li>\n<li class=\"dF3vjf\" data-hveid=\"CAEIBRAC\" data-complete=\"true\" data-sae=\"\"><span class=\"T286Pc\" data-sfc-cp=\"\" data-complete=\"true\"><strong class=\"Yjhzub\" data-complete=\"true\">Durabilidade Premium:<\/strong> Tem como caract\u00e9ristisca a alta vida \u00fatil do LED.<\/span><\/li>\n<li class=\"dF3vjf\" data-hveid=\"CAEIBRAD\" data-complete=\"true\" data-sae=\"\"><span class=\"T286Pc\" data-sfc-cp=\"\" data-complete=\"true\"><strong class=\"Yjhzub\" data-complete=\"true\">Versatilidade Total:<\/strong>\u00a0Design quadrado que se adapta a qualquer estilo de decora\u00e7\u00e3o, do residencial ao corporativo.<\/span><\/li>\n<\/ul>\n<div class=\"Y3BBE\" data-sfc-cp=\"\" data-hveid=\"CAEIBhAA\" data-complete=\"true\" data-processed=\"true\"><strong class=\"Yjhzub\" data-complete=\"true\" data-processed=\"true\">Especifica\u00e7\u00f5es R\u00e1pidas:<\/strong><\/div>\n<ul class=\"KsbFXc U6u95\" data-processed=\"true\" data-complete=\"true\">\n<li class=\"dF3vjf\" data-hveid=\"CAEIBxAA\" data-complete=\"true\" data-sae=\"\"><span class=\"T286Pc\" data-sfc-cp=\"\" data-complete=\"true\"><strong class=\"Yjhzub\" data-complete=\"true\">Medidas:<\/strong> 60&#215;60<\/span><\/li>\n<li class=\"dF3vjf\" data-hveid=\"CAEIBxAB\" data-complete=\"true\" data-sae=\"\"><span class=\"T286Pc\" data-sfc-cp=\"\" data-complete=\"true\"><strong class=\"Yjhzub\" data-complete=\"true\">Grau prote\u00e7\u00e3o:<\/strong> IP-20<\/span><\/li>\n<li class=\"dF3vjf\" data-hveid=\"CAEIBxAB\" data-complete=\"true\" data-sae=\"\"><span class=\"T286Pc\" data-sfc-cp=\"\" data-complete=\"true\" aria-owns=\"action-menu-parent-container\"><strong class=\"Yjhzub\" data-complete=\"true\">Voltagem:<\/strong>\u00a0Bivolt<\/span><\/li>\n<\/ul>\n<p>Outras op\u00e7\u00f5es de temperatura de cor<\/p>\n<p>257217 &#8211; PLAFON LED SOB QUAD 60X60 48W 6500K<\/p>\n<p>257502 &#8211; PLAFON LED SOB QUAD 60X60 40W 3000K<\/p>\n<p>#ilumina\u00e7\u00e3o escrit\u00f3rio; #ilumina\u00e7\u00e3o comercial; #ilumina\u00e7\u00e3o geral<\/p>\n","protected":false},"excerpt":{"rendered":"<p>Performance t\u00e9cnica\u00a0e\u00a0design minimalista o Plafon de Sobrepor de espessura slim oferece um acabamento discreto, ideal para quem busca uma ilumina\u00e7\u00e3o moderna e bem distribu\u00edda para escrit\u00f3rios, lojas e ambientes corporativos Por que escolher este modelo? Luz Equilibrada:\u00a0A temperatura de cor 4000K (Branco Neutro) \u00e9 perfeita para ambientes que exigem foco e conforto, como cozinhas, escrit\u00f3rios [&hellip;]<\/p>\n","protected":false},"featured_media":11820,"template":"","meta":[],"product_brand":[],"product_cat":[20,24,16],"product_tag":[180,333,161,332,331],"class_list":{"0":"post-5068","1":"product","2":"type-product","3":"status-publish","4":"has-post-thumbnail","6":"product_cat-comercial","7":"product_cat-plafon-e-sobrepor","8":"product_cat-residencial-e-predial","9":"product_tag-dimerizacao-de-iluminacao","10":"product_tag-iluminacao-escritorio","11":"product_tag-luminarai-platibanda","12":"product_tag-plafon-led","13":"product_tag-plafon-sobrepor","15":"first","16":"instock","17":"shipping-taxable","18":"purchasable","19":"product-type-simple"},"_links":{"self":[{"href":"https:\/\/www.universoeletrico.com.br\/design\/index.php?rest_route=\/wp\/v2\/product\/5068","targetHints":{"allow":["GET"]}}],"collection":[{"href":"https:\/\/www.universoeletrico.com.br\/design\/index.php?rest_route=\/wp\/v2\/product"}],"about":[{"href":"https:\/\/www.universoeletrico.com.br\/design\/index.php?rest_route=\/wp\/v2\/types\/product"}],"wp:featuredmedia":[{"embeddable":true,"href":"https:\/\/www.universoeletrico.com.br\/design\/index.php?rest_route=\/wp\/v2\/media\/11820"}],"wp:attachment":[{"href":"https:\/\/www.universoeletrico.com.br\/design\/index.php?rest_route=%2Fwp%2Fv2%2Fmedia&parent=5068"}],"wp:term":[{"taxonomy":"product_brand","embeddable":true,"href":"https:\/\/www.universoeletrico.com.br\/design\/index.php?rest_route=%2Fwp%2Fv2%2Fproduct_brand&post=5068"},{"taxonomy":"product_cat","embeddable":true,"href":"https:\/\/www.universoeletrico.com.br\/design\/index.php?rest_route=%2Fwp%2Fv2%2Fproduct_cat&post=5068"},{"taxonomy":"product_tag","embeddable":true,"href":"https:\/\/www.universoeletrico.com.br\/design\/index.php?rest_route=%2Fwp%2Fv2%2Fproduct_tag&post=5068"}],"curies":[{"name":"wp","href":"https:\/\/api.w.org\/{rel}","templated":true}]}}