{"id":5057,"date":"2019-03-15T11:36:02","date_gmt":"2019-03-15T14:36:02","guid":{"rendered":"https:\/\/www.universoeletrico.com.br\/design\/?post_type=product&#038;p=5057"},"modified":"2026-01-15T15:47:43","modified_gmt":"2026-01-15T18:47:43","slug":"painel-led-embutido-quadrado","status":"publish","type":"product","link":"https:\/\/www.universoeletrico.com.br\/design\/?product=painel-led-embutido-quadrado","title":{"rendered":"Painel Led Embutido"},"content":{"rendered":"<p>Lumin\u00e1ria Embutida LED \u00e9 indicada para uso em ambientes onde n\u00e3o h\u00e1 necessidade de controle de ofuscamento, como audit\u00f3rios, lojas, consult\u00f3rios,restaurantes e residencias.Seu design slim permite a instala\u00e7\u00e3o em forros de gesso e m\u00f3veis com pouco recuo. Substitui conjuntos de lumin\u00e1rias e l\u00e2mpadas fluorescentes compactas. Pronto para instalar, j\u00e1 vem com driver bivolt. Dispon\u00edvel:<br \/>\n2700k a 3000K-branco quente 4000K-neutro e 5700k a 6500k-branco frio<\/p>\n<p>Op\u00e7\u00f5es em v\u00e1rios tamanhos e potencias:<br \/>\nPaineis quadrados<br \/>\n<img fetchpriority=\"high\" decoding=\"async\" src=\"https:\/\/www.universoeletrico.com.br\/design\/wp-content\/uploads\/2019\/03\/WhatsApp-Image-2019-04-29-at-10.17.06-AM.jpeg\" alt=\"\" width=\"556\" height=\"128\" class=\"alignleft size-large wp-image-5422\" \/><br \/>\n<img decoding=\"async\" src=\"https:\/\/www.universoeletrico.com.br\/design\/wp-content\/uploads\/2019\/03\/WhatsApp-Image-2019-04-29-at-10.18.17-AM.jpeg\" alt=\"\" width=\"566\" height=\"131\" class=\"alignleft size-large wp-image-5421\" \/><br \/>\n<img decoding=\"async\" src=\"https:\/\/www.universoeletrico.com.br\/design\/wp-content\/uploads\/2019\/03\/WhatsApp-Image-2019-04-29-at-10.26.45-AM.jpeg\" alt=\"\" width=\"563\" height=\"57\" class=\"alignleft size-full wp-image-5424\" \/><br \/>\n<img loading=\"lazy\" decoding=\"async\" src=\"https:\/\/www.universoeletrico.com.br\/design\/wp-content\/uploads\/2019\/03\/WhatsApp-Image-2019-04-29-at-10.18.59-AM.jpeg\" alt=\"\" width=\"563\" height=\"133\" class=\"alignleft size-large wp-image-5420\" \/><\/p>\n<p><img loading=\"lazy\" decoding=\"async\" src=\"https:\/\/www.universoeletrico.com.br\/design\/wp-content\/uploads\/2019\/03\/WhatsApp-Image-2019-04-29-at-10.29.06-AM.jpeg\" alt=\"\" width=\"560\" height=\"74\" class=\"alignleft size-full wp-image-5425\" \/><\/p>\n","protected":false},"excerpt":{"rendered":"<p>Lumin\u00e1ria Embutida LED \u00e9 indicada para uso em ambientes onde n\u00e3o h\u00e1 necessidade de controle de ofuscamento, como audit\u00f3rios, lojas, consult\u00f3rios,restaurantes e residencias.Seu design slim permite a instala\u00e7\u00e3o em forros de gesso e m\u00f3veis com pouco recuo. Substitui conjuntos de lumin\u00e1rias e l\u00e2mpadas fluorescentes compactas. Pronto para instalar, j\u00e1 vem com driver bivolt. Dispon\u00edvel: 2700k [&hellip;]<\/p>\n","protected":false},"featured_media":5058,"template":"","meta":[],"product_brand":[],"product_cat":[20],"product_tag":[],"class_list":{"0":"post-5057","1":"product","2":"type-product","3":"status-publish","4":"has-post-thumbnail","6":"product_cat-comercial","8":"first","9":"instock","10":"shipping-taxable","11":"purchasable","12":"product-type-simple"},"_links":{"self":[{"href":"https:\/\/www.universoeletrico.com.br\/design\/index.php?rest_route=\/wp\/v2\/product\/5057","targetHints":{"allow":["GET"]}}],"collection":[{"href":"https:\/\/www.universoeletrico.com.br\/design\/index.php?rest_route=\/wp\/v2\/product"}],"about":[{"href":"https:\/\/www.universoeletrico.com.br\/design\/index.php?rest_route=\/wp\/v2\/types\/product"}],"wp:featuredmedia":[{"embeddable":true,"href":"https:\/\/www.universoeletrico.com.br\/design\/index.php?rest_route=\/wp\/v2\/media\/5058"}],"wp:attachment":[{"href":"https:\/\/www.universoeletrico.com.br\/design\/index.php?rest_route=%2Fwp%2Fv2%2Fmedia&parent=5057"}],"wp:term":[{"taxonomy":"product_brand","embeddable":true,"href":"https:\/\/www.universoeletrico.com.br\/design\/index.php?rest_route=%2Fwp%2Fv2%2Fproduct_brand&post=5057"},{"taxonomy":"product_cat","embeddable":true,"href":"https:\/\/www.universoeletrico.com.br\/design\/index.php?rest_route=%2Fwp%2Fv2%2Fproduct_cat&post=5057"},{"taxonomy":"product_tag","embeddable":true,"href":"https:\/\/www.universoeletrico.com.br\/design\/index.php?rest_route=%2Fwp%2Fv2%2Fproduct_tag&post=5057"}],"curies":[{"name":"wp","href":"https:\/\/api.w.org\/{rel}","templated":true}]}}