{"id":5054,"date":"2019-03-15T11:33:56","date_gmt":"2019-03-15T14:33:56","guid":{"rendered":"https:\/\/www.universoeletrico.com.br\/design\/?post_type=product&#038;p=5054"},"modified":"2026-01-15T15:47:44","modified_gmt":"2026-01-15T18:47:44","slug":"luminaria-led-tartaruga","status":"publish","type":"product","link":"https:\/\/www.universoeletrico.com.br\/design\/?product=luminaria-led-tartaruga","title":{"rendered":"Lumin\u00e1ria Led Tartaruga"},"content":{"rendered":"<p>A Lumin\u00e1ria led tartaruga \u00e9 indicada para ambientes externos, resid\u00eancias ou comerciais como rampas de acesso, garagens, escadas, varandas, muros, etc. Ela j\u00e1 vem com led incluso e com lente de policarbonato.<\/p>\n<p><img decoding=\"async\" src=\"https:\/\/www.universoeletrico.com.br\/design\/wp-content\/uploads\/2019\/03\/WhatsApp-Image-2019-04-29-at-10.46.47-AM.jpeg\" alt=\"\" width=\"574\" height=\"73\" class=\"alignleft size-full wp-image-5434\" \/><\/p>\n<p>Temperatura de cor: 6500k (Branca).<\/p>\n<p>BIVOLT Autom\u00e1tico: 100V\u2013240V.<br \/>\n\u00cdndice de Prote\u00e7\u00e3o: IP65.<br \/>\nIRC: >70.<br \/>\nN\u00e3o Dimeriz\u00e1vel.<\/p>\n","protected":false},"excerpt":{"rendered":"<p>A Lumin\u00e1ria led tartaruga \u00e9 indicada para ambientes externos, resid\u00eancias ou comerciais como rampas de acesso, garagens, escadas, varandas, muros, etc. Ela j\u00e1 vem com led incluso e com lente de policarbonato. Temperatura de cor: 6500k (Branca). BIVOLT Autom\u00e1tico: 100V\u2013240V. \u00cdndice de Prote\u00e7\u00e3o: IP65. IRC: >70. N\u00e3o Dimeriz\u00e1vel.<\/p>\n","protected":false},"featured_media":5055,"template":"","meta":[],"product_brand":[],"product_cat":[20],"product_tag":[],"class_list":{"0":"post-5054","1":"product","2":"type-product","3":"status-publish","4":"has-post-thumbnail","6":"product_cat-comercial","8":"first","9":"instock","10":"shipping-taxable","11":"purchasable","12":"product-type-simple"},"_links":{"self":[{"href":"https:\/\/www.universoeletrico.com.br\/design\/index.php?rest_route=\/wp\/v2\/product\/5054","targetHints":{"allow":["GET"]}}],"collection":[{"href":"https:\/\/www.universoeletrico.com.br\/design\/index.php?rest_route=\/wp\/v2\/product"}],"about":[{"href":"https:\/\/www.universoeletrico.com.br\/design\/index.php?rest_route=\/wp\/v2\/types\/product"}],"wp:featuredmedia":[{"embeddable":true,"href":"https:\/\/www.universoeletrico.com.br\/design\/index.php?rest_route=\/wp\/v2\/media\/5055"}],"wp:attachment":[{"href":"https:\/\/www.universoeletrico.com.br\/design\/index.php?rest_route=%2Fwp%2Fv2%2Fmedia&parent=5054"}],"wp:term":[{"taxonomy":"product_brand","embeddable":true,"href":"https:\/\/www.universoeletrico.com.br\/design\/index.php?rest_route=%2Fwp%2Fv2%2Fproduct_brand&post=5054"},{"taxonomy":"product_cat","embeddable":true,"href":"https:\/\/www.universoeletrico.com.br\/design\/index.php?rest_route=%2Fwp%2Fv2%2Fproduct_cat&post=5054"},{"taxonomy":"product_tag","embeddable":true,"href":"https:\/\/www.universoeletrico.com.br\/design\/index.php?rest_route=%2Fwp%2Fv2%2Fproduct_tag&post=5054"}],"curies":[{"name":"wp","href":"https:\/\/api.w.org\/{rel}","templated":true}]}}