{"id":5043,"date":"2019-03-15T11:28:50","date_gmt":"2019-03-15T14:28:50","guid":{"rendered":"https:\/\/www.universoeletrico.com.br\/design\/?post_type=product&#038;p=5043"},"modified":"2026-02-04T16:28:18","modified_gmt":"2026-02-04T19:28:18","slug":"luminaria-com-refletor-e-aletas-parabolicas","status":"publish","type":"product","link":"https:\/\/www.universoeletrico.com.br\/design\/?product=luminaria-com-refletor-e-aletas-parabolicas","title":{"rendered":"LUMINARIA EMB REF C\/ALETA 4X09\/10W P\/LED"},"content":{"rendered":"<div class=\"otQkpb\" role=\"heading\" aria-level=\"3\" data-animation-nesting=\"\" data-sfc-cp=\"\" data-complete=\"true\" data-processed=\"true\" data-sae=\"\"><strong class=\"Yjhzub\" data-complete=\"true\">Lumin\u00e1ria de Embutir com Aletas Lumepetro: Efici\u00eancia e Conforto Visual<\/strong><\/div>\n<div class=\"Y3BBE\" data-sfc-cp=\"\" data-hveid=\"CAEIAxAA\" data-complete=\"true\" data-processed=\"true\">Eleve o padr\u00e3o de ilumina\u00e7\u00e3o do seu projeto com a\u00a0<strong class=\"Yjhzub\" data-complete=\"true\" data-processed=\"true\">Lumin\u00e1ria de Embutir com Aletas da Lumepetro<\/strong>. Projetada para aliar alto desempenho t\u00e9cnico a um design discreto, esta solu\u00e7\u00e3o \u00e9 ideal para ambientes que exigem produtividade e bem-estar.<\/div>\n<div data-sfc-cp=\"\" data-hveid=\"CAEIAxAA\" data-complete=\"true\" data-processed=\"true\"><\/div>\n<div data-sfc-cp=\"\" data-hveid=\"CAEIAxAA\" data-complete=\"true\" data-processed=\"true\">Dimenss\u00f5es :<\/div>\n<ul>\n<li data-hveid=\"CAEIAxAA\" data-complete=\"true\" data-processed=\"true\">56mm x 617mmx 635mm &#8211; Nicho 595mmx613mm<\/li>\n<li data-hveid=\"CAEIAxAA\" data-complete=\"true\" data-processed=\"true\">Soquete &#8211; G13- para 4 tubos de led 60cm ( vendidos separadamente)<\/li>\n<li data-hveid=\"CAEIAxAA\" data-complete=\"true\" data-processed=\"true\">Com aletas<\/li>\n<\/ul>\n<div class=\"Y3BBE\" data-sfc-cp=\"\" data-hveid=\"CAEIBBAA\" data-complete=\"true\" data-processed=\"true\"><strong class=\"Yjhzub\" data-complete=\"true\" data-processed=\"true\">Por que escolher este modelo?<\/strong><\/div>\n<ul class=\"KsbFXc U6u95\" data-complete=\"true\" data-processed=\"true\">\n<li data-hveid=\"CAEIBRAA\" data-complete=\"true\" data-sae=\"\"><span class=\"T286Pc\" data-sfc-cp=\"\" data-complete=\"true\"><strong class=\"Yjhzub\" data-complete=\"true\">Controle de Ofuscamento:<\/strong>\u00a0Suas aletas parab\u00f3licas duplas em alum\u00ednio direcionam a luz de forma estrat\u00e9gica, eliminando o reflexo inc\u00f4modo em telas e monitores.<\/span><\/li>\n<li data-hveid=\"CAEIBRAB\" data-complete=\"true\" data-sae=\"\"><span class=\"T286Pc\" data-sfc-cp=\"\" data-complete=\"true\"><strong class=\"Yjhzub\" data-complete=\"true\">Durabilidade Premium:<\/strong>\u00a0Estrutura robusta em chapa de a\u00e7o com acabamento em pintura eletrost\u00e1tica, garantindo resist\u00eancia e vida \u00fatil prolongada.<\/span><\/li>\n<li data-hveid=\"CAEIBRAC\" data-complete=\"true\" data-sae=\"\"><span class=\"T286Pc\" data-sfc-cp=\"\" data-complete=\"true\"><strong class=\"Yjhzub\" data-complete=\"true\">Versatilidade de Instala\u00e7\u00e3o:<\/strong> Perfeita para forros de gesso ou modulares, com op\u00e7\u00f5es compat\u00edveis para l\u00e2mpadas LED T8, T5 ou\u00a0<\/span><\/li>\n<\/ul>\n<div class=\"Y3BBE\" data-sfc-cp=\"\" data-hveid=\"CAEIBhAA\" data-complete=\"true\" data-processed=\"true\"><strong class=\"Yjhzub\" data-complete=\"true\" data-processed=\"true\">Onde aplicar?<\/strong><br data-serialized-params=\"[]\" data-complete=\"true\" data-processed=\"true\" \/>Sua versatilidade a torna a escolha definitiva para diversos segmentos:<\/div>\n<ul class=\"KsbFXc U6u95\" data-complete=\"true\" data-processed=\"true\">\n<li data-hveid=\"CAEIBxAA\" data-complete=\"true\" data-sae=\"\"><span class=\"T286Pc\" data-sfc-cp=\"\" data-complete=\"true\"><strong class=\"Yjhzub\" data-complete=\"true\">Escrit\u00f3rios e Ambientes Corporativos:<\/strong>\u00a0Reduz a fadiga visual, ideal para esta\u00e7\u00f5es de trabalho e salas de reuni\u00e3o.<\/span><\/li>\n<li data-hveid=\"CAEIBxAB\" data-complete=\"true\" data-sae=\"\"><span class=\"T286Pc\" data-sfc-cp=\"\" data-complete=\"true\"><strong class=\"Yjhzub\" data-complete=\"true\">Lojas e Com\u00e9rcio:<\/strong>\u00a0Proporciona uma ilumina\u00e7\u00e3o clara e uniforme, destacando produtos de forma profissional.<\/span><\/li>\n<li data-hveid=\"CAEIBxAC\" data-complete=\"true\" data-sae=\"\"><span class=\"T286Pc\" data-sfc-cp=\"\" data-complete=\"true\"><strong class=\"Yjhzub\" data-complete=\"true\">Cl\u00ednicas e Consult\u00f3rios:<\/strong>\u00a0Garante um ambiente limpo, bem iluminado e acolhedor para pacientes e profissionais.<\/span><\/li>\n<li data-hveid=\"CAEIBxAD\" data-complete=\"true\" data-sae=\"\"><span class=\"T286Pc\" data-sfc-cp=\"\" data-complete=\"true\"><strong class=\"Yjhzub\" data-complete=\"true\">Escolas e Universidades:<\/strong>\u00a0Cria a luminosidade ideal para foco e concentra\u00e7\u00e3o em salas de aula.<\/span><\/li>\n<\/ul>\n<div class=\"Y3BBE\" data-sfc-cp=\"\" data-hveid=\"CAEICBAA\" data-complete=\"true\" data-processed=\"true\" aria-owns=\"action-menu-parent-container\">Transforme seu espa\u00e7o com a qualidade de quem \u00e9 especialista no setor<\/div>\n","protected":false},"excerpt":{"rendered":"<p>Lumin\u00e1ria de Embutir com Aletas Lumepetro: Efici\u00eancia e Conforto Visual Eleve o padr\u00e3o de ilumina\u00e7\u00e3o do seu projeto com a\u00a0Lumin\u00e1ria de Embutir com Aletas da Lumepetro. Projetada para aliar alto desempenho t\u00e9cnico a um design discreto, esta solu\u00e7\u00e3o \u00e9 ideal para ambientes que exigem produtividade e bem-estar. Dimenss\u00f5es : 56mm x 617mmx 635mm &#8211; Nicho [&hellip;]<\/p>\n","protected":false},"featured_media":5044,"template":"","meta":[],"product_brand":[],"product_cat":[20,19,16],"product_tag":[246,245,247,243,244,248],"class_list":{"0":"post-5043","1":"product","2":"type-product","3":"status-publish","4":"has-post-thumbnail","6":"product_cat-comercial","7":"product_cat-perfil-e-eplafons-embutidos","8":"product_cat-residencial-e-predial","9":"product_tag-forro-acustico","10":"product_tag-forro-mineral","11":"product_tag-forro-modular","12":"product_tag-iluminacao-comercial","13":"product_tag-luminaaria-com-aletas","14":"product_tag-luminaria-led","16":"first","17":"instock","18":"shipping-taxable","19":"purchasable","20":"product-type-simple"},"_links":{"self":[{"href":"https:\/\/www.universoeletrico.com.br\/design\/index.php?rest_route=\/wp\/v2\/product\/5043","targetHints":{"allow":["GET"]}}],"collection":[{"href":"https:\/\/www.universoeletrico.com.br\/design\/index.php?rest_route=\/wp\/v2\/product"}],"about":[{"href":"https:\/\/www.universoeletrico.com.br\/design\/index.php?rest_route=\/wp\/v2\/types\/product"}],"wp:featuredmedia":[{"embeddable":true,"href":"https:\/\/www.universoeletrico.com.br\/design\/index.php?rest_route=\/wp\/v2\/media\/5044"}],"wp:attachment":[{"href":"https:\/\/www.universoeletrico.com.br\/design\/index.php?rest_route=%2Fwp%2Fv2%2Fmedia&parent=5043"}],"wp:term":[{"taxonomy":"product_brand","embeddable":true,"href":"https:\/\/www.universoeletrico.com.br\/design\/index.php?rest_route=%2Fwp%2Fv2%2Fproduct_brand&post=5043"},{"taxonomy":"product_cat","embeddable":true,"href":"https:\/\/www.universoeletrico.com.br\/design\/index.php?rest_route=%2Fwp%2Fv2%2Fproduct_cat&post=5043"},{"taxonomy":"product_tag","embeddable":true,"href":"https:\/\/www.universoeletrico.com.br\/design\/index.php?rest_route=%2Fwp%2Fv2%2Fproduct_tag&post=5043"}],"curies":[{"name":"wp","href":"https:\/\/api.w.org\/{rel}","templated":true}]}}