{"id":5038,"date":"2019-03-15T11:18:01","date_gmt":"2019-03-15T14:18:01","guid":{"rendered":"https:\/\/www.universoeletrico.com.br\/design\/?post_type=product&#038;p=5038"},"modified":"2026-01-15T15:47:46","modified_gmt":"2026-01-15T18:47:46","slug":"luminaria-hermetica-ip65","status":"publish","type":"product","link":"https:\/\/www.universoeletrico.com.br\/design\/?product=luminaria-hermetica-ip65","title":{"rendered":"Lumin\u00e1ria Herm\u00e9tica \u2013 IP65"},"content":{"rendered":"<p>\u00c9 indicada para utiliza\u00e7\u00e3o em locais com concentra\u00e7\u00e3o de vapor, poeira e umidade. Podemos citar como exemplos hospitais, ind\u00fastrias, laborat\u00f3rios, cozinhas, frigor\u00edficos, postos de combust\u00edveis, garagens\u2026 Locais que requerem um alto grau de seguran\u00e7a!<br \/>\n<img decoding=\"async\" src=\"https:\/\/www.universoeletrico.com.br\/design\/wp-content\/uploads\/2019\/03\/WhatsApp-Image-2019-04-29-at-10.42.50-AM.jpeg\" alt=\"\" width=\"566\" height=\"56\" class=\"alignleft size-full wp-image-5432\" \/><br \/>\nEntre as suas vantagens, podemos destacar:<br \/>\n\u2013 Grau de prote\u00e7\u00e3o IP-65.<br \/>\n\u2013 Vedada e anticorrosiva.<br \/>\n\u2013 A prova d\u2019\u00e1gua, maresia e poeira.<br \/>\n\u2013 Modelo universal, compat\u00edvel com l\u00e2mpadas T5, T8, T10 e T12.<\/p>\n","protected":false},"excerpt":{"rendered":"<p>\u00c9 indicada para utiliza\u00e7\u00e3o em locais com concentra\u00e7\u00e3o de vapor, poeira e umidade. Podemos citar como exemplos hospitais, ind\u00fastrias, laborat\u00f3rios, cozinhas, frigor\u00edficos, postos de combust\u00edveis, garagens\u2026 Locais que requerem um alto grau de seguran\u00e7a! Entre as suas vantagens, podemos destacar: \u2013 Grau de prote\u00e7\u00e3o IP-65. \u2013 Vedada e anticorrosiva. \u2013 A prova d\u2019\u00e1gua, maresia e [&hellip;]<\/p>\n","protected":false},"featured_media":5039,"template":"","meta":[],"product_brand":[],"product_cat":[20],"product_tag":[],"class_list":{"0":"post-5038","1":"product","2":"type-product","3":"status-publish","4":"has-post-thumbnail","6":"product_cat-comercial","8":"first","9":"instock","10":"shipping-taxable","11":"purchasable","12":"product-type-simple"},"_links":{"self":[{"href":"https:\/\/www.universoeletrico.com.br\/design\/index.php?rest_route=\/wp\/v2\/product\/5038","targetHints":{"allow":["GET"]}}],"collection":[{"href":"https:\/\/www.universoeletrico.com.br\/design\/index.php?rest_route=\/wp\/v2\/product"}],"about":[{"href":"https:\/\/www.universoeletrico.com.br\/design\/index.php?rest_route=\/wp\/v2\/types\/product"}],"wp:featuredmedia":[{"embeddable":true,"href":"https:\/\/www.universoeletrico.com.br\/design\/index.php?rest_route=\/wp\/v2\/media\/5039"}],"wp:attachment":[{"href":"https:\/\/www.universoeletrico.com.br\/design\/index.php?rest_route=%2Fwp%2Fv2%2Fmedia&parent=5038"}],"wp:term":[{"taxonomy":"product_brand","embeddable":true,"href":"https:\/\/www.universoeletrico.com.br\/design\/index.php?rest_route=%2Fwp%2Fv2%2Fproduct_brand&post=5038"},{"taxonomy":"product_cat","embeddable":true,"href":"https:\/\/www.universoeletrico.com.br\/design\/index.php?rest_route=%2Fwp%2Fv2%2Fproduct_cat&post=5038"},{"taxonomy":"product_tag","embeddable":true,"href":"https:\/\/www.universoeletrico.com.br\/design\/index.php?rest_route=%2Fwp%2Fv2%2Fproduct_tag&post=5038"}],"curies":[{"name":"wp","href":"https:\/\/api.w.org\/{rel}","templated":true}]}}