{"id":5033,"date":"2019-03-15T11:15:21","date_gmt":"2019-03-15T14:15:21","guid":{"rendered":"https:\/\/www.universoeletrico.com.br\/design\/?post_type=product&#038;p=5033"},"modified":"2026-01-15T15:47:47","modified_gmt":"2026-01-15T18:47:47","slug":"luminaria-com-difusor-de-acrilico","status":"publish","type":"product","link":"https:\/\/www.universoeletrico.com.br\/design\/?product=luminaria-com-difusor-de-acrilico","title":{"rendered":"Lumin\u00e1ria com Difusor de Acr\u00edlico"},"content":{"rendered":"<p>lumin\u00e1ria com difusor de acr\u00edlico embutida ou sobrepor indicada para uso em ambientes onde n\u00e3o h\u00e1 necessidade de controle de ofuscamento, como audit\u00f3rios, lojas, consult\u00f3rios e restaurantes.<br \/>\nFormas de instala\u00e7\u00e3o:<br \/>\nInstala\u00e7\u00e3o linha embutida: Embutido em forros modulares 1250 x 625 ou 625 x 625 com perfil \u201cT\u201d ou em forros de gesso, madeira e PVC por meio de tirantes. Demais, sob consulta.<\/p>\n<p>Instala\u00e7\u00e3o linha sobrepor: Sobreposto em forros de alvenaria(laje), gesso, madeira ou PVC .<br \/>\nModelos:<br \/>\n<img decoding=\"async\" src=\"https:\/\/www.universoeletrico.com.br\/design\/wp-content\/uploads\/2019\/03\/WhatsApp-Image-2019-04-29-at-10.50.11-AM.jpeg\" alt=\"\" width=\"560\" height=\"74\" class=\"alignleft size-full wp-image-5436\" \/><\/p>\n","protected":false},"excerpt":{"rendered":"<p>lumin\u00e1ria com difusor de acr\u00edlico embutida ou sobrepor indicada para uso em ambientes onde n\u00e3o h\u00e1 necessidade de controle de ofuscamento, como audit\u00f3rios, lojas, consult\u00f3rios e restaurantes. Formas de instala\u00e7\u00e3o: Instala\u00e7\u00e3o linha embutida: Embutido em forros modulares 1250 x 625 ou 625 x 625 com perfil \u201cT\u201d ou em forros de gesso, madeira e PVC [&hellip;]<\/p>\n","protected":false},"featured_media":5034,"template":"","meta":[],"product_brand":[],"product_cat":[20],"product_tag":[],"class_list":{"0":"post-5033","1":"product","2":"type-product","3":"status-publish","4":"has-post-thumbnail","6":"product_cat-comercial","8":"first","9":"instock","10":"shipping-taxable","11":"purchasable","12":"product-type-simple"},"_links":{"self":[{"href":"https:\/\/www.universoeletrico.com.br\/design\/index.php?rest_route=\/wp\/v2\/product\/5033","targetHints":{"allow":["GET"]}}],"collection":[{"href":"https:\/\/www.universoeletrico.com.br\/design\/index.php?rest_route=\/wp\/v2\/product"}],"about":[{"href":"https:\/\/www.universoeletrico.com.br\/design\/index.php?rest_route=\/wp\/v2\/types\/product"}],"wp:featuredmedia":[{"embeddable":true,"href":"https:\/\/www.universoeletrico.com.br\/design\/index.php?rest_route=\/wp\/v2\/media\/5034"}],"wp:attachment":[{"href":"https:\/\/www.universoeletrico.com.br\/design\/index.php?rest_route=%2Fwp%2Fv2%2Fmedia&parent=5033"}],"wp:term":[{"taxonomy":"product_brand","embeddable":true,"href":"https:\/\/www.universoeletrico.com.br\/design\/index.php?rest_route=%2Fwp%2Fv2%2Fproduct_brand&post=5033"},{"taxonomy":"product_cat","embeddable":true,"href":"https:\/\/www.universoeletrico.com.br\/design\/index.php?rest_route=%2Fwp%2Fv2%2Fproduct_cat&post=5033"},{"taxonomy":"product_tag","embeddable":true,"href":"https:\/\/www.universoeletrico.com.br\/design\/index.php?rest_route=%2Fwp%2Fv2%2Fproduct_tag&post=5033"}],"curies":[{"name":"wp","href":"https:\/\/api.w.org\/{rel}","templated":true}]}}