{"id":5025,"date":"2019-03-15T11:09:49","date_gmt":"2019-03-15T14:09:49","guid":{"rendered":"https:\/\/www.universoeletrico.com.br\/design\/?post_type=product&#038;p=5025"},"modified":"2026-01-15T15:47:48","modified_gmt":"2026-01-15T18:47:48","slug":"lampada-led-ar-70-refletora","status":"publish","type":"product","link":"https:\/\/www.universoeletrico.com.br\/design\/?product=lampada-led-ar-70-refletora","title":{"rendered":"L\u00e2mpada Led AR-70 \u2013 Refletora"},"content":{"rendered":"<p>Pot\u00eancia: 7W \u2013 Temperatura de cor: 2700\/3000k (Amarela) \u2013 Cod.: 30216.<br \/>\nPot\u00eancia: 4,8w \u2013 Temperatura de cor: 2700K (Amarela) \u2013 Cod.: 30973.<br \/>\nPOT\u00caNCIA 12GR 4.8W BIV.GU10 2.7K  27249<br \/>\nPOT\u00caNCIA 24GR 4.8W BIV.GU10 2.7K  27258<br \/>\nPOT\u00caNCIA 4.8W BIV.GU10 2700K DIMERIZAVEL 127V &#8211; 27248<\/p>\n<p>Base: GU-10.<\/p>\n<p>Bastante usada para ilumina\u00e7\u00e3o de destaque, \u00e9 uma solu\u00e7\u00e3o de alta durabilidade e com diversas op\u00e7\u00f5es de design. Substitui as antigas halogenas com a vantagem de dispensar o uso de driver ou transformador. Atende projetos que se sobressaem pela valoriza\u00e7\u00e3o em detalhes.<br \/>\nPara mais informa\u00e7\u00f5es t\u00e9cnicas e outras pot\u00eancias nos consulte.<\/p>\n","protected":false},"excerpt":{"rendered":"<p>Pot\u00eancia: 7W \u2013 Temperatura de cor: 2700\/3000k (Amarela) \u2013 Cod.: 30216. Pot\u00eancia: 4,8w \u2013 Temperatura de cor: 2700K (Amarela) \u2013 Cod.: 30973. POT\u00caNCIA 12GR 4.8W BIV.GU10 2.7K 27249 POT\u00caNCIA 24GR 4.8W BIV.GU10 2.7K 27258 POT\u00caNCIA 4.8W BIV.GU10 2700K DIMERIZAVEL 127V &#8211; 27248 Base: GU-10. Bastante usada para ilumina\u00e7\u00e3o de destaque, \u00e9 uma solu\u00e7\u00e3o de alta [&hellip;]<\/p>\n","protected":false},"featured_media":5026,"template":"","meta":[],"product_brand":[],"product_cat":[42,45],"product_tag":[],"class_list":{"0":"post-5025","1":"product","2":"type-product","3":"status-publish","4":"has-post-thumbnail","6":"product_cat-fitas-e-lampadas","7":"product_cat-lampadas-de-led","9":"first","10":"instock","11":"shipping-taxable","12":"purchasable","13":"product-type-simple"},"_links":{"self":[{"href":"https:\/\/www.universoeletrico.com.br\/design\/index.php?rest_route=\/wp\/v2\/product\/5025","targetHints":{"allow":["GET"]}}],"collection":[{"href":"https:\/\/www.universoeletrico.com.br\/design\/index.php?rest_route=\/wp\/v2\/product"}],"about":[{"href":"https:\/\/www.universoeletrico.com.br\/design\/index.php?rest_route=\/wp\/v2\/types\/product"}],"wp:featuredmedia":[{"embeddable":true,"href":"https:\/\/www.universoeletrico.com.br\/design\/index.php?rest_route=\/wp\/v2\/media\/5026"}],"wp:attachment":[{"href":"https:\/\/www.universoeletrico.com.br\/design\/index.php?rest_route=%2Fwp%2Fv2%2Fmedia&parent=5025"}],"wp:term":[{"taxonomy":"product_brand","embeddable":true,"href":"https:\/\/www.universoeletrico.com.br\/design\/index.php?rest_route=%2Fwp%2Fv2%2Fproduct_brand&post=5025"},{"taxonomy":"product_cat","embeddable":true,"href":"https:\/\/www.universoeletrico.com.br\/design\/index.php?rest_route=%2Fwp%2Fv2%2Fproduct_cat&post=5025"},{"taxonomy":"product_tag","embeddable":true,"href":"https:\/\/www.universoeletrico.com.br\/design\/index.php?rest_route=%2Fwp%2Fv2%2Fproduct_tag&post=5025"}],"curies":[{"name":"wp","href":"https:\/\/api.w.org\/{rel}","templated":true}]}}