{"id":5022,"date":"2019-03-15T11:08:29","date_gmt":"2019-03-15T14:08:29","guid":{"rendered":"https:\/\/www.universoeletrico.com.br\/design\/?post_type=product&#038;p=5022"},"modified":"2026-02-18T17:35:00","modified_gmt":"2026-02-18T20:35:00","slug":"lampada-led-ar-111-refletora","status":"publish","type":"product","link":"https:\/\/www.universoeletrico.com.br\/design\/?product=lampada-led-ar-111-refletora","title":{"rendered":"LAMPADA LED AR111 11W BIV.12GR GU10 2.7K"},"content":{"rendered":"<p>Solu\u00e7\u00e3o de alta durabilidade e com diversas op\u00e7\u00f5es de design. Substitui as antigas halogenas com a vantagem de dispensar o uso de driver ou transformador. Atende projetos que se sobressaem pela valoriza\u00e7\u00e3o em detalhes.<br \/>\nPara mais informa\u00e7\u00f5es t\u00e9cnicas e outras pot\u00eancias nos consulte.<\/p>\n<p>\u00c1reas de aplica\u00e7\u00e3o<\/p>\n<p>\u2212 Aplica\u00e7\u00f5es comerciais<br \/>\n\u2212 Interiores de resid\u00eancias<br \/>\n\u2212 Ilumina\u00e7\u00e3o de objetos<br \/>\n\u2212 Lojas e show rooms<br \/>\n\u2212 Somente para uso interno<br \/>\n\u2212 Substitui\u00e7\u00e3o r\u00e1pida, simples e segura sem religa\u00e7\u00e3o<br \/>\n\u2212 Economia de energia at\u00e9 88 % (comparado com as l\u00e2mpadas incandescentes tradicionais)<br \/>\n\u2212 Fator de pot\u00eancia \u03bb \u2265 0,90<br \/>\n\u2212 Tens\u00e3o bivolt<\/p>\n<p>\u2212 Fluxo luminoso 950 lm<br \/>\n\u2212 Vida \u00fatil: at\u00e9 25.000 h<br \/>\n\u2212 Angulo abertura 12\u00b0<br \/>\n\u2212 Tipo de prote\u00e7\u00e3o: IP20<br \/>\n\u2212 Base: GU10<\/p>\n<p>Outras op\u00e7\u00f5es de \u00e2ngulo:<\/p>\n<p>27252 &#8211; *LAMPADA LED AR111 12W BIV.24G GU10 2.7K<\/p>\n<p>&nbsp;<\/p>\n","protected":false},"excerpt":{"rendered":"<p>Solu\u00e7\u00e3o de alta durabilidade e com diversas op\u00e7\u00f5es de design. Substitui as antigas halogenas com a vantagem de dispensar o uso de driver ou transformador. Atende projetos que se sobressaem pela valoriza\u00e7\u00e3o em detalhes. Para mais informa\u00e7\u00f5es t\u00e9cnicas e outras pot\u00eancias nos consulte. \u00c1reas de aplica\u00e7\u00e3o \u2212 Aplica\u00e7\u00f5es comerciais \u2212 Interiores de resid\u00eancias \u2212 Ilumina\u00e7\u00e3o [&hellip;]<\/p>\n","protected":false},"featured_media":11751,"template":"","meta":[],"product_brand":[],"product_cat":[42,45],"product_tag":[289,290,292,288,291,294,293,255],"class_list":{"0":"post-5022","1":"product","2":"type-product","3":"status-publish","4":"has-post-thumbnail","6":"product_cat-fitas-e-lampadas","7":"product_cat-lampadas-de-led","8":"product_tag-289","9":"product_tag-12graus","10":"product_tag-angulo-fechado","11":"product_tag-ar111","12":"product_tag-grau-fechado","13":"product_tag-lampada-ar","14":"product_tag-lampada-nacional","15":"product_tag-ledvance","17":"first","18":"instock","19":"shipping-taxable","20":"purchasable","21":"product-type-simple"},"_links":{"self":[{"href":"https:\/\/www.universoeletrico.com.br\/design\/index.php?rest_route=\/wp\/v2\/product\/5022","targetHints":{"allow":["GET"]}}],"collection":[{"href":"https:\/\/www.universoeletrico.com.br\/design\/index.php?rest_route=\/wp\/v2\/product"}],"about":[{"href":"https:\/\/www.universoeletrico.com.br\/design\/index.php?rest_route=\/wp\/v2\/types\/product"}],"wp:featuredmedia":[{"embeddable":true,"href":"https:\/\/www.universoeletrico.com.br\/design\/index.php?rest_route=\/wp\/v2\/media\/11751"}],"wp:attachment":[{"href":"https:\/\/www.universoeletrico.com.br\/design\/index.php?rest_route=%2Fwp%2Fv2%2Fmedia&parent=5022"}],"wp:term":[{"taxonomy":"product_brand","embeddable":true,"href":"https:\/\/www.universoeletrico.com.br\/design\/index.php?rest_route=%2Fwp%2Fv2%2Fproduct_brand&post=5022"},{"taxonomy":"product_cat","embeddable":true,"href":"https:\/\/www.universoeletrico.com.br\/design\/index.php?rest_route=%2Fwp%2Fv2%2Fproduct_cat&post=5022"},{"taxonomy":"product_tag","embeddable":true,"href":"https:\/\/www.universoeletrico.com.br\/design\/index.php?rest_route=%2Fwp%2Fv2%2Fproduct_tag&post=5022"}],"curies":[{"name":"wp","href":"https:\/\/api.w.org\/{rel}","templated":true}]}}