{"id":5020,"date":"2019-03-15T11:06:48","date_gmt":"2019-03-15T14:06:48","guid":{"rendered":"https:\/\/www.universoeletrico.com.br\/design\/?post_type=product&#038;p=5020"},"modified":"2026-01-15T15:47:49","modified_gmt":"2026-01-15T18:47:49","slug":"lampada-led-bulbo","status":"publish","type":"product","link":"https:\/\/www.universoeletrico.com.br\/design\/?product=lampada-led-bulbo","title":{"rendered":"L\u00e2mpada Led Bulbo"},"content":{"rendered":"<p>Pot\u00eancia: 6\/7W \u2013 Temperatura de cor: 3000k (Amarela) \u2013 Cod.: 30204.<br \/>\nPot\u00eancia: 6,5\/7W \u2013 Temperatura de cor: 5000k (Neutra) \u2013 Cod.: 27208 e 27233.<br \/>\nPot\u00eancia: 7\/7,5W \u2013 Temperatura de cor: 6000\/6500k (Branca) \u2013 Cod.: 30929, 30935-(110V) e 26049.<\/p>\n<p>Pot\u00eancia: 9\/10w \u2013 Temperatura de cor: 3000k (Amarela) \u2013 Cod.: 30206 e 27210.<br \/>\nPot\u00eancia: 9\/10w \u2013 Temperatura de cor: 5000k (Neutra) \u2013 Cod.: 27209.<br \/>\nPot\u00eancia: 9W \u2013 Temperatura de cor: 6500k (Branca) \u2013 Cod.: 30205.<\/p>\n<p>Pot\u00eancia: 12w \u2013 Temperatura de cor: 3000k (Amarela) \u2013 Cod.: 30214.<br \/>\nPot\u00eancia: 12w \u2013 Temperatura de cor: 6500k (Branca) \u2013 Cod.: 30213.<\/p>\n<p>Pot\u00eancia: 23w \u2013 Temperatura de cor: 6500k (Branca) \u2013 Cod.: 26057.<br \/>\nPot\u00eancia: 45w \u2013 Temperatura de cor: 6500k (Branca) \u2013 Cod.: 26058.<\/p>\n<p>Base: E-27.<\/p>\n<p>Substitui as velhas l\u00e2mpadas incandescentes! Livre de calor no facho de luz e consumindo muito menos energia, voc\u00ea pode voltar a ter o efeito que sempre gostou sem desperdi\u00e7ar energia e com muito mais durabilidade.<br \/>\nPara mais informa\u00e7\u00f5es t\u00e9cnicas e outras pot\u00eancias nos consulte.<\/p>\n","protected":false},"excerpt":{"rendered":"<p>Pot\u00eancia: 6\/7W \u2013 Temperatura de cor: 3000k (Amarela) \u2013 Cod.: 30204. Pot\u00eancia: 6,5\/7W \u2013 Temperatura de cor: 5000k (Neutra) \u2013 Cod.: 27208 e 27233. Pot\u00eancia: 7\/7,5W \u2013 Temperatura de cor: 6000\/6500k (Branca) \u2013 Cod.: 30929, 30935-(110V) e 26049. Pot\u00eancia: 9\/10w \u2013 Temperatura de cor: 3000k (Amarela) \u2013 Cod.: 30206 e 27210. Pot\u00eancia: 9\/10w \u2013 Temperatura [&hellip;]<\/p>\n","protected":false},"featured_media":5021,"template":"","meta":[],"product_brand":[],"product_cat":[42,45],"product_tag":[],"class_list":{"0":"post-5020","1":"product","2":"type-product","3":"status-publish","4":"has-post-thumbnail","6":"product_cat-fitas-e-lampadas","7":"product_cat-lampadas-de-led","9":"first","10":"instock","11":"shipping-taxable","12":"purchasable","13":"product-type-simple"},"_links":{"self":[{"href":"https:\/\/www.universoeletrico.com.br\/design\/index.php?rest_route=\/wp\/v2\/product\/5020","targetHints":{"allow":["GET"]}}],"collection":[{"href":"https:\/\/www.universoeletrico.com.br\/design\/index.php?rest_route=\/wp\/v2\/product"}],"about":[{"href":"https:\/\/www.universoeletrico.com.br\/design\/index.php?rest_route=\/wp\/v2\/types\/product"}],"wp:featuredmedia":[{"embeddable":true,"href":"https:\/\/www.universoeletrico.com.br\/design\/index.php?rest_route=\/wp\/v2\/media\/5021"}],"wp:attachment":[{"href":"https:\/\/www.universoeletrico.com.br\/design\/index.php?rest_route=%2Fwp%2Fv2%2Fmedia&parent=5020"}],"wp:term":[{"taxonomy":"product_brand","embeddable":true,"href":"https:\/\/www.universoeletrico.com.br\/design\/index.php?rest_route=%2Fwp%2Fv2%2Fproduct_brand&post=5020"},{"taxonomy":"product_cat","embeddable":true,"href":"https:\/\/www.universoeletrico.com.br\/design\/index.php?rest_route=%2Fwp%2Fv2%2Fproduct_cat&post=5020"},{"taxonomy":"product_tag","embeddable":true,"href":"https:\/\/www.universoeletrico.com.br\/design\/index.php?rest_route=%2Fwp%2Fv2%2Fproduct_tag&post=5020"}],"curies":[{"name":"wp","href":"https:\/\/api.w.org\/{rel}","templated":true}]}}