{"id":5018,"date":"2019-03-15T11:04:57","date_gmt":"2019-03-15T14:04:57","guid":{"rendered":"https:\/\/www.universoeletrico.com.br\/design\/?post_type=product&#038;p=5018"},"modified":"2026-01-15T15:47:50","modified_gmt":"2026-01-15T18:47:50","slug":"lampada-led-dicroica-gu-10-mr-16","status":"publish","type":"product","link":"https:\/\/www.universoeletrico.com.br\/design\/?product=lampada-led-dicroica-gu-10-mr-16","title":{"rendered":"L\u00e2mpada Led Dicroica GU-10 MR-16 &#8211; Par16"},"content":{"rendered":"<p>Bastante usada para ilumina\u00e7\u00e3o de destaque, \u00e9 uma solu\u00e7\u00e3o de alta durabilidade e com diversas op\u00e7\u00f5es de design. Substitui com alta efici\u00eancia as dicroicas hal\u00f3genas.<br \/>\nPara mais informa\u00e7\u00f5es t\u00e9cnicas e outras pot\u00eancias nos consulte.<\/p>\n<p>Pot\u00eancia: 4,8W \u2013 Temperatura de cor: 2700K (Amarela) \u2013 Cod.: 30993<br \/>\nPot\u00eancia: 6,5w \u2013 Temperatura de cor: 3000K (Amarela) \u2013 Cod.: 30971.<br \/>\nPot\u00eancia: 4,8W \u2013 Temperatura de cor: 4000K (NEUTRA) \u2013 Cod.: 31033.<br \/>\nPot\u00eancia: 6,5w &#8211; Temperatura de cor 6W 6500K ( branco frio) cod: 31085.<\/p>\n<p>Base: GU-10.<\/p>\n","protected":false},"excerpt":{"rendered":"<p>Bastante usada para ilumina\u00e7\u00e3o de destaque, \u00e9 uma solu\u00e7\u00e3o de alta durabilidade e com diversas op\u00e7\u00f5es de design. Substitui com alta efici\u00eancia as dicroicas hal\u00f3genas. Para mais informa\u00e7\u00f5es t\u00e9cnicas e outras pot\u00eancias nos consulte. Pot\u00eancia: 4,8W \u2013 Temperatura de cor: 2700K (Amarela) \u2013 Cod.: 30993 Pot\u00eancia: 6,5w \u2013 Temperatura de cor: 3000K (Amarela) \u2013 Cod.: [&hellip;]<\/p>\n","protected":false},"featured_media":5019,"template":"","meta":[],"product_brand":[],"product_cat":[42,45],"product_tag":[],"class_list":{"0":"post-5018","1":"product","2":"type-product","3":"status-publish","4":"has-post-thumbnail","6":"product_cat-fitas-e-lampadas","7":"product_cat-lampadas-de-led","9":"first","10":"instock","11":"shipping-taxable","12":"purchasable","13":"product-type-simple"},"_links":{"self":[{"href":"https:\/\/www.universoeletrico.com.br\/design\/index.php?rest_route=\/wp\/v2\/product\/5018","targetHints":{"allow":["GET"]}}],"collection":[{"href":"https:\/\/www.universoeletrico.com.br\/design\/index.php?rest_route=\/wp\/v2\/product"}],"about":[{"href":"https:\/\/www.universoeletrico.com.br\/design\/index.php?rest_route=\/wp\/v2\/types\/product"}],"wp:featuredmedia":[{"embeddable":true,"href":"https:\/\/www.universoeletrico.com.br\/design\/index.php?rest_route=\/wp\/v2\/media\/5019"}],"wp:attachment":[{"href":"https:\/\/www.universoeletrico.com.br\/design\/index.php?rest_route=%2Fwp%2Fv2%2Fmedia&parent=5018"}],"wp:term":[{"taxonomy":"product_brand","embeddable":true,"href":"https:\/\/www.universoeletrico.com.br\/design\/index.php?rest_route=%2Fwp%2Fv2%2Fproduct_brand&post=5018"},{"taxonomy":"product_cat","embeddable":true,"href":"https:\/\/www.universoeletrico.com.br\/design\/index.php?rest_route=%2Fwp%2Fv2%2Fproduct_cat&post=5018"},{"taxonomy":"product_tag","embeddable":true,"href":"https:\/\/www.universoeletrico.com.br\/design\/index.php?rest_route=%2Fwp%2Fv2%2Fproduct_tag&post=5018"}],"curies":[{"name":"wp","href":"https:\/\/api.w.org\/{rel}","templated":true}]}}