{"id":5014,"date":"2019-03-15T11:01:47","date_gmt":"2019-03-15T14:01:47","guid":{"rendered":"https:\/\/www.universoeletrico.com.br\/design\/?post_type=product&#038;p=5014"},"modified":"2026-01-15T15:47:51","modified_gmt":"2026-01-15T18:47:51","slug":"lampada-led-g9","status":"publish","type":"product","link":"https:\/\/www.universoeletrico.com.br\/design\/?product=lampada-led-g9","title":{"rendered":"L\u00e2mpada Led G9"},"content":{"rendered":"<p><img decoding=\"async\" src=\"https:\/\/www.universoeletrico.com.br\/design\/wp-content\/uploads\/2019\/03\/WhatsApp-Image-2019-11-23-at-08.51.02.jpeg\" alt=\"\" width=\"482\" height=\"39\" class=\"alignleft size-full wp-image-5752\" \/><\/p>\n<p><img decoding=\"async\" src=\"https:\/\/www.universoeletrico.com.br\/design\/wp-content\/uploads\/2019\/03\/WhatsApp-Image-2019-11-23-at-08.50.44-1.jpeg\" alt=\"\" width=\"491\" height=\"75\" class=\"alignleft size-large wp-image-5753\" \/><br \/>\n<img decoding=\"async\" src=\"https:\/\/www.universoeletrico.com.br\/design\/wp-content\/uploads\/2019\/03\/WhatsApp-Image-2019-11-23-at-08.51.36.jpeg\" alt=\"\" width=\"491\" height=\"40\" class=\"alignleft size-full wp-image-5754\" \/><\/p>\n<p>Base: G9.<\/p>\n<p>Temperatura de cor: 2700k (Amarela).<\/p>\n<p>A Led G9 substitui as tradicionais halogenas bipino G9 halopin, ideal para uso em lustres e balizadores destacando a decora\u00e7\u00e3o do ambiente.<br \/>\nPara mais informa\u00e7\u00f5es t\u00e9cnicas e outras pot\u00eancias nos consulte.<\/p>\n","protected":false},"excerpt":{"rendered":"<p>Base: G9. Temperatura de cor: 2700k (Amarela). A Led G9 substitui as tradicionais halogenas bipino G9 halopin, ideal para uso em lustres e balizadores destacando a decora\u00e7\u00e3o do ambiente. Para mais informa\u00e7\u00f5es t\u00e9cnicas e outras pot\u00eancias nos consulte.<\/p>\n","protected":false},"featured_media":5015,"template":"","meta":[],"product_brand":[],"product_cat":[42,45],"product_tag":[],"class_list":{"0":"post-5014","1":"product","2":"type-product","3":"status-publish","4":"has-post-thumbnail","6":"product_cat-fitas-e-lampadas","7":"product_cat-lampadas-de-led","9":"first","10":"instock","11":"shipping-taxable","12":"purchasable","13":"product-type-simple"},"_links":{"self":[{"href":"https:\/\/www.universoeletrico.com.br\/design\/index.php?rest_route=\/wp\/v2\/product\/5014","targetHints":{"allow":["GET"]}}],"collection":[{"href":"https:\/\/www.universoeletrico.com.br\/design\/index.php?rest_route=\/wp\/v2\/product"}],"about":[{"href":"https:\/\/www.universoeletrico.com.br\/design\/index.php?rest_route=\/wp\/v2\/types\/product"}],"wp:featuredmedia":[{"embeddable":true,"href":"https:\/\/www.universoeletrico.com.br\/design\/index.php?rest_route=\/wp\/v2\/media\/5015"}],"wp:attachment":[{"href":"https:\/\/www.universoeletrico.com.br\/design\/index.php?rest_route=%2Fwp%2Fv2%2Fmedia&parent=5014"}],"wp:term":[{"taxonomy":"product_brand","embeddable":true,"href":"https:\/\/www.universoeletrico.com.br\/design\/index.php?rest_route=%2Fwp%2Fv2%2Fproduct_brand&post=5014"},{"taxonomy":"product_cat","embeddable":true,"href":"https:\/\/www.universoeletrico.com.br\/design\/index.php?rest_route=%2Fwp%2Fv2%2Fproduct_cat&post=5014"},{"taxonomy":"product_tag","embeddable":true,"href":"https:\/\/www.universoeletrico.com.br\/design\/index.php?rest_route=%2Fwp%2Fv2%2Fproduct_tag&post=5014"}],"curies":[{"name":"wp","href":"https:\/\/api.w.org\/{rel}","templated":true}]}}