{"id":4998,"date":"2019-03-15T10:43:15","date_gmt":"2019-03-15T13:43:15","guid":{"rendered":"https:\/\/www.universoeletrico.com.br\/design\/?post_type=product&#038;p=4998"},"modified":"2026-01-15T15:47:55","modified_gmt":"2026-01-15T18:47:55","slug":"lampada-led-par-30","status":"publish","type":"product","link":"https:\/\/www.universoeletrico.com.br\/design\/?product=lampada-led-par-30","title":{"rendered":"L\u00e2mpada Led Par-30"},"content":{"rendered":"<p>Base: E-27.<br \/>\n31051 &#8211; LAMPADA LED PAR30 11W BIV. 2700K E27<br \/>\n30338 &#8211; LAMPADA LED PAR30 11W BIV. 6500K E27<\/p>\n<p>*27273 &#8211; LAMPADA LED PAR 30 HCI 31W 15GR 3000K BIV ( ALTA SUBSTITUI A ANTIGA MET\u00c1LICA 70W-) <\/p>\n<p>\u00c9 uma solu\u00e7\u00e3o de alta durabilidade e com diversas op\u00e7\u00f5es de design, op\u00e7\u00f5es para ser usada em \u00e1reas externas e internas e substitui com alta efici\u00eancia as Par-30 halogenas.<br \/>\nPara mais informa\u00e7\u00f5es t\u00e9cnicas e outras pot\u00eancias nos consulte.<\/p>\n","protected":false},"excerpt":{"rendered":"<p>Base: E-27. 31051 &#8211; LAMPADA LED PAR30 11W BIV. 2700K E27 30338 &#8211; LAMPADA LED PAR30 11W BIV. 6500K E27 *27273 &#8211; LAMPADA LED PAR 30 HCI 31W 15GR 3000K BIV ( ALTA SUBSTITUI A ANTIGA MET\u00c1LICA 70W-) \u00c9 uma solu\u00e7\u00e3o de alta durabilidade e com diversas op\u00e7\u00f5es de design, op\u00e7\u00f5es para ser usada em [&hellip;]<\/p>\n","protected":false},"featured_media":4999,"template":"","meta":[],"product_brand":[],"product_cat":[42,45],"product_tag":[],"class_list":{"0":"post-4998","1":"product","2":"type-product","3":"status-publish","4":"has-post-thumbnail","6":"product_cat-fitas-e-lampadas","7":"product_cat-lampadas-de-led","9":"first","10":"instock","11":"shipping-taxable","12":"purchasable","13":"product-type-simple"},"_links":{"self":[{"href":"https:\/\/www.universoeletrico.com.br\/design\/index.php?rest_route=\/wp\/v2\/product\/4998","targetHints":{"allow":["GET"]}}],"collection":[{"href":"https:\/\/www.universoeletrico.com.br\/design\/index.php?rest_route=\/wp\/v2\/product"}],"about":[{"href":"https:\/\/www.universoeletrico.com.br\/design\/index.php?rest_route=\/wp\/v2\/types\/product"}],"wp:featuredmedia":[{"embeddable":true,"href":"https:\/\/www.universoeletrico.com.br\/design\/index.php?rest_route=\/wp\/v2\/media\/4999"}],"wp:attachment":[{"href":"https:\/\/www.universoeletrico.com.br\/design\/index.php?rest_route=%2Fwp%2Fv2%2Fmedia&parent=4998"}],"wp:term":[{"taxonomy":"product_brand","embeddable":true,"href":"https:\/\/www.universoeletrico.com.br\/design\/index.php?rest_route=%2Fwp%2Fv2%2Fproduct_brand&post=4998"},{"taxonomy":"product_cat","embeddable":true,"href":"https:\/\/www.universoeletrico.com.br\/design\/index.php?rest_route=%2Fwp%2Fv2%2Fproduct_cat&post=4998"},{"taxonomy":"product_tag","embeddable":true,"href":"https:\/\/www.universoeletrico.com.br\/design\/index.php?rest_route=%2Fwp%2Fv2%2Fproduct_tag&post=4998"}],"curies":[{"name":"wp","href":"https:\/\/api.w.org\/{rel}","templated":true}]}}