{"id":4979,"date":"2019-03-15T10:22:42","date_gmt":"2019-03-15T13:22:42","guid":{"rendered":"https:\/\/www.universoeletrico.com.br\/design\/?post_type=product&#038;p=4979"},"modified":"2026-02-18T17:09:58","modified_gmt":"2026-02-18T20:09:58","slug":"lampada-filamento-vintage-bulbo","status":"publish","type":"product","link":"https:\/\/www.universoeletrico.com.br\/design\/?product=lampada-filamento-vintage-bulbo","title":{"rendered":"LAMPADA LED FILAM BULBO 4W 2,2K E27 BIV#"},"content":{"rendered":"<p>Proposta que une o cl\u00e1ssico e a tecnologia, com design retr\u00f4, em pe\u00e7as criadas para garantir bem-estar, aconchego e, ao mesmo tempo, efici\u00eancia.<br \/>\nL\u00e2mpada bulbo Filamento Vintage LED 2400K 4W.<\/p>\n<p>Base: E27<br \/>\nTens\u00e3o: AC 100-240V<br \/>\nFator de pot\u00eancia: &gt;0.40<br \/>\nCorrente nominal: 0,026A(127V) \/ 0,018A(220V)<br \/>\nFluxo luminoso: 200lm<br \/>\nEfici\u00eancia luminosa: 100lm\/W<br \/>\n\u00c2ngulo de abertura: 360\u00b0<br \/>\nIRC: &gt;80<br \/>\nVida \u00fatil (L70): 15.000h<br \/>\nTemp. de opera\u00e7\u00e3o: -10\u00b0C ~ 45\u00b0C<\/p>\n<p>&nbsp;<\/p>\n","protected":false},"excerpt":{"rendered":"<p>Proposta que une o cl\u00e1ssico e a tecnologia, com design retr\u00f4, em pe\u00e7as criadas para garantir bem-estar, aconchego e, ao mesmo tempo, efici\u00eancia. L\u00e2mpada bulbo Filamento Vintage LED 2400K 4W. Base: E27 Tens\u00e3o: AC 100-240V Fator de pot\u00eancia: &gt;0.40 Corrente nominal: 0,026A(127V) \/ 0,018A(220V) Fluxo luminoso: 200lm Efici\u00eancia luminosa: 100lm\/W \u00c2ngulo de abertura: 360\u00b0 IRC: [&hellip;]<\/p>\n","protected":false},"featured_media":11740,"template":"","meta":[],"product_brand":[],"product_cat":[42,45],"product_tag":[282,281,283,271],"class_list":{"0":"post-4979","1":"product","2":"type-product","3":"status-publish","4":"has-post-thumbnail","6":"product_cat-fitas-e-lampadas","7":"product_cat-lampadas-de-led","8":"product_tag-bulbo-filamento","9":"product_tag-bulbo-led","10":"product_tag-bulbo-retro","11":"product_tag-vintage","13":"first","14":"instock","15":"shipping-taxable","16":"purchasable","17":"product-type-simple"},"_links":{"self":[{"href":"https:\/\/www.universoeletrico.com.br\/design\/index.php?rest_route=\/wp\/v2\/product\/4979","targetHints":{"allow":["GET"]}}],"collection":[{"href":"https:\/\/www.universoeletrico.com.br\/design\/index.php?rest_route=\/wp\/v2\/product"}],"about":[{"href":"https:\/\/www.universoeletrico.com.br\/design\/index.php?rest_route=\/wp\/v2\/types\/product"}],"wp:featuredmedia":[{"embeddable":true,"href":"https:\/\/www.universoeletrico.com.br\/design\/index.php?rest_route=\/wp\/v2\/media\/11740"}],"wp:attachment":[{"href":"https:\/\/www.universoeletrico.com.br\/design\/index.php?rest_route=%2Fwp%2Fv2%2Fmedia&parent=4979"}],"wp:term":[{"taxonomy":"product_brand","embeddable":true,"href":"https:\/\/www.universoeletrico.com.br\/design\/index.php?rest_route=%2Fwp%2Fv2%2Fproduct_brand&post=4979"},{"taxonomy":"product_cat","embeddable":true,"href":"https:\/\/www.universoeletrico.com.br\/design\/index.php?rest_route=%2Fwp%2Fv2%2Fproduct_cat&post=4979"},{"taxonomy":"product_tag","embeddable":true,"href":"https:\/\/www.universoeletrico.com.br\/design\/index.php?rest_route=%2Fwp%2Fv2%2Fproduct_tag&post=4979"}],"curies":[{"name":"wp","href":"https:\/\/api.w.org\/{rel}","templated":true}]}}